{"id":22,"date":"2021-09-13T17:45:59","date_gmt":"2021-09-13T17:45:59","guid":{"rendered":"https:\/\/marketplace.epassi.fi\/8viikkoa\/?page_id=22"},"modified":"2021-10-12T10:57:35","modified_gmt":"2021-10-12T10:57:35","slug":"info","status":"publish","type":"page","link":"https:\/\/marketplace.epassi.fi\/8viikkoa\/info\/","title":{"rendered":"Info"},"content":{"rendered":"\n\t<div class=\"entry-content single-content\">\n\n\t\t<div class=\"wp-block-columns\" style=\"gap:30px\">\n\t\t\t<div class=\"wp-block-column\">\n\t\t\t\t<h2>Meid\u00e4n tarina<\/h2>\n\t\t\t\t<p><p>Olemme hyvinvoinnin ammattilaista jotka kyll\u00e4styiv\u00e4t siihen, ett\u00e4 painonpudotuksesta tehd\u00e4\u00e4n liian vaikeaa.<\/p>\n<p>Siksi haluamme t\u00e4\u00e4ll\u00e4 8viikossa keskitty\u00e4 painonpudotuksen kannalta t\u00e4rkeimp\u00e4\u00e4n ja eniten tuloksia tuovaan asiaan: ruokaan.<\/p>\n<p>Sinua ei panna kuntosalille tai lenkkipolulle, vaan liikunnan sijaan alat sy\u00f6m\u00e4\u00e4n oikein ja annat kehosi tehd\u00e4 ty\u00f6n puolestasi ja tuloksia kyll\u00e4 tulee.<\/p>\n<p>Siit\u00e4 meill\u00e4 on kokemusta jo yli 70 000 asiakkaan verran.<\/p>\n<p>Jos kaipaat apua ja tukea painonpudotukseen niin toivotan sinut tervetulleeksi, olet oikeassa paikassa!<\/p>\n<\/p>\n\t\t\t\t<h3>8viikkoa<\/h3>\n\t\t\t\t<p><br>\n\t\t\t\t\t <\/p>\n\t\t\t\t<p><a href=\"tel:050 543 8934\">050 543 8934<\/a><\/p>\n\t\t\t\t<p><a href=\"mailto:info@8viikkoa.fi\">info@8viikkoa.fi<\/a><\/p>\n\n\t\t\t\t\t\t\t<\/div>\n\n\t\t\t<div class=\"wp-block-column\">\n\t\t\t\t<figure class=\"wp-block-image size-large\"><img loading=\"lazy\" decoding=\"async\" width=\"768\" height=\"512\" src=\"https:\/\/marketplace.epassi.fi\/8viikkoa\/wp-content\/uploads\/sites\/250\/2022\/12\/URV-9-3-768x512.jpg\" class=\"attachment-medium_large size-medium_large\" alt=\"\" \/><\/figure>\n\t\t\t<\/div>\n\t\t<\/div>\n\t<\/div>\n\t\n","protected":false},"excerpt":{"rendered":"","protected":false},"author":2,"featured_media":0,"parent":0,"menu_order":0,"comment_status":"closed","ping_status":"closed","template":"","meta":{"_acf_changed":false,"_kad_post_transparent":"","_kad_post_title":"","_kad_post_layout":"","_kad_post_sidebar_id":"","_kad_post_content_style":"","_kad_post_vertical_padding":"","_kad_post_feature":"","_kad_post_feature_position":"","_kad_post_header":false,"_kad_post_footer":false,"_kad_post_classname":"","footnotes":""},"class_list":["post-22","page","type-page","status-publish","hentry"],"acf":[],"_links":{"self":[{"href":"https:\/\/marketplace.epassi.fi\/8viikkoa\/wp-json\/wp\/v2\/pages\/22","targetHints":{"allow":["GET"]}}],"collection":[{"href":"https:\/\/marketplace.epassi.fi\/8viikkoa\/wp-json\/wp\/v2\/pages"}],"about":[{"href":"https:\/\/marketplace.epassi.fi\/8viikkoa\/wp-json\/wp\/v2\/types\/page"}],"author":[{"embeddable":true,"href":"https:\/\/marketplace.epassi.fi\/8viikkoa\/wp-json\/wp\/v2\/users\/2"}],"replies":[{"embeddable":true,"href":"https:\/\/marketplace.epassi.fi\/8viikkoa\/wp-json\/wp\/v2\/comments?post=22"}],"version-history":[{"count":10,"href":"https:\/\/marketplace.epassi.fi\/8viikkoa\/wp-json\/wp\/v2\/pages\/22\/revisions"}],"predecessor-version":[{"id":264,"href":"https:\/\/marketplace.epassi.fi\/8viikkoa\/wp-json\/wp\/v2\/pages\/22\/revisions\/264"}],"wp:attachment":[{"href":"https:\/\/marketplace.epassi.fi\/8viikkoa\/wp-json\/wp\/v2\/media?parent=22"}],"curies":[{"name":"wp","href":"https:\/\/api.w.org\/{rel}","templated":true}]}}