{"id":379,"date":"2022-12-29T18:15:41","date_gmt":"2022-12-29T16:15:41","guid":{"rendered":"https:\/\/marketplace.epassi.fi\/8viikkoa\/?post_type=product&#038;p=379"},"modified":"2026-03-31T10:00:48","modified_gmt":"2026-03-31T07:00:48","slug":"8-viikon-startti-painonpudotusruokavalio","status":"publish","type":"product","link":"https:\/\/marketplace.epassi.fi\/8viikkoa\/kauppa\/hyvinvointi\/8-viikon-startti-painonpudotusruokavalio\/","title":{"rendered":"8 viikon Startti 2.0 &#8211; Laihdutusruokavalio"},"content":{"rendered":"<h2>Tuntuuko, ett\u00e4 paino nousee hallitsemattomasti tai jumittaa paikoillaan laihdutusyrityksist\u00e4 huolimatta?<\/h2>\n<p>Moni ajattelee, ett\u00e4 paino nousee ja siit\u00e4 on vaikea p\u00e4\u00e4st\u00e4 eroon, koska ei ole tarpeeksi itsekuria, ei sy\u00f6 \u201cterveellisesti\u201d ja ei jaksa liikkua tarpeeksi.<\/p>\n<p>Mit\u00e4, jos sanoisin, ett\u00e4 oikeasti se johtuu siit\u00e4, ett\u00e4 kehosi ja mielesi ei toimi niin kuin luontaisesti hoikilla ihmisill\u00e4\u2026 ja se ei liity mitenk\u00e4\u00e4n geeneihin.<\/p>\n<p>Monilla suomalaisilla liikakilojen kertyminen ja laihduttamisen vaikeus johtuu n\u00e4ist\u00e4 asioista:<\/p>\n<p><strong>\u274c Hormonitoiminta on sekaisin:<\/strong><\/p>\n<p>Se aiheuttaa rasvan varastoitumista, ylikorostunutta ruokahalua ja rasvan kertymist\u00e4 erityisesti vatsan alueelle.<\/p>\n<p><strong>\u274c Suoliston bakteerikanta on ep\u00e4tasapainossa:<\/strong><\/p>\n<p>Se aiheuttaa heikosti toimivaa ruoansulatusta, rasva-aineenvaihduntaa ja huonosti toimivaa kyky\u00e4 s\u00e4\u00e4dell\u00e4 n\u00e4lk\u00e4\u00e4 ja kyll\u00e4isyytt\u00e4.<\/p>\n<p><strong>\u274c Ruokavalio aiheuttaa proteiinivajetta<\/strong>:<\/p>\n<p>Moni luulee saavansa jopa liikaa proteiinia, mutta suurin osa suomalaisista saa sit\u00e4 liian v\u00e4h\u00e4n. Se aiheuttaa kehossa signaalin korvata proteiini sokerilla\u2026 ja siksi moni tuntee varsinkin iltaisin isoa makeanhimoa.<\/p>\n<p>Jos n\u00e4m\u00e4 kolme asiaa eiv\u00e4t ole kunnossa, on todenn\u00e4k\u00f6ist\u00e4 ett\u00e4 paino nousee ja onnistuminen laihduttamisessa on vaikeaa.<\/p>\n<p>Hyv\u00e4 uutinen on se, ett\u00e4 asian voi korjata 8 viikossa ja useimmilla elimist\u00f6 saavuttaa tasapainon jo aikaisemmin\u2026<\/p>\n<p>Etk\u00e4 tarvitse siihen \u00e4\u00e4rimm\u00e4ist\u00e4 erikoisruokavaliota, ravintolisi\u00e4 tai l\u00e4\u00e4kkeit\u00e4<\/p>\n<h2>Pys\u00e4yt\u00e4 hallitsematon painonnousu ja p\u00e4\u00e4se eroon itsep\u00e4isist\u00e4 liikakiloista&#8230; ilman l\u00e4\u00e4kkeit\u00e4 tai r\u00e4\u00e4kki\u00e4<\/h2>\n<p>Elimist\u00f6n voi saada tasapainoon ja polttamaan tehokkaasti rasvaa 8 viikon aikana korjaamalla n\u00e4m\u00e4 3 + 2 asiaa ruokavalioon:<\/p>\n<p><strong>\u2705 Korjataan 1: Hormonitoiminta tasapainoon<\/strong><\/p>\n<p>Varmistetaan oikea suojaravinteiden ja hiilihydraattien m\u00e4\u00e4r\u00e4, mik\u00e4 tasapainottaa hormonitoimintaa.<\/p>\n<p><strong>\u2705 Korjataan 2: Suoliston bakteerikanta tasapainoon<\/strong><\/p>\n<p>Varmistetaan oikea kuidun, prebioottien ja probioottien m\u00e4\u00e4r\u00e4, mik\u00e4 tasapainottaa suoliston bakteerikantaa.<\/p>\n<p><strong>\u2705 Korjataan 3: Proteiinin m\u00e4\u00e4r\u00e4 tasapainoon<\/strong><\/p>\n<p>Varmistetaan oikea proteiinin m\u00e4\u00e4r\u00e4, mik\u00e4 tasapainottaa aineenvaihdunnan toimintaa.<\/p>\n<p><strong>\u27a1\ufe0f Lis\u00e4t\u00e4\u00e4n 4: Laihtumiselle optimaalinen ateriarytmi<\/strong><\/p>\n<p>-&gt; Mik\u00e4 auttaa korjaamaan kehon tasaisen energiank\u00e4yt\u00f6n<br \/>\n-&gt; Tasapainottaa n\u00e4lk\u00e4\u00e4 ja kyll\u00e4isyytt\u00e4 s\u00e4\u00e4telev\u00e4t hormonit<br \/>\n-&gt; Yll\u00e4pit\u00e4\u00e4 rasva-aineenvaihdunnan kannalta t\u00e4rke\u00e4\u00e4 suoliston bakteerikantaa<br \/>\n-&gt; Pit\u00e4\u00e4 aineenvaihdunnan k\u00e4ynniss\u00e4, mik\u00e4 auttaa polttamaan rasvaa tasaisesti<\/p>\n<p><strong>\u27a1\ufe0f Lis\u00e4t\u00e4\u00e4n 5: Rasvanpoltto-energiakaava<\/strong><\/p>\n<p>-&gt; Poistaa kertynytt\u00e4 ylim\u00e4\u00e4r\u00e4ist\u00e4 nestepainoa jopa 5kg+ ensimm\u00e4isen viikon aikana<br \/>\n-&gt; polttaa rasvaa jopa 1kg+ per viikko<br \/>\n-&gt; Poistaa ylim\u00e4\u00e4r\u00e4ist\u00e4 nestett\u00e4 kehosta jopa 1kg+ per viikko<br \/>\n-&gt; Kiinteytt\u00e4\u00e4 kehoa joka puolelta<br \/>\n-&gt; Tuo energisen ja tasapainoisen olon<\/p>\n<p><strong>Jos olet valmis pys\u00e4ytt\u00e4m\u00e4\u00e4n hallitsemattoman painonnousun ja p\u00e4\u00e4st\u00e4m\u00e4\u00e4n irti itsep\u00e4isist\u00e4 liikakilosta, aloita Startti 2.0-laihdutusruokavalio!<\/strong><\/p>\n<h2>Lue miten yli 77 483 suomalaista on laihtunut nopeammin kuin he olisivat uskoneet mahdolliseksi<\/h2>\n<p>\u2b50\ufe0f\u2b50\ufe0f\u2b50\ufe0f\u2b50\ufe0f\u2b50\ufe0f<br \/>\nRitu, K, Vahvistettu ostaja<\/p>\n<p>&#8221;Startti korjasi minut&#8221;<\/p>\n<p>&#8221;Olen yritt\u00e4nyt laihduttaa useita kertoja ja ajattelin aina, ett\u00e4 minulla ei ole itsekuria jaksaa mit\u00e4\u00e4n dieetti\u00e4 tai treeni\u00e4 ikin\u00e4 loppuun.<\/p>\n<p>Nyt luulen, ett\u00e4 keho oli vain sekaisin ja se piti korjata, ei pist\u00e4\u00e4 dieetille.<\/p>\n<p>Starttia seuraamalla homma l\u00e4hti toimimaan heti\u2026 ja lopussa vaaka ilmoitti -7,3kg! JIPPII! Eik\u00e4 tarvinnut k\u00e4rsi\u00e4 tai k\u00e4rvistell\u00e4 hetke\u00e4k\u00e4\u00e4n.&#8221;<\/p>\n<p>\u2b50\ufe0f\u2b50\ufe0f\u2b50\ufe0f\u2b50\ufe0f\u2b50\ufe0f<br \/>\nRoope S., Vahvistettu ostaja<\/p>\n<p>&#8221;30v tuli mittariin ja paino nousi&#8221;<\/p>\n<p>&#8221;Minulle k\u00e4vi se klassinen eli 30 tuli mittariin ja painoa ja vatsaa alkoi kertym\u00e4\u00e4n vuosi vuodelta. Ei mit\u00e4\u00e4n j\u00e4rkytt\u00e4v\u00e4\u00e4 m\u00e4\u00e4r\u00e4\u00e4, mutta tasaisesti 1-3 kiloa vuodessa.<\/p>\n<p>Nyt 40v tullessa sit\u00e4 oli turhan paljon. L\u00e4hdin mainoksen per\u00e4ss\u00e4 Starttiin ja en pettynyt. Ei ihan 10 vuoden kiloja l\u00e4htenyt, mutta ainakin 6 vuoden edest\u00e4.<\/p>\n<p>Viimeinen punnitus oli -9,1kg. T\u00e4st\u00e4 on hyv\u00e4 jatkaa.&#8221;<\/p>\n<h2>Mik\u00e4 UUSI Startti 2.0-laihdutusruokavalio on<\/h2>\n<p>Startti 1.0 julkaistiin vuonna 2018 ja olemme parantaneet sit\u00e4 joka vuosi \u2013 yli 77 483 asiakkaalta saatujen palautteiden perusteella.<\/p>\n<p>Nyt saat k\u00e4ytt\u00f6\u00f6si nopeimman, laiskimman ja tehokkaimman version Startista, jonka olemme koskaan luoneet: Startti 2.0.<\/p>\n<p>Se perustuu tuoreimpaan tutkimustietoon aineenvaihdunnan toiminnasta, hormonitoiminnasta, suolistobakteereista ja painonpudotuksesta.<\/p>\n<p>N\u00e4m\u00e4 asiat on yhdistetty Startti 2.0-laihdutusruokavalioon, mik\u00e4 tekee siit\u00e4 niin tehokkaan avun itsep\u00e4isi\u00e4 kiloja vastaan.<\/p>\n<p>Startti 2.0 on antaa sinulle sen, mik\u00e4 luontaisesti hoikilla ihmisill\u00e4 on jo:<\/p>\n<p>\u2705 Tasapainossa olevan elimist\u00f6n ja kehon, joka polttaa rasvaa kunnes olet ihannepainossa\u2026 ja pit\u00e4\u00e4 sinut siell\u00e4.<\/p>\n<h2>Kenelle Startti 2.0 laihdutusruokavalio sopii<\/h2>\n<p>\u2705Painoa on enemm\u00e4n kuin haluaisit &#8211; ja paino tuntuu nousevan jatkuvasti<br \/>\n\u2705Vy\u00f6t\u00e4r\u00f6 on kasvanut merkitt\u00e4v\u00e4sti ja vatsan koko aiheuttaa ik\u00e4vi\u00e4 tunteita<br \/>\n\u2705V\u00e4lttelet l\u00e4\u00e4k\u00e4riin menemist\u00e4, tai l\u00e4\u00e4k\u00e4ri on jo huomauttanut korkeasta verenpaineesta tai kolesterolista<br \/>\n\u2705Olet yritt\u00e4nyt laihduttaa, mutta se ei ole onnistunut syyst\u00e4 tai toisesta<br \/>\n\u2705Herkkuhimo vaivaa usein ja varsinkin iltaisin on kova himo sy\u00f6d\u00e4 herkkuja<br \/>\n\u2705Tuntuu, ett\u00e4 on vaikea pit\u00e4\u00e4 kiinni s\u00e4\u00e4nn\u00f6llisist\u00e4 ruoka-ajoista ja sy\u00f6d\u00e4 s\u00e4\u00e4nn\u00f6llisesti p\u00e4iv\u00e4n mittaan<br \/>\n\u2705Jossain vaiheessa p\u00e4iv\u00e4\u00e4 iskee tarve napostella ja usein siin\u00e4 tilanteessa tulee sy\u00f6ty\u00e4 enemm\u00e4n kuin oli tarkoitus<br \/>\n\u2705Et halua tuntea en\u00e4\u00e4 turhautumista, ep\u00e4varmuutta ja itseinhoa, kun et onnistu omin avuin pudottamaan painoa<br \/>\n\u2705Ei ole aikaa selvitt\u00e4\u00e4 itse vaihtoehtoja, laskea kaloreita tai opiskella painonpudotuksesta&#8230; haluat ratkaisun nopeasti ja valmiiksi toteuttavassa muodossa<\/p>\n<p>Jos yksi tai useampi n\u00e4ist\u00e4 asioista kuulostaa sinulta, aloita Startti 2.0-laihdutusruokavalio!<\/p>\n<h2>Mit\u00e4 Startti 2.0 sis\u00e4lt\u00e4\u00e4:<\/h2>\n<h3>8 viikon Startti 2.0 &#8211; laihdutusruokavalio<\/h3>\n<p>Startti 2.0 on helpoin ja vaivattomin ruokavalio, jota olet koskaan kokeillut.<\/p>\n<p>Saat 4x4x4-ruokamalliin perustuvan \u201clukuj\u00e4rjestyksen\u201d, jonka perusteella tied\u00e4t tarkasti mit\u00e4 ja milloin tarvitsee tehd\u00e4.<\/p>\n<p>8 viikon aikana sy\u00f6d\u00e4\u00e4n 4 kertaa p\u00e4iv\u00e4ss\u00e4 ja jokainen ateria ja juoma on valmiiksi mietitty.<\/p>\n<p>Kaikki Startti 2.0-ateriat on helppoa valmistaa, vaikka ruoanlaitto ei olisi lempipuuhaa. Keitti\u00f6ss\u00e4 aikaa kuluu 10-20 minuuttia p\u00e4iv\u00e4ss\u00e4.<\/p>\n<p>\u2705 Laihtuminen tapahtuu valinnoilla ruokakaupassa ja keitti\u00f6ss\u00e4<br \/>\n\u2705 Laihtuminen ei tarkoita, etteik\u00f6 voisi koskaan nauttia el\u00e4m\u00e4st\u00e4<br \/>\n\u274c Et tarvitse l\u00e4\u00e4kkeit\u00e4, kuureja tai r\u00e4\u00e4kki\u00e4<br \/>\n\u274c Ei mit\u00e4\u00e4n ylim\u00e4\u00e4r\u00e4ist\u00e4 \u2013 videoita, ohjeita tai muuta ajanhukkaa<\/p>\n<p>Startti 2.0 on helpompi ja vaivattomampi kuin koskaan ennen.<\/p>\n<h3>Startti 2.0 &#8211; ateriat<\/h3>\n<p>Startti 2.0 ateriat ovat suunniteltu 4x4x4 -ruokamallin ja rasvanpoltto-energiakaavan mukaisesti.<\/p>\n<p>Ateriat ovat silti tuttuja kotiruokia, joita jokainen meist\u00e4 on sy\u00f6nyt.<\/p>\n<p>\u2705 Tutut arkiruoat (makaronilaatikko, lohikeitto ja lihamureke jne), mutta Startti 2.0 versioina<br \/>\n\u2705 Helppoja ja nopeita valmistaa, vaikka ei olisi mestarikokki<br \/>\n\u2705 Ateriat voi valmistaa 2 kertaa viikossa<br \/>\n\u2705 Kaupassa k\u00e4ynti onnistuu kerran viikossa<br \/>\n\u2705 Valmiit ostoslistat ja tarkat ohjeet<br \/>\n\u274c Ei mauttomia dieettiruokia<\/p>\n<p>\u201cTuntuu kuin s\u00f6isin edelleen samoja tuttuja ruokia, mutta paino putoaa n\u00e4ill\u00e4\u201c<\/p>\n<p>\u201cRuoanlaittoon ja kaupassa k\u00e4yntiin menee nykyisin v\u00e4hemm\u00e4n aikaa kuin ennen\u201c<\/p>\n<p>\u201cEniten Startissa j\u00e4nnitti ruoanlaitto, mutta t\u00e4ll\u00e4inen uusavuton kokki p\u00e4rj\u00e4si hyvin\u201c<\/p>\n<h3>K\u00e4ytt\u00f6oikeus 10 viikoksi<\/h3>\n<p>Startin ohjeet toimitetaan sinulle s\u00e4hk\u00f6postin v\u00e4lityksell\u00e4 sek\u00e4 yksityisen sivun kautta, jonne saat tunnukset tilauksen yhteydess\u00e4.<\/p>\n<p>Ohjeet ovat k\u00e4yt\u00f6ss\u00e4si 10 viikkoa Startin alkamisen j\u00e4lkeen.<\/p>\n<h3>Ravintovalmentajan ja 8viikon tiimin apu s\u00e4hk\u00f6postitse<\/h3>\n<p>Saat ravintovalmentaja Teemun, kokki Mirkkan ja muun tiimin avun yksityisen s\u00e4hk\u00f6postin kautta koko Startin ajan. Autamme sinua yksityisesti kaikissa painonpudotukseen liittyviss\u00e4 asioissa.<\/p>\n<h3>Uusi ryhm\u00e4 aloittaa matkansa maanantaina 6.4.2026<\/h3>\n<p>Ilmoittaudu nyt ennakkoon tarjoushintaan!<\/p>\n","protected":false},"excerpt":{"rendered":"<p>\u2705 Korjaa 3 painonpudotuksen est\u00e4v\u00e4\u00e4 ongelmakohtaa: Voit vihdoin alkaa laihtua, vaikka mik\u00e4\u00e4n aiempi kokeilu ei olisi toiminut.<\/p>\n<p>\u2705 Hy\u00f6dynn\u00e4 laihdutuksen tiedett\u00e4: 4x4x4-ruokamalli, jonka on tieteellisesti todistettu auttavan rasvanpoltossa, vatsan ymp\u00e4rysmitan pienent\u00e4misess\u00e4 ja BMI:n alentamisessa.<\/p>\n<p>\u2705 K\u00e4yt\u00e4 rasvanpoltto-energiakaavaa: Kiihdytt\u00e4\u00e4 aineenvaihduntaasi, poistaa itsep\u00e4isen painon ja v\u00e4hent\u00e4\u00e4 mielitekoja ja ruokahalua.<\/p>\n<p>\u2705 Ei en\u00e4\u00e4 tarvetta \u00e4\u00e4rimm\u00e4isille dieeteille, treeneille tai laihdutusl\u00e4\u00e4kkeille: Kokeile testattua mallia, jonka on luonut palkittu ravitsemusvalmentaja.<\/p>\n<p>\u2705 Riskit\u00f6n ostos 8 viikon rahat takaisin -takuun ansiosta<\/p>\n<p>ALOITA NOPEIN JA MUKAVIN 8 VIIKON PAINONPUDOTUSMATKA!<\/p>\n","protected":false},"featured_media":1151,"comment_status":"open","ping_status":"closed","template":"","meta":{"_acf_changed":false,"_kad_post_transparent":"default","_kad_post_title":"","_kad_post_layout":"default","_kad_post_sidebar_id":"","_kad_post_content_style":"default","_kad_post_vertical_padding":"default","_kad_post_feature":"","_kad_post_feature_position":"","_kad_post_header":false,"_kad_post_footer":false,"_kad_post_classname":""},"product_brand":[],"product_cat":[21],"product_tag":[],"class_list":{"0":"post-379","1":"product","2":"type-product","3":"status-publish","4":"has-post-thumbnail","6":"product_cat-hyvinvointi","8":"first","9":"instock","10":"sale","11":"virtual","12":"taxable","13":"purchasable","14":"product-type-simple","15":"entry","16":"content-bg","17":"loop-entry"},"acf":[],"_links":{"self":[{"href":"https:\/\/marketplace.epassi.fi\/8viikkoa\/wp-json\/wp\/v2\/product\/379","targetHints":{"allow":["GET"]}}],"collection":[{"href":"https:\/\/marketplace.epassi.fi\/8viikkoa\/wp-json\/wp\/v2\/product"}],"about":[{"href":"https:\/\/marketplace.epassi.fi\/8viikkoa\/wp-json\/wp\/v2\/types\/product"}],"replies":[{"embeddable":true,"href":"https:\/\/marketplace.epassi.fi\/8viikkoa\/wp-json\/wp\/v2\/comments?post=379"}],"wp:featuredmedia":[{"embeddable":true,"href":"https:\/\/marketplace.epassi.fi\/8viikkoa\/wp-json\/wp\/v2\/media\/1151"}],"wp:attachment":[{"href":"https:\/\/marketplace.epassi.fi\/8viikkoa\/wp-json\/wp\/v2\/media?parent=379"}],"wp:term":[{"taxonomy":"product_brand","embeddable":true,"href":"https:\/\/marketplace.epassi.fi\/8viikkoa\/wp-json\/wp\/v2\/product_brand?post=379"},{"taxonomy":"product_cat","embeddable":true,"href":"https:\/\/marketplace.epassi.fi\/8viikkoa\/wp-json\/wp\/v2\/product_cat?post=379"},{"taxonomy":"product_tag","embeddable":true,"href":"https:\/\/marketplace.epassi.fi\/8viikkoa\/wp-json\/wp\/v2\/product_tag?post=379"}],"curies":[{"name":"wp","href":"https:\/\/api.w.org\/{rel}","templated":true}]}}