{"id":273,"date":"2021-10-16T11:12:03","date_gmt":"2021-10-16T08:12:03","guid":{"rendered":"https:\/\/marketplace.epassi.fi\/aml-gym\/?post_type=product&#038;p=273"},"modified":"2026-01-01T05:01:50","modified_gmt":"2026-01-01T03:01:50","slug":"jatkuva-jasenyys","status":"publish","type":"product","link":"https:\/\/marketplace.epassi.fi\/aml-gym\/kauppa\/liikuntaedut\/kuntosali\/jatkuva-jasenyys\/","title":{"rendered":"Jatkuva j\u00e4senyys"},"content":{"rendered":"<p>J\u00e4senyys ladataan olemassaolevalle kulkukortille.<\/p>\n<p>Kortti on voimassa aina, maksat t\u00e4ss\u00e4 ensin 35euroa (ensimm\u00e4inen kuukausi) jonka j\u00e4lkeen saat eLaskuna tai s\u00e4hk\u00f6postilaskuna automaattisesti (35e) laskun kuukauden v\u00e4lein.<\/p>\n<p>J\u00e4senyyslaskuja voi maksaa my\u00f6e ePassilla.<\/p>\n<p>Ehdottomasti halvin ratkaisu kuntosalikortista, jos k\u00e4yt salilla 2 kertaa tai enemm\u00e4n viikon aikana.<\/p>\n<p>J\u00e4senyys on voimassa toistaiseksi.<\/p>\n","protected":false},"excerpt":{"rendered":"<p>J\u00e4senyys ladataan olemassaolevalle kulkukortille. Kortti on voimassa aina, maksat t\u00e4ss\u00e4 ensin 35euroa (ensimm\u00e4inen kuukausi) jonka j\u00e4lkeen saat eLaskuna tai s\u00e4hk\u00f6postilaskuna automaattisesti (35e) laskun kuukauden v\u00e4lein. J\u00e4senyyslaskuja voi maksaa my\u00f6e ePassilla. Ehdottomasti halvin ratkaisu kuntosalikortista, jos k\u00e4yt salilla 2 kertaa tai enemm\u00e4n viikon aikana. J\u00e4senyys on voimassa toistaiseksi.<\/p>\n","protected":false},"featured_media":323,"comment_status":"closed","ping_status":"closed","template":"","meta":{"_acf_changed":false,"_kad_post_transparent":"default","_kad_post_title":"","_kad_post_layout":"default","_kad_post_sidebar_id":"","_kad_post_content_style":"default","_kad_post_vertical_padding":"default","_kad_post_feature":"","_kad_post_feature_position":"","_kad_post_header":false,"_kad_post_footer":false,"_kad_post_classname":""},"product_brand":[],"product_cat":[23,19],"product_tag":[],"class_list":{"0":"post-273","1":"product","2":"type-product","3":"status-publish","4":"has-post-thumbnail","6":"product_cat-kuntosali","7":"product_cat-liikuntaedut","9":"first","10":"instock","11":"virtual","12":"taxable","13":"purchasable","14":"product-type-simple","15":"entry","16":"content-bg","17":"loop-entry"},"acf":[],"_links":{"self":[{"href":"https:\/\/marketplace.epassi.fi\/aml-gym\/wp-json\/wp\/v2\/product\/273","targetHints":{"allow":["GET"]}}],"collection":[{"href":"https:\/\/marketplace.epassi.fi\/aml-gym\/wp-json\/wp\/v2\/product"}],"about":[{"href":"https:\/\/marketplace.epassi.fi\/aml-gym\/wp-json\/wp\/v2\/types\/product"}],"replies":[{"embeddable":true,"href":"https:\/\/marketplace.epassi.fi\/aml-gym\/wp-json\/wp\/v2\/comments?post=273"}],"wp:featuredmedia":[{"embeddable":true,"href":"https:\/\/marketplace.epassi.fi\/aml-gym\/wp-json\/wp\/v2\/media\/323"}],"wp:attachment":[{"href":"https:\/\/marketplace.epassi.fi\/aml-gym\/wp-json\/wp\/v2\/media?parent=273"}],"wp:term":[{"taxonomy":"product_brand","embeddable":true,"href":"https:\/\/marketplace.epassi.fi\/aml-gym\/wp-json\/wp\/v2\/product_brand?post=273"},{"taxonomy":"product_cat","embeddable":true,"href":"https:\/\/marketplace.epassi.fi\/aml-gym\/wp-json\/wp\/v2\/product_cat?post=273"},{"taxonomy":"product_tag","embeddable":true,"href":"https:\/\/marketplace.epassi.fi\/aml-gym\/wp-json\/wp\/v2\/product_tag?post=273"}],"curies":[{"name":"wp","href":"https:\/\/api.w.org\/{rel}","templated":true}]}}