{"id":274,"date":"2021-10-16T11:14:50","date_gmt":"2021-10-16T08:14:50","guid":{"rendered":"https:\/\/marketplace.epassi.fi\/aml-gym\/?post_type=product&#038;p=274"},"modified":"2026-01-01T05:01:50","modified_gmt":"2026-01-01T03:01:50","slug":"3kk-salikortti","status":"publish","type":"product","link":"https:\/\/marketplace.epassi.fi\/aml-gym\/kauppa\/liikuntaedut\/kuntosali\/3kk-salikortti\/","title":{"rendered":"Loppuvuoden tarjous\/varasl\u00e4ht\u00f6 alkuvuoteen!"},"content":{"rendered":"<p>Salikortti, salikortille 20 k\u00e4ynti\u00e4 ja treeniohjelma.<\/p>\n<p>Tee osto t\u00e4st\u00e4 ja Aleksi ottaa sinuun sen j\u00e4lkeen yhteytt\u00e4.<\/p>\n","protected":false},"excerpt":{"rendered":"<p>Salikortti, salikortille 20 k\u00e4ynti\u00e4 ja treeniohjelma. Tee osto t\u00e4st\u00e4 ja Aleksi ottaa sinuun sen j\u00e4lkeen yhteytt\u00e4.<\/p>\n","protected":false},"featured_media":320,"comment_status":"closed","ping_status":"closed","template":"","meta":{"_acf_changed":false,"_kad_post_transparent":"default","_kad_post_title":"","_kad_post_layout":"default","_kad_post_sidebar_id":"","_kad_post_content_style":"default","_kad_post_vertical_padding":"default","_kad_post_feature":"","_kad_post_feature_position":"","_kad_post_header":false,"_kad_post_footer":false,"_kad_post_classname":""},"product_brand":[],"product_cat":[23,19],"product_tag":[],"class_list":{"0":"post-274","1":"product","2":"type-product","3":"status-publish","4":"has-post-thumbnail","6":"product_cat-kuntosali","7":"product_cat-liikuntaedut","9":"first","10":"instock","11":"virtual","12":"taxable","13":"purchasable","14":"product-type-simple","15":"entry","16":"content-bg","17":"loop-entry"},"acf":[],"_links":{"self":[{"href":"https:\/\/marketplace.epassi.fi\/aml-gym\/wp-json\/wp\/v2\/product\/274","targetHints":{"allow":["GET"]}}],"collection":[{"href":"https:\/\/marketplace.epassi.fi\/aml-gym\/wp-json\/wp\/v2\/product"}],"about":[{"href":"https:\/\/marketplace.epassi.fi\/aml-gym\/wp-json\/wp\/v2\/types\/product"}],"replies":[{"embeddable":true,"href":"https:\/\/marketplace.epassi.fi\/aml-gym\/wp-json\/wp\/v2\/comments?post=274"}],"wp:featuredmedia":[{"embeddable":true,"href":"https:\/\/marketplace.epassi.fi\/aml-gym\/wp-json\/wp\/v2\/media\/320"}],"wp:attachment":[{"href":"https:\/\/marketplace.epassi.fi\/aml-gym\/wp-json\/wp\/v2\/media?parent=274"}],"wp:term":[{"taxonomy":"product_brand","embeddable":true,"href":"https:\/\/marketplace.epassi.fi\/aml-gym\/wp-json\/wp\/v2\/product_brand?post=274"},{"taxonomy":"product_cat","embeddable":true,"href":"https:\/\/marketplace.epassi.fi\/aml-gym\/wp-json\/wp\/v2\/product_cat?post=274"},{"taxonomy":"product_tag","embeddable":true,"href":"https:\/\/marketplace.epassi.fi\/aml-gym\/wp-json\/wp\/v2\/product_tag?post=274"}],"curies":[{"name":"wp","href":"https:\/\/api.w.org\/{rel}","templated":true}]}}