{"id":282,"date":"2021-12-02T19:13:53","date_gmt":"2021-12-02T17:13:53","guid":{"rendered":"https:\/\/marketplace.epassi.fi\/aml-gym\/?post_type=product&#038;p=282"},"modified":"2024-09-01T00:04:29","modified_gmt":"2024-08-31T21:04:29","slug":"treeniohjelma","status":"publish","type":"product","link":"https:\/\/marketplace.epassi.fi\/aml-gym\/kauppa\/liikuntaedut\/liikunta-muut\/treeniohjelma\/","title":{"rendered":"Treeniohjelma"},"content":{"rendered":"<p>Tilaa t\u00e4st\u00e4 henkil\u00f6kohtainen Treeniohjelma<\/p>\n<p>Valmentaja Aleksi Laajoki ottaa sinuun yhteytt\u00e4 taustatietoja varten ja muodostaa niiden pohjalta juuri sinulle sopivan treeniohjelman.<\/p>\n<p>Treeniohjelma on suunniteltu sopimaan juuri sinun arkeesi ja tukemaan juuri sinun tavoitteitasi.<\/p>\n<p>1 &#8211; Jakoinen 49\u20ac<\/p>\n<p>2 &#8211; Jakoinen 69\u20ac<\/p>\n<p>3 &#8211; Jakoinen 79\u20ac<\/p>\n<p>4 &#8211; Jakoinen 89\u20ac<\/p>\n<p>5 &#8211; Jakoinen 99\u20ac<\/p>\n","protected":false},"excerpt":{"rendered":"<p>Tilaa t\u00e4st\u00e4 henkil\u00f6kohtainen Treeniohjelma Valmentaja Aleksi Laajoki ottaa sinuun yhteytt\u00e4 taustatietoja varten ja muodostaa niiden pohjalta juuri sinulle sopivan treeniohjelman. Treeniohjelma on suunniteltu sopimaan juuri sinun arkeesi ja tukemaan juuri sinun tavoitteitasi. 1 &#8211; Jakoinen 49\u20ac 2 &#8211; Jakoinen 69\u20ac 3 &#8211; Jakoinen 79\u20ac 4 &#8211; Jakoinen 89\u20ac 5 &#8211; Jakoinen 99\u20ac<\/p>\n","protected":false},"featured_media":328,"comment_status":"closed","ping_status":"closed","template":"","meta":{"_acf_changed":false,"_kad_post_transparent":"default","_kad_post_title":"","_kad_post_layout":"default","_kad_post_sidebar_id":"","_kad_post_content_style":"default","_kad_post_vertical_padding":"default","_kad_post_feature":"","_kad_post_feature_position":"","_kad_post_header":false,"_kad_post_footer":false,"_kad_post_classname":""},"product_brand":[],"product_cat":[29,19],"product_tag":[],"class_list":{"0":"post-282","1":"product","2":"type-product","3":"status-publish","4":"has-post-thumbnail","6":"product_cat-liikunta-muut","7":"product_cat-liikuntaedut","9":"first","10":"instock","11":"taxable","12":"shipping-taxable","13":"purchasable","14":"product-type-variable","15":"entry","16":"content-bg","17":"loop-entry"},"acf":[],"_links":{"self":[{"href":"https:\/\/marketplace.epassi.fi\/aml-gym\/wp-json\/wp\/v2\/product\/282","targetHints":{"allow":["GET"]}}],"collection":[{"href":"https:\/\/marketplace.epassi.fi\/aml-gym\/wp-json\/wp\/v2\/product"}],"about":[{"href":"https:\/\/marketplace.epassi.fi\/aml-gym\/wp-json\/wp\/v2\/types\/product"}],"replies":[{"embeddable":true,"href":"https:\/\/marketplace.epassi.fi\/aml-gym\/wp-json\/wp\/v2\/comments?post=282"}],"wp:featuredmedia":[{"embeddable":true,"href":"https:\/\/marketplace.epassi.fi\/aml-gym\/wp-json\/wp\/v2\/media\/328"}],"wp:attachment":[{"href":"https:\/\/marketplace.epassi.fi\/aml-gym\/wp-json\/wp\/v2\/media?parent=282"}],"wp:term":[{"taxonomy":"product_brand","embeddable":true,"href":"https:\/\/marketplace.epassi.fi\/aml-gym\/wp-json\/wp\/v2\/product_brand?post=282"},{"taxonomy":"product_cat","embeddable":true,"href":"https:\/\/marketplace.epassi.fi\/aml-gym\/wp-json\/wp\/v2\/product_cat?post=282"},{"taxonomy":"product_tag","embeddable":true,"href":"https:\/\/marketplace.epassi.fi\/aml-gym\/wp-json\/wp\/v2\/product_tag?post=282"}],"curies":[{"name":"wp","href":"https:\/\/api.w.org\/{rel}","templated":true}]}}