{"id":290,"date":"2021-10-20T17:09:46","date_gmt":"2021-10-20T14:09:46","guid":{"rendered":"https:\/\/marketplace.epassi.fi\/aml-gym\/?post_type=product&#038;p=290"},"modified":"2026-01-01T05:01:50","modified_gmt":"2026-01-01T03:01:50","slug":"10-kaynnin-salikortti","status":"publish","type":"product","link":"https:\/\/marketplace.epassi.fi\/aml-gym\/kauppa\/liikuntaedut\/kuntosali\/10-kaynnin-salikortti\/","title":{"rendered":"10 k\u00e4ynnin salikortti"},"content":{"rendered":"<p>Lataa t\u00e4st\u00e4 10 k\u00e4ynti\u00e4 salikortillesi.<\/p>\n<p>10-k\u00e4ynnin kortissa on 1 vuosi aikaa k\u00e4ytt\u00e4\u00e4 k\u00e4ynnit.<\/p>\n","protected":false},"excerpt":{"rendered":"<p>Lataa t\u00e4st\u00e4 10 k\u00e4ynti\u00e4 salikortillesi. 10-k\u00e4ynnin kortissa on 1 vuosi aikaa k\u00e4ytt\u00e4\u00e4 k\u00e4ynnit.<\/p>\n","protected":false},"featured_media":318,"comment_status":"closed","ping_status":"closed","template":"","meta":{"_acf_changed":false,"_kad_post_transparent":"default","_kad_post_title":"","_kad_post_layout":"default","_kad_post_sidebar_id":"","_kad_post_content_style":"default","_kad_post_vertical_padding":"default","_kad_post_feature":"","_kad_post_feature_position":"","_kad_post_header":false,"_kad_post_footer":false,"_kad_post_classname":""},"product_brand":[],"product_cat":[23,19],"product_tag":[],"class_list":{"0":"post-290","1":"product","2":"type-product","3":"status-publish","4":"has-post-thumbnail","6":"product_cat-kuntosali","7":"product_cat-liikuntaedut","9":"first","10":"instock","11":"virtual","12":"taxable","13":"purchasable","14":"product-type-simple","15":"entry","16":"content-bg","17":"loop-entry"},"acf":[],"_links":{"self":[{"href":"https:\/\/marketplace.epassi.fi\/aml-gym\/wp-json\/wp\/v2\/product\/290","targetHints":{"allow":["GET"]}}],"collection":[{"href":"https:\/\/marketplace.epassi.fi\/aml-gym\/wp-json\/wp\/v2\/product"}],"about":[{"href":"https:\/\/marketplace.epassi.fi\/aml-gym\/wp-json\/wp\/v2\/types\/product"}],"replies":[{"embeddable":true,"href":"https:\/\/marketplace.epassi.fi\/aml-gym\/wp-json\/wp\/v2\/comments?post=290"}],"wp:featuredmedia":[{"embeddable":true,"href":"https:\/\/marketplace.epassi.fi\/aml-gym\/wp-json\/wp\/v2\/media\/318"}],"wp:attachment":[{"href":"https:\/\/marketplace.epassi.fi\/aml-gym\/wp-json\/wp\/v2\/media?parent=290"}],"wp:term":[{"taxonomy":"product_brand","embeddable":true,"href":"https:\/\/marketplace.epassi.fi\/aml-gym\/wp-json\/wp\/v2\/product_brand?post=290"},{"taxonomy":"product_cat","embeddable":true,"href":"https:\/\/marketplace.epassi.fi\/aml-gym\/wp-json\/wp\/v2\/product_cat?post=290"},{"taxonomy":"product_tag","embeddable":true,"href":"https:\/\/marketplace.epassi.fi\/aml-gym\/wp-json\/wp\/v2\/product_tag?post=290"}],"curies":[{"name":"wp","href":"https:\/\/api.w.org\/{rel}","templated":true}]}}