{"id":350,"date":"2025-11-27T18:37:05","date_gmt":"2025-11-27T16:37:05","guid":{"rendered":"https:\/\/marketplace.epassi.fi\/aml-gym\/?post_type=product&#038;p=350"},"modified":"2025-11-27T18:40:24","modified_gmt":"2025-11-27T16:40:24","slug":"lahjakortti-itselle","status":"publish","type":"product","link":"https:\/\/marketplace.epassi.fi\/aml-gym\/kauppa\/yleinen\/lahjakortti-itselle\/","title":{"rendered":"Lahjakortti itselle"},"content":{"rendered":"<p>Edut vanhenemassa? Hanki t\u00e4st\u00e4 lis\u00e4aikaa, Tee maksu t\u00e4st\u00e4 meille niin saat lahjakortin s\u00e4hk\u00f6postiisi.<\/p>\n<p>Avoin summa, voit tehd\u00e4 siirron my\u00f6s epassi sovelluksesta suoraan itse valitsemallesi summalle.<\/p>\n","protected":false},"excerpt":{"rendered":"<p>Edut vanhenemassa? Hanki t\u00e4st\u00e4 lis\u00e4aikaa, Tee maksu t\u00e4st\u00e4 meille niin saat lahjakortin s\u00e4hk\u00f6postiisi. Avoin summa, voit tehd\u00e4 siirron my\u00f6s epassi sovelluksesta suoraan itse valitsemallesi summalle.<\/p>\n","protected":false},"featured_media":0,"comment_status":"open","ping_status":"closed","template":"","meta":{"_acf_changed":false,"_kad_post_transparent":"default","_kad_post_title":"","_kad_post_layout":"default","_kad_post_sidebar_id":"","_kad_post_content_style":"default","_kad_post_vertical_padding":"default","_kad_post_feature":"","_kad_post_feature_position":"","_kad_post_header":false,"_kad_post_footer":false,"_kad_post_classname":""},"product_brand":[],"product_cat":[15],"product_tag":[],"class_list":{"0":"post-350","1":"product","2":"type-product","3":"status-publish","5":"product_cat-yleinen","7":"first","8":"instock","9":"taxable","10":"shipping-taxable","11":"purchasable","12":"product-type-simple","13":"entry","14":"content-bg","15":"loop-entry"},"acf":[],"_links":{"self":[{"href":"https:\/\/marketplace.epassi.fi\/aml-gym\/wp-json\/wp\/v2\/product\/350","targetHints":{"allow":["GET"]}}],"collection":[{"href":"https:\/\/marketplace.epassi.fi\/aml-gym\/wp-json\/wp\/v2\/product"}],"about":[{"href":"https:\/\/marketplace.epassi.fi\/aml-gym\/wp-json\/wp\/v2\/types\/product"}],"replies":[{"embeddable":true,"href":"https:\/\/marketplace.epassi.fi\/aml-gym\/wp-json\/wp\/v2\/comments?post=350"}],"wp:attachment":[{"href":"https:\/\/marketplace.epassi.fi\/aml-gym\/wp-json\/wp\/v2\/media?parent=350"}],"wp:term":[{"taxonomy":"product_brand","embeddable":true,"href":"https:\/\/marketplace.epassi.fi\/aml-gym\/wp-json\/wp\/v2\/product_brand?post=350"},{"taxonomy":"product_cat","embeddable":true,"href":"https:\/\/marketplace.epassi.fi\/aml-gym\/wp-json\/wp\/v2\/product_cat?post=350"},{"taxonomy":"product_tag","embeddable":true,"href":"https:\/\/marketplace.epassi.fi\/aml-gym\/wp-json\/wp\/v2\/product_tag?post=350"}],"curies":[{"name":"wp","href":"https:\/\/api.w.org\/{rel}","templated":true}]}}