{"id":22,"date":"2021-09-13T17:45:59","date_gmt":"2021-09-13T17:45:59","guid":{"rendered":"https:\/\/marketplace.epassi.fi\/annin-uimaopetus\/?page_id=22"},"modified":"2021-10-12T10:57:35","modified_gmt":"2021-10-12T10:57:35","slug":"info","status":"publish","type":"page","link":"https:\/\/marketplace.epassi.fi\/annin-uimaopetus\/info\/","title":{"rendered":"Info"},"content":{"rendered":"\n\t<div class=\"entry-content single-content\">\n\n\t\t<div class=\"wp-block-columns\" style=\"gap:30px\">\n\t\t\t<div class=\"wp-block-column\">\n\t\t\t\t<h2>Annin uimaopetus -Yksil\u00f6llist\u00e4 opetusta aikuisille<\/h2>\n\t\t\t\t<p><p>Annin uimaopetus Oy tarjoaa yksil\u00f6llisi\u00e4 ja tehokkaita pienryhm\u00e4- ja yksil\u00f6kursseja uinnin tekniikassa.<\/p>\n<p>Kurssit ja niiden sis\u00e4lt\u00f6 on suunniteltu yli 15 vuoden uimaopetuskokemuksella ja vahvalla osaamisella ihmiskehon toiminnasta. Kaikilla ohjaajillamme on vahva uintitausta ja monipuolinen kokemus aikuisliikunnan ohjaamisesta. <\/p>\n<p>Pyrimme aina tarjoamaan asiakkaillemme h\u00e4nen toiveensa ja odotuksensa ylitt\u00e4v\u00e4n yksil\u00f6llisen opetustuokion. <\/p>\n<p>Kanssamme kehit\u00e4t tekniikkaa merkitt\u00e4v\u00e4sti jo yhdell\u00e4 opetuskerralla.<\/p>\n<p>Lis\u00e4ksi tarjoamme uinnin yksityisopetusta useissa kaupungeissa sopimuksen mukaan.<\/p>\n<\/p>\n\t\t\t\t<h3>Annin uimaopetus Oy<\/h3>\n\t\t\t\t<p><br>\n\t\t\t\t\t Turku, Raisio, Kaarina, Espoo, Vantaa, Helsinki, Lappeenranta, Kouvola, Myn\u00e4m\u00e4ki, Lahti, Rauma, Uusikaupunki, Kotka, Eura, Salo, et\u00e4valmennus<\/p>\n\t\t\t\t<p><a href=\"tel:0504323280\">0504323280<\/a><\/p>\n\t\t\t\t<p><a href=\"mailto:info@anninuimaopetus.fi\">info@anninuimaopetus.fi<\/a><\/p>\n\n\t\t\t\t<h2>Toimipisteet<\/h2><div class=\"info-page-location-list\"><div class=\"info-page-location\"><h3>Turku<\/h3><p> , 20880 Turku<\/p><p><a href=\"tel:0504323280\">0504323280<\/a><br><a href=\"mail:info@anninuimaopetus.fi\">info@anninuimaopetus.fi<\/a><p><a href=\"https:\/\/www.google.com\/maps\/search\/?api=1&query=Google&query_place_id=ChIJ9393lmp3jEYRcIlXeFS1ABw\">Katso sijainti kartalla <span>&#8599;<\/span><\/a><\/p><\/p><p><\/p><\/div><div class=\"info-page-location\"><h3>Espoo<\/h3><p>Ver\u00e4j\u00e4pellonkatu 15, 02650 Espoo<\/p><p><a href=\"tel:0504323280\">0504323280<\/a><br><a href=\"mail:info@anninuimaopetus.fi\">info@anninuimaopetus.fi<\/a><p><a href=\"https:\/\/www.google.com\/maps\/search\/?api=1&query=Google&query_place_id=ChIJu8c7dIj2jUYRzqTSj-Q9mR4\">Katso sijainti kartalla <span>&#8599;<\/span><\/a><\/p><\/p><p><\/p><\/div><div class=\"info-page-location\"><h3>Lappeenranta<\/h3><p>Pohjolankatu 29, 53100 Lappeenranta<\/p><p><a href=\"tel:0504323280\">0504323280<\/a><br><a href=\"mail:info@anninuimaopetus.fi\">info@anninuimaopetus.fi<\/a><p><a href=\"https:\/\/www.google.com\/maps\/search\/?api=1&query=Google&query_place_id=ChIJh5QdJ5CVkEYRKz5axLkHdMg\">Katso sijainti kartalla <span>&#8599;<\/span><\/a><\/p><\/p><p><\/p><\/div><div class=\"info-page-location\"><h3>Kaarina<\/h3><p>Uimahallintie 4, 20780 Kaarina<\/p><p><a href=\"tel:0504323280\">0504323280<\/a><br><a href=\"mail:info@anninuimaopetus.fi\">info@anninuimaopetus.fi<\/a><p><a href=\"https:\/\/www.google.com\/maps\/search\/?api=1&query=Google&query_place_id=ChIJ4cNcqPNwjEYR6MN3VOH0D80\">Katso sijainti kartalla <span>&#8599;<\/span><\/a><\/p><\/p><p><\/p><\/div><div class=\"info-page-location\"><h3>Raisio<\/h3><p>Eeronkuja 5, 21200 Raisio<\/p><p><a href=\"tel:0504323280\">0504323280<\/a><br><a href=\"mail:info@anninuimaopetus.fi\">info@anninuimaopetus.fi<\/a><p><a href=\"https:\/\/www.google.com\/maps\/search\/?api=1&query=Google&query_place_id=ChIJU2gQksSJi0YRrkjausgQ_jc\">Katso sijainti kartalla <span>&#8599;<\/span><\/a><\/p><\/p><p><\/p><\/div><div class=\"info-page-location\"><h3>Salo<\/h3><p>Anistenkatu 6, 24100 Salo<\/p><p><a href=\"tel:0504323280\">0504323280<\/a><br><p><a href=\"https:\/\/www.google.com\/maps\/search\/?api=1&query=Google&query_place_id=ChIJFeE8zktGjEYR9jC35dcpxgY\">Katso sijainti kartalla <span>&#8599;<\/span><\/a><\/p><\/p><p><\/p><\/div><div class=\"info-page-location\"><h3>Kotka<\/h3><p>Puistotie 9, 48100 Kotka<\/p><p><a href=\"tel:0504323280\">0504323280<\/a><br><p><a href=\"https:\/\/www.google.com\/maps\/search\/?api=1&query=Google&query_place_id=ChIJudGaAElzkUYRq_48F1MV514\">Katso sijainti kartalla <span>&#8599;<\/span><\/a><\/p><\/p><p><\/p><\/div><div class=\"info-page-location\"><h3><\/h3><p><\/p><p><\/p><\/div><div class=\"info-page-location\"><h3>Lahti<\/h3><p>Svinhufvudinkatu , 15110 Lahti<\/p><p><a href=\"tel:0504323280\">0504323280<\/a><br><p><a href=\"https:\/\/www.google.com\/maps\/search\/?api=1&query=Google&query_place_id=EiZTdmluaHVmdnVkaW5rYXR1LCAxNTExMCBMYWh0aSwgRmlubGFuZCIuKiwKFAoSCbWYOKz4KI5GEVJD163tuhzrEhQKEgl3tU3SNiiORhG6Rm_g1p9oRA\">Katso sijainti kartalla <span>&#8599;<\/span><\/a><\/p><\/p><p><\/p><\/div><div class=\"info-page-location\"><h3>Myn\u00e4m\u00e4ki<\/h3><p>Virastotie 1, 23100 Myn\u00e4m\u00e4ki<\/p><p><a href=\"tel:0504323280\">0504323280<\/a><br><p><a href=\"https:\/\/www.google.com\/maps\/search\/?api=1&query=Google&query_place_id=ChIJeTjX5XDti0YR_P07T7MIhCA\">Katso sijainti kartalla <span>&#8599;<\/span><\/a><\/p><\/p><p><\/p><\/div><div class=\"info-page-location\"><h3>Kouvola<\/h3><p>Uimahallintie 8, 45700 Kouvola<\/p><p><a href=\"tel:0504323280\">0504323280<\/a><br><p><a href=\"https:\/\/www.google.com\/maps\/search\/?api=1&query=Google&query_place_id=ChIJEUaPY760kUYRp-QXWbY0YAg\">Katso sijainti kartalla <span>&#8599;<\/span><\/a><\/p><\/p><p><\/p><\/div><div class=\"info-page-location\"><h3><\/h3><p><\/p><p><\/p><\/div><\/div>\t\t\t<\/div>\n\n\t\t\t<div class=\"wp-block-column\">\n\t\t\t\t<figure class=\"wp-block-image size-large\"><img loading=\"lazy\" decoding=\"async\" width=\"768\" height=\"471\" src=\"https:\/\/marketplace.epassi.fi\/annin-uimaopetus\/wp-content\/uploads\/sites\/363\/2023\/08\/kuvaa-768x471.png\" class=\"attachment-medium_large size-medium_large\" alt=\"\" \/><\/figure>\n\t\t\t<\/div>\n\t\t<\/div>\n\t<\/div>\n\t\n","protected":false},"excerpt":{"rendered":"","protected":false},"author":2,"featured_media":0,"parent":0,"menu_order":0,"comment_status":"closed","ping_status":"closed","template":"","meta":{"_acf_changed":false,"_kad_post_transparent":"","_kad_post_title":"","_kad_post_layout":"","_kad_post_sidebar_id":"","_kad_post_content_style":"","_kad_post_vertical_padding":"","_kad_post_feature":"","_kad_post_feature_position":"","_kad_post_header":false,"_kad_post_footer":false,"_kad_post_classname":"","footnotes":""},"class_list":["post-22","page","type-page","status-publish","hentry"],"acf":[],"_links":{"self":[{"href":"https:\/\/marketplace.epassi.fi\/annin-uimaopetus\/wp-json\/wp\/v2\/pages\/22","targetHints":{"allow":["GET"]}}],"collection":[{"href":"https:\/\/marketplace.epassi.fi\/annin-uimaopetus\/wp-json\/wp\/v2\/pages"}],"about":[{"href":"https:\/\/marketplace.epassi.fi\/annin-uimaopetus\/wp-json\/wp\/v2\/types\/page"}],"author":[{"embeddable":true,"href":"https:\/\/marketplace.epassi.fi\/annin-uimaopetus\/wp-json\/wp\/v2\/users\/2"}],"replies":[{"embeddable":true,"href":"https:\/\/marketplace.epassi.fi\/annin-uimaopetus\/wp-json\/wp\/v2\/comments?post=22"}],"version-history":[{"count":10,"href":"https:\/\/marketplace.epassi.fi\/annin-uimaopetus\/wp-json\/wp\/v2\/pages\/22\/revisions"}],"predecessor-version":[{"id":264,"href":"https:\/\/marketplace.epassi.fi\/annin-uimaopetus\/wp-json\/wp\/v2\/pages\/22\/revisions\/264"}],"wp:attachment":[{"href":"https:\/\/marketplace.epassi.fi\/annin-uimaopetus\/wp-json\/wp\/v2\/media?parent=22"}],"curies":[{"name":"wp","href":"https:\/\/api.w.org\/{rel}","templated":true}]}}