{"id":289,"date":"2021-10-20T17:08:34","date_gmt":"2021-10-20T17:08:34","guid":{"rendered":"https:\/\/marketplace.epassi.fi\/annin-uimaopetus\/?post_type=product&#038;p=289"},"modified":"2026-01-01T13:11:58","modified_gmt":"2026-01-01T11:11:58","slug":"uinnin-yksityisopetus-30-min","status":"publish","type":"product","link":"https:\/\/marketplace.epassi.fi\/annin-uimaopetus\/kauppa\/liikuntaedut\/liikunta-muut\/uinnin-yksityisopetus-30-min\/","title":{"rendered":"Uinnin yksityisopetus 30 min"},"content":{"rendered":"<p>Uinnin yksityisopetus 30 min. Yksityistunteja tarjoaa useimmiten ohjaajamme Erik.<\/p>\n<p>Hinta ei sis\u00e4ll\u00e4 opetettavan aikuisen sis\u00e4\u00e4np\u00e4\u00e4symaksua, jos opetus tapahtuu uimahallissa. Hintaan sis\u00e4ltyy opettajan sis\u00e4\u00e4np\u00e4\u00e4symaksu.<\/p>\n<p>Opetamme seuraavissa kaupungeissa kev\u00e4\u00e4ll\u00e4 \/ kes\u00e4ll\u00e4 2026:<\/p>\n<ul>\n<li>Turun seutu, p\u00e4\u00e4kaupunkiseutu (useimmiten Espoo), Salo<\/li>\n<\/ul>\n<p>Maaliskuusta eteenp\u00e4in ohjaamme seuraavissa:<\/p>\n<ul>\n<li>Kouvola<\/li>\n<li>Kotka<\/li>\n<li>Lahti<\/li>\n<li>Lappeenranta<\/li>\n<li>Kuopio<\/li>\n<li>Jyv\u00e4skyl\u00e4<\/li>\n<li>Loimaa<\/li>\n<li>Uusikaupunki<\/li>\n<\/ul>\n<p>Epassilla ostettu ohjaus on voimassa seitsem\u00e4n kuukautta ostop\u00e4iv\u00e4st\u00e4.<\/p>\n<p>Ajanvaraus: info@anninuimaopetus.fi<\/p>\n","protected":false},"excerpt":{"rendered":"<p>Uinnin yksityisopetus 30min.<\/p>\n","protected":false},"featured_media":407,"comment_status":"open","ping_status":"closed","template":"","meta":{"_acf_changed":false,"_kad_post_transparent":"default","_kad_post_title":"","_kad_post_layout":"default","_kad_post_sidebar_id":"","_kad_post_content_style":"default","_kad_post_vertical_padding":"default","_kad_post_feature":"","_kad_post_feature_position":"","_kad_post_header":false,"_kad_post_footer":false,"_kad_post_classname":""},"product_brand":[],"product_cat":[29,19],"product_tag":[],"class_list":{"0":"post-289","1":"product","2":"type-product","3":"status-publish","4":"has-post-thumbnail","6":"product_cat-liikunta-muut","7":"product_cat-liikuntaedut","9":"first","10":"instock","11":"virtual","12":"taxable","13":"purchasable","14":"product-type-simple","15":"entry","16":"content-bg","17":"loop-entry"},"acf":[],"_links":{"self":[{"href":"https:\/\/marketplace.epassi.fi\/annin-uimaopetus\/wp-json\/wp\/v2\/product\/289","targetHints":{"allow":["GET"]}}],"collection":[{"href":"https:\/\/marketplace.epassi.fi\/annin-uimaopetus\/wp-json\/wp\/v2\/product"}],"about":[{"href":"https:\/\/marketplace.epassi.fi\/annin-uimaopetus\/wp-json\/wp\/v2\/types\/product"}],"replies":[{"embeddable":true,"href":"https:\/\/marketplace.epassi.fi\/annin-uimaopetus\/wp-json\/wp\/v2\/comments?post=289"}],"wp:featuredmedia":[{"embeddable":true,"href":"https:\/\/marketplace.epassi.fi\/annin-uimaopetus\/wp-json\/wp\/v2\/media\/407"}],"wp:attachment":[{"href":"https:\/\/marketplace.epassi.fi\/annin-uimaopetus\/wp-json\/wp\/v2\/media?parent=289"}],"wp:term":[{"taxonomy":"product_brand","embeddable":true,"href":"https:\/\/marketplace.epassi.fi\/annin-uimaopetus\/wp-json\/wp\/v2\/product_brand?post=289"},{"taxonomy":"product_cat","embeddable":true,"href":"https:\/\/marketplace.epassi.fi\/annin-uimaopetus\/wp-json\/wp\/v2\/product_cat?post=289"},{"taxonomy":"product_tag","embeddable":true,"href":"https:\/\/marketplace.epassi.fi\/annin-uimaopetus\/wp-json\/wp\/v2\/product_tag?post=289"}],"curies":[{"name":"wp","href":"https:\/\/api.w.org\/{rel}","templated":true}]}}