{"id":388,"date":"2024-11-01T23:26:14","date_gmt":"2024-11-01T21:26:14","guid":{"rendered":"https:\/\/marketplace.epassi.fi\/annin-uimaopetus\/?post_type=product&#038;p=388"},"modified":"2025-12-06T19:58:29","modified_gmt":"2025-12-06T17:58:29","slug":"uintitekniikan-workshop","status":"publish","type":"product","link":"https:\/\/marketplace.epassi.fi\/annin-uimaopetus\/kauppa\/liikuntaedut\/uintitekniikan-workshop\/","title":{"rendered":"Uintitekniikan tiiviskurssi pienryhm\u00e4"},"content":{"rendered":"<p>J\u00e4rjest\u00e4mme uintitekniikan tiiviskursseja (65 min harjoitus pienryhm\u00e4ss\u00e4) 2026 kev\u00e4\u00e4ll\u00e4 \/ kes\u00e4ll\u00e4 seuraavissa sijainneissa:<\/p>\n<p>Turku, Kaarina, Raisio, Salo, Kotka, Kouvola, Lahti, Tampere, Uusikaupunki, Eura, Loimaa ja Lappeenranta.<\/p>\n<p>Ohjauksessa on yht\u00e4 ohjaajaa kohden vain kahdesta nelj\u00e4\u00e4n oppilasta, joten ohjaus on todella henkil\u00f6kohtaista. Tiiviskurssi sis\u00e4lt\u00e4\u00e4 ohjauskerran lis\u00e4ksi kurssilla l\u00e4pik\u00e4ydyt harjoitukset ja t\u00e4rkeimm\u00e4t ydinkohdat k\u00e4ytt\u00f6\u00f6si, jotta voit helposti jatkaa harjoittelua kurssin j\u00e4lkeen.<\/p>\n<p>J\u00e4rjest\u00e4mme tiiviskursseja vapaa- ja rintauinnin tekniikoista.<\/p>\n<p>Kysy lis\u00e4\u00e4: info@anninuimaopetus.fi tai 0504323280.<\/p>\n","protected":false},"excerpt":{"rendered":"<p>Uintitekniikan tiiviskurssilla opit nopeasti uintiasi kehitt\u00e4v\u00e4t harjoitteet, joilla viet tekniikkaasi tehokkaasti eteenp\u00e4in jo yhden ohjauskerran j\u00e4lkeen.<\/p>\n","protected":false},"featured_media":344,"comment_status":"open","ping_status":"closed","template":"","meta":{"_acf_changed":false,"_kad_post_transparent":"default","_kad_post_title":"","_kad_post_layout":"default","_kad_post_sidebar_id":"","_kad_post_content_style":"default","_kad_post_vertical_padding":"default","_kad_post_feature":"","_kad_post_feature_position":"","_kad_post_header":false,"_kad_post_footer":false,"_kad_post_classname":""},"product_brand":[],"product_cat":[19],"product_tag":[],"class_list":{"0":"post-388","1":"product","2":"type-product","3":"status-publish","4":"has-post-thumbnail","6":"product_cat-liikuntaedut","8":"first","9":"instock","10":"taxable","11":"shipping-taxable","12":"purchasable","13":"product-type-simple","14":"entry","15":"content-bg","16":"loop-entry"},"acf":[],"_links":{"self":[{"href":"https:\/\/marketplace.epassi.fi\/annin-uimaopetus\/wp-json\/wp\/v2\/product\/388","targetHints":{"allow":["GET"]}}],"collection":[{"href":"https:\/\/marketplace.epassi.fi\/annin-uimaopetus\/wp-json\/wp\/v2\/product"}],"about":[{"href":"https:\/\/marketplace.epassi.fi\/annin-uimaopetus\/wp-json\/wp\/v2\/types\/product"}],"replies":[{"embeddable":true,"href":"https:\/\/marketplace.epassi.fi\/annin-uimaopetus\/wp-json\/wp\/v2\/comments?post=388"}],"wp:featuredmedia":[{"embeddable":true,"href":"https:\/\/marketplace.epassi.fi\/annin-uimaopetus\/wp-json\/wp\/v2\/media\/344"}],"wp:attachment":[{"href":"https:\/\/marketplace.epassi.fi\/annin-uimaopetus\/wp-json\/wp\/v2\/media?parent=388"}],"wp:term":[{"taxonomy":"product_brand","embeddable":true,"href":"https:\/\/marketplace.epassi.fi\/annin-uimaopetus\/wp-json\/wp\/v2\/product_brand?post=388"},{"taxonomy":"product_cat","embeddable":true,"href":"https:\/\/marketplace.epassi.fi\/annin-uimaopetus\/wp-json\/wp\/v2\/product_cat?post=388"},{"taxonomy":"product_tag","embeddable":true,"href":"https:\/\/marketplace.epassi.fi\/annin-uimaopetus\/wp-json\/wp\/v2\/product_tag?post=388"}],"curies":[{"name":"wp","href":"https:\/\/api.w.org\/{rel}","templated":true}]}}