{"id":408,"date":"2025-12-06T19:26:44","date_gmt":"2025-12-06T17:26:44","guid":{"rendered":"https:\/\/marketplace.epassi.fi\/annin-uimaopetus\/?post_type=product&#038;p=408"},"modified":"2025-12-06T19:38:14","modified_gmt":"2025-12-06T17:38:14","slug":"uintitekniikan-yksilokurssi","status":"publish","type":"product","link":"https:\/\/marketplace.epassi.fi\/annin-uimaopetus\/kauppa\/liikuntaedut\/uintitekniikan-yksilokurssi\/","title":{"rendered":"Uintitekniikan yksil\u00f6kurssi"},"content":{"rendered":"<p>J\u00e4rjest\u00e4mme uintitekniikan yksil\u00f6kursseja (75 min harjoitus 1-2 henkil\u00f6lle) 2026 kev\u00e4\u00e4ll\u00e4 \/ kes\u00e4ll\u00e4 seuraavissa sijainneissa:<\/p>\n<p>Turku, Espoo, Kaarina, Raisio, Salo, Kotka, Kouvola, Lahti, Tampere, Uusikaupunki, Loimaa ja Lappeenranta.<\/p>\n<p>Ohjauksessa on yht\u00e4 ohjaajaa kohden vain 1-2 oppilasta, joten ohjaus on todella henkil\u00f6kohtaista. Yksil\u00f6kurssi sis\u00e4lt\u00e4\u00e4 ohjauskerran lis\u00e4ksi lis\u00e4ksi kattavan materiaalin verkkokurssialustalla videoineen. Materiaalin ja kurssilla saadun yksil\u00f6llisen palautteen avulla pystyt kehitt\u00e4m\u00e4\u00e4n tekniikkaa merkitt\u00e4v\u00e4sti paremmaksi jo yhden opetuskerran j\u00e4lkeen.<\/p>\n<p>Yksil\u00f6kurssille osallistuneet saavat halutessaan hy\u00f6dynt\u00e4\u00e4 ohjaajan palautetta uintinsa kehitt\u00e4miseen my\u00f6s videoanalyysill\u00e4.<\/p>\n<p>J\u00e4rjest\u00e4mme yksil\u00f6kursseja kysynn\u00e4n mukaan kaikkien uintilajien tekniikoista.<\/p>\n<p>Kysy lis\u00e4\u00e4: info@anninuimaopetus.fi tai 0504323280.<\/p>\n","protected":false},"excerpt":{"rendered":"<p>Uintitekniikan yksil\u00f6kurssilla opit uintiasi kehitt\u00e4v\u00e4t harjoitteet ja saat reilusti yksil\u00f6llist\u00e4 palautetta. N\u00e4in\u00a0viet tekniikkaasi tehokkaasti eteenp\u00e4in jo yhden ohjauskerran j\u00e4lkeen.<\/p>\n","protected":false},"featured_media":344,"comment_status":"open","ping_status":"closed","template":"","meta":{"_acf_changed":false,"_kad_post_transparent":"default","_kad_post_title":"","_kad_post_layout":"default","_kad_post_sidebar_id":"","_kad_post_content_style":"default","_kad_post_vertical_padding":"default","_kad_post_feature":"","_kad_post_feature_position":"","_kad_post_header":false,"_kad_post_footer":false,"_kad_post_classname":""},"product_brand":[],"product_cat":[19],"product_tag":[],"class_list":{"0":"post-408","1":"product","2":"type-product","3":"status-publish","4":"has-post-thumbnail","6":"product_cat-liikuntaedut","8":"first","9":"instock","10":"taxable","11":"shipping-taxable","12":"purchasable","13":"product-type-simple","14":"entry","15":"content-bg","16":"loop-entry"},"acf":[],"_links":{"self":[{"href":"https:\/\/marketplace.epassi.fi\/annin-uimaopetus\/wp-json\/wp\/v2\/product\/408","targetHints":{"allow":["GET"]}}],"collection":[{"href":"https:\/\/marketplace.epassi.fi\/annin-uimaopetus\/wp-json\/wp\/v2\/product"}],"about":[{"href":"https:\/\/marketplace.epassi.fi\/annin-uimaopetus\/wp-json\/wp\/v2\/types\/product"}],"replies":[{"embeddable":true,"href":"https:\/\/marketplace.epassi.fi\/annin-uimaopetus\/wp-json\/wp\/v2\/comments?post=408"}],"wp:featuredmedia":[{"embeddable":true,"href":"https:\/\/marketplace.epassi.fi\/annin-uimaopetus\/wp-json\/wp\/v2\/media\/344"}],"wp:attachment":[{"href":"https:\/\/marketplace.epassi.fi\/annin-uimaopetus\/wp-json\/wp\/v2\/media?parent=408"}],"wp:term":[{"taxonomy":"product_brand","embeddable":true,"href":"https:\/\/marketplace.epassi.fi\/annin-uimaopetus\/wp-json\/wp\/v2\/product_brand?post=408"},{"taxonomy":"product_cat","embeddable":true,"href":"https:\/\/marketplace.epassi.fi\/annin-uimaopetus\/wp-json\/wp\/v2\/product_cat?post=408"},{"taxonomy":"product_tag","embeddable":true,"href":"https:\/\/marketplace.epassi.fi\/annin-uimaopetus\/wp-json\/wp\/v2\/product_tag?post=408"}],"curies":[{"name":"wp","href":"https:\/\/api.w.org\/{rel}","templated":true}]}}