{"id":409,"date":"2025-12-30T13:58:20","date_gmt":"2025-12-30T11:58:20","guid":{"rendered":"https:\/\/marketplace.epassi.fi\/annin-uimaopetus\/?post_type=product&#038;p=409"},"modified":"2026-01-01T13:11:57","modified_gmt":"2026-01-01T11:11:57","slug":"kuntouimarin-verkkokurssi","status":"publish","type":"product","link":"https:\/\/marketplace.epassi.fi\/annin-uimaopetus\/kauppa\/yleinen\/kuntouimarin-verkkokurssi\/","title":{"rendered":"Kuntouimarin verkkokurssi"},"content":{"rendered":"<p>Oletko ikin\u00e4 uidessasi tuntenut v\u00e4symyst\u00e4 ja samalla miettinyt, miksi uintisi ei silti etene?<\/p>\n<p><span class=\"a_GcMg font-feature-liga-off font-feature-clig-off font-feature-calt-off text-decoration-none text-strikethrough-none\">Tai katsonut kilpauimareita tai muita harrastajia ja pohtinut, miksi heid\u00e4n uintinsa n\u00e4ytt\u00e4\u00e4 niin kevyelt\u00e4?<\/span><\/p>\n<p><span class=\"a_GcMg font-feature-liga-off font-feature-clig-off font-feature-calt-off text-decoration-none text-strikethrough-none\">Hyv\u00e4 tekniikka tuo uintiin keveytt\u00e4. Hyv\u00e4ll\u00e4 tekniikalla uiva kuntouimari n\u00e4ytt\u00e4\u00e4 silt\u00e4, kuin h\u00e4nen etenemisens\u00e4 olisi t\u00e4ysin vaivatonta. Liukuvien uimareiden meno radalla n\u00e4ytt\u00e4\u00e4 usein todella vaivattomalta.\u00a0<\/span><\/p>\n<p>T\u00e4m\u00e4 kurssi antaa sinulle kaikki 17 opetusvuoden aikana oppimani vinkit kevyeen uintitekniikkaan! Kurssilla voit esitt\u00e4\u00e4 my\u00f6s kysymyksi\u00e4 tekniikasta.<\/p>\n<p>Kurssin on luonut SUH-uimaopettaja ja liikunta-alan yritt\u00e4j\u00e4 Anni Toivanen.<\/p>\n<p>Hypp\u00e4\u00e4 mukaan! Kurssi alkaa Campwire alustalla 12.1.2026!<\/p>\n","protected":false},"excerpt":{"rendered":"<p>Kevenn\u00e4 ja paranna uintitekniikkaasi t\u00e4m\u00e4n verkkokurssin avulla!<\/p>\n","protected":false},"featured_media":328,"comment_status":"open","ping_status":"closed","template":"","meta":{"_acf_changed":false,"_kad_post_transparent":"default","_kad_post_title":"","_kad_post_layout":"default","_kad_post_sidebar_id":"","_kad_post_content_style":"default","_kad_post_vertical_padding":"default","_kad_post_feature":"","_kad_post_feature_position":"","_kad_post_header":false,"_kad_post_footer":false,"_kad_post_classname":""},"product_brand":[],"product_cat":[15],"product_tag":[],"class_list":{"0":"post-409","1":"product","2":"type-product","3":"status-publish","4":"has-post-thumbnail","6":"product_cat-yleinen","8":"first","9":"instock","10":"taxable","11":"shipping-taxable","12":"purchasable","13":"product-type-simple","14":"entry","15":"content-bg","16":"loop-entry"},"acf":[],"_links":{"self":[{"href":"https:\/\/marketplace.epassi.fi\/annin-uimaopetus\/wp-json\/wp\/v2\/product\/409","targetHints":{"allow":["GET"]}}],"collection":[{"href":"https:\/\/marketplace.epassi.fi\/annin-uimaopetus\/wp-json\/wp\/v2\/product"}],"about":[{"href":"https:\/\/marketplace.epassi.fi\/annin-uimaopetus\/wp-json\/wp\/v2\/types\/product"}],"replies":[{"embeddable":true,"href":"https:\/\/marketplace.epassi.fi\/annin-uimaopetus\/wp-json\/wp\/v2\/comments?post=409"}],"wp:featuredmedia":[{"embeddable":true,"href":"https:\/\/marketplace.epassi.fi\/annin-uimaopetus\/wp-json\/wp\/v2\/media\/328"}],"wp:attachment":[{"href":"https:\/\/marketplace.epassi.fi\/annin-uimaopetus\/wp-json\/wp\/v2\/media?parent=409"}],"wp:term":[{"taxonomy":"product_brand","embeddable":true,"href":"https:\/\/marketplace.epassi.fi\/annin-uimaopetus\/wp-json\/wp\/v2\/product_brand?post=409"},{"taxonomy":"product_cat","embeddable":true,"href":"https:\/\/marketplace.epassi.fi\/annin-uimaopetus\/wp-json\/wp\/v2\/product_cat?post=409"},{"taxonomy":"product_tag","embeddable":true,"href":"https:\/\/marketplace.epassi.fi\/annin-uimaopetus\/wp-json\/wp\/v2\/product_tag?post=409"}],"curies":[{"name":"wp","href":"https:\/\/api.w.org\/{rel}","templated":true}]}}