{"id":290,"date":"2021-10-20T17:09:46","date_gmt":"2021-10-20T17:09:46","guid":{"rendered":"https:\/\/marketplace.epassi.fi\/art-hub\/?post_type=product&#038;p=290"},"modified":"2025-07-22T13:22:25","modified_gmt":"2025-07-22T10:22:25","slug":"taidepaivakirja-akvarelli-3-viikon-verkkokurssi","status":"publish","type":"product","link":"https:\/\/marketplace.epassi.fi\/art-hub\/kauppa\/kulttuuriedut\/taidepaivakirja-akvarelli-3-viikon-verkkokurssi\/","title":{"rendered":"Taidep\u00e4iv\u00e4kirja Akvarelli, 3 viikon verkkokurssi."},"content":{"rendered":"<div data-pm-slice=\"0 0 []\" data-en-clipboard=\"true\">\n<div>Taidep\u00e4iv\u00e4kirja-verkkokurssilla inspiroidutaan ihan arkisista asioista ja opetellaan ottamaan luovuus ja luova tekeminen osaksi jokap\u00e4iv\u00e4ist\u00e4 arkea.<\/div>\n<div><\/div>\n<div>Kurssin aikana saat inspiroivan teht\u00e4v\u00e4n joka p\u00e4iv\u00e4lle videon muodossa kolmen viikon ajalle (yhteens\u00e4 21 teht\u00e4v\u00e4\u00e4). Teht\u00e4v\u00e4n tekemiseen menee minimiss\u00e4\u00e4n vain noin 10-15 minuuttia ja voit tehd\u00e4 sen mihin aikaan p\u00e4iv\u00e4st\u00e4 vain. Kurssilaisten suljetussa Facebook-ryhm\u00e4ss\u00e4 voit saada vinkkej\u00e4 ty\u00f6skentelyyn sek\u00e4 halutessasi jakaa kuvia t\u00f6ist\u00e4si. P\u00e4\u00e4set my\u00f6s osallistumaan suosittuihin, viikoittain pidett\u00e4viin online-maalaushetkiin Zoomissa. Maalaushetkiin saat osallistua niin pitk\u00e4\u00e4n kuin haluat, vaikka varsinainen kurssisi loppuisikin. <span style=\"font-family: var(--global-body-font-family)\">Kurssin kaikki teht\u00e4v\u00e4t ovat avoinna vuoden 2026 loppuun saakka.<\/span><\/div>\n<\/div>\n<div><\/div>\n<div data-pm-slice=\"0 0 []\" data-en-clipboard=\"true\">\n<div>Taidep\u00e4iv\u00e4kirjan teht\u00e4viss\u00e4 yhdistyv\u00e4t luova piirustus ja maalaus sek\u00e4 mindfulnessharjoitukset. Harjoitukset aktivoivat luovaa ajattelua ja edist\u00e4v\u00e4t kokonaisvaltaista hyvinvointia. Sinun ei tarvitse keskitty\u00e4 piirt\u00e4mis- tai maalaustekniikkaan, vaan p\u00e4\u00e4paino on omassa ilmaisussa, kokeilemisessa, t\u00e4ss\u00e4 hetkess\u00e4 olemisessa ja intuitiossa. Jokainen voi l\u00f6yt\u00e4\u00e4 oman luovuutensa. Mit\u00e4\u00e4n aiempaa kokemusta taiteen tekemisest\u00e4 et tarvitse.<\/div>\n<div><\/div>\n<div>Luova tekeminen rauhoittaa mielt\u00e4 ja v\u00e4hent\u00e4\u00e4 stressi\u00e4. Se voi valmistaa p\u00e4iv\u00e4n tapahtumiin, rytmitt\u00e4\u00e4 kiireist\u00e4 arkea tai sulkea p\u00e4\u00e4ttyv\u00e4n p\u00e4iv\u00e4n.<\/div>\n<div><\/div>\n<div>V\u00e4lineiksi kurssille tarvitset v\u00e4hint\u00e4\u00e4n luonnoskirjan tai vihkon, koko voi olla pieni tai suuri. Taidep\u00e4iv\u00e4kirja Akvarelli -kurssilla v\u00e4linein\u00e4 k\u00e4ytet\u00e4\u00e4n vesiv\u00e4rej\u00e4, tussia ja vahaliituja tai v\u00e4rikyni\u00e4. Halutessasi voit hankkia lis\u00e4ksi erilaisia siveltimi\u00e4, sieni\u00e4 ja papereita.<\/div>\n<div><\/div>\n<div>T\u00e4m\u00e4 kurssi sopii ihan jokaiselle, mutta erityisesti sinulle, jolle maalaaminen on uutta, et ole maalannut ehk\u00e4 sitten kouluaikojen tai haluat p\u00e4\u00e4st\u00e4 nopeasti ja edullisesti alkuun. Jos akvarellimaalaus on entuudestaan tuttua, kurssilla opit erilaisia luovia ja inspiroivia maalausmenetelmi\u00e4.<\/div>\n<div><\/div>\n<div>Maksun suorittamisen j\u00e4lkeen saat viimeist\u00e4\u00e4n seuraavana p\u00e4iv\u00e4n\u00e4 tunnukset kurssialustalle.<\/div>\n<div><\/div>\n<div>Opettajana toimii luovan maalaustaiteen opettaja ja kuvataiteilija Riika Pikkuvirta (TaM).<\/div>\n<div><\/div>\n<div>Lis\u00e4tietoja saat Riikalta riika@amco.fi<\/div>\n<\/div>\n","protected":false},"excerpt":{"rendered":"<p>Taidep\u00e4iv\u00e4kirja Akvarelli -kurssilla v\u00e4linein\u00e4 k\u00e4ytet\u00e4\u00e4n vesiv\u00e4rej\u00e4, vahaliituja tai v\u00e4rikyni\u00e4 sek\u00e4 tussia.\u00a0 Teht\u00e4viss\u00e4 yhdistyv\u00e4t luova piirustus ja maalaus sek\u00e4 mindfulnessharjoitukset. Harjoitukset aktivoivat luovaa ajattelua ja edist\u00e4v\u00e4t kokonaisvaltaista hyvinvointia. Sinun ei tarvitse keskitty\u00e4 piirt\u00e4mis- tai maalaustekniikkaan, vaan p\u00e4\u00e4paino on omassa ilmaisussa, kokeilemisessa, t\u00e4ss\u00e4 hetkess\u00e4 olemisessa ja intuitiossa. Jokainen voi l\u00f6yt\u00e4\u00e4 oman luovuutensa. Mit\u00e4\u00e4n aiempaa kokemusta taiteen tekemisest\u00e4 et tarvitse.<\/p>\n","protected":false},"featured_media":730,"comment_status":"open","ping_status":"closed","template":"","meta":{"_acf_changed":false,"_kad_post_transparent":"default","_kad_post_title":"","_kad_post_layout":"default","_kad_post_sidebar_id":"","_kad_post_content_style":"default","_kad_post_vertical_padding":"default","_kad_post_feature":"","_kad_post_feature_position":"","_kad_post_header":false,"_kad_post_footer":false,"_kad_post_classname":""},"product_brand":[],"product_cat":[20],"product_tag":[],"class_list":{"0":"post-290","1":"product","2":"type-product","3":"status-publish","4":"has-post-thumbnail","6":"product_cat-kulttuuriedut","8":"first","9":"instock","10":"virtual","11":"taxable","12":"purchasable","13":"product-type-simple","14":"entry","15":"content-bg","16":"loop-entry"},"acf":[],"_links":{"self":[{"href":"https:\/\/marketplace.epassi.fi\/art-hub\/wp-json\/wp\/v2\/product\/290","targetHints":{"allow":["GET"]}}],"collection":[{"href":"https:\/\/marketplace.epassi.fi\/art-hub\/wp-json\/wp\/v2\/product"}],"about":[{"href":"https:\/\/marketplace.epassi.fi\/art-hub\/wp-json\/wp\/v2\/types\/product"}],"replies":[{"embeddable":true,"href":"https:\/\/marketplace.epassi.fi\/art-hub\/wp-json\/wp\/v2\/comments?post=290"}],"wp:featuredmedia":[{"embeddable":true,"href":"https:\/\/marketplace.epassi.fi\/art-hub\/wp-json\/wp\/v2\/media\/730"}],"wp:attachment":[{"href":"https:\/\/marketplace.epassi.fi\/art-hub\/wp-json\/wp\/v2\/media?parent=290"}],"wp:term":[{"taxonomy":"product_brand","embeddable":true,"href":"https:\/\/marketplace.epassi.fi\/art-hub\/wp-json\/wp\/v2\/product_brand?post=290"},{"taxonomy":"product_cat","embeddable":true,"href":"https:\/\/marketplace.epassi.fi\/art-hub\/wp-json\/wp\/v2\/product_cat?post=290"},{"taxonomy":"product_tag","embeddable":true,"href":"https:\/\/marketplace.epassi.fi\/art-hub\/wp-json\/wp\/v2\/product_tag?post=290"}],"curies":[{"name":"wp","href":"https:\/\/api.w.org\/{rel}","templated":true}]}}