{"id":324,"date":"2022-06-06T15:20:41","date_gmt":"2022-06-06T12:20:41","guid":{"rendered":"https:\/\/marketplace.epassi.fi\/art-hub\/?post_type=product&#038;p=324"},"modified":"2025-07-22T13:21:53","modified_gmt":"2025-07-22T10:21:53","slug":"taidepaivakirja-akryyli-3-viikon-verkkokurssi","status":"publish","type":"product","link":"https:\/\/marketplace.epassi.fi\/art-hub\/kauppa\/kulttuuriedut\/taidepaivakirja-akryyli-3-viikon-verkkokurssi\/","title":{"rendered":"Taidep\u00e4iv\u00e4kirja Akryyli, 3 viikon verkkokurssi."},"content":{"rendered":"<div data-pm-slice=\"0 0 []\" data-en-clipboard=\"true\">\n<div>Taidep\u00e4iv\u00e4kirja-verkkokurssilla inspiroidutaan ihan arkisista asioista ja opetellaan ottamaan luovuus ja luovan tekeminen osaksi jokap\u00e4iv\u00e4ist\u00e4 arkea.<\/div>\n<div><\/div>\n<div>Kurssin aikana saat inspiroivan harjoituksen joka p\u00e4iv\u00e4lle videon muodossa kolmen viikon ajalle (yhteens\u00e4 21 teht\u00e4v\u00e4\u00e4). Harjoitusten tekemiseen menee minimiss\u00e4\u00e4n vain noin 10-15 minuuttia ja voit tehd\u00e4 sen mihin aikaan p\u00e4iv\u00e4st\u00e4 vain. Kurssilaisten suljetussa Facebook-ryhm\u00e4ss\u00e4 voit saada vinkkej\u00e4 ty\u00f6skentelyyn sek\u00e4 halutessasi jakaa kuvia t\u00f6ist\u00e4si. P\u00e4\u00e4set my\u00f6s osallistumaan suosittuihin, viikoittain pidett\u00e4viin online-maalaushetkiin Zoomissa. Maalaushetkiin saat osallistua niin pitk\u00e4\u00e4n kuin haluat, vaikka varsinainen kurssisi loppuisikin. Kurssin kaikki teht\u00e4v\u00e4t ovat avoinna vuoden 2026 loppuun saakka.<\/div>\n<\/div>\n<div data-pm-slice=\"0 0 []\" data-en-clipboard=\"true\">\n<div><\/div>\n<div>Taidep\u00e4iv\u00e4kirjan teht\u00e4viss\u00e4 yhdistyv\u00e4t luova piirustus ja maalaus sek\u00e4 mindfulnessharjoitukset. Harjoitukset aktivoivat luovaa ajattelua ja edist\u00e4v\u00e4t kokonaisvaltaista hyvinvointia. Sinun ei tarvitse keskitty\u00e4 piirt\u00e4mis- tai maalaustekniikkaan, vaan p\u00e4\u00e4paino on omassa ilmaisussa, kokeilemisessa, t\u00e4ss\u00e4 hetkess\u00e4 olemisessa ja intuitiossa. Jokainen voi l\u00f6yt\u00e4\u00e4 oman luovuutensa. Mit\u00e4\u00e4n aiempaa kokemusta taiteen tekemisest\u00e4 et tarvitse.<\/div>\n<div><\/div>\n<div>Luova tekeminen rauhoittaa mielt\u00e4 ja v\u00e4hent\u00e4\u00e4 stressi\u00e4. Se voi valmistaa p\u00e4iv\u00e4n tapahtumiin, rytmitt\u00e4\u00e4 kiireist\u00e4 arkea tai sulkea p\u00e4\u00e4ttyv\u00e4n p\u00e4iv\u00e4n.<\/div>\n<div><\/div>\n<div>V\u00e4lineiksi kurssille tarvitset v\u00e4hint\u00e4\u00e4n luonnoskirjan tai vihkon, koko voi olla pieni tai suuri. Taidep\u00e4iv\u00e4kirja Akryyli -kurssilla v\u00e4linein\u00e4 k\u00e4ytet\u00e4\u00e4n akryyliv\u00e4rej\u00e4, tussia ja vahaliituja. Halutessasi voit hankkia lis\u00e4ksi erilaisia siveltimi\u00e4, sieni\u00e4 ja papereita.<\/div>\n<div><\/div>\n<div>Kurssi sopii ihan jokaiselle, mutta erityisesti sinulle, joka olet maalannut joskus \u00f6ljy- tai akryyliv\u00e4reill\u00e4 mutta tekemisest\u00e4 on pitk\u00e4 aika. Samoin jos sinulla jo on akryyliv\u00e4rit olemassa, mutta et oikein tied\u00e4 miten niit\u00e4 k\u00e4ytet\u00e4\u00e4n tai miten p\u00e4\u00e4set tekemisess\u00e4 alkuun. Akryyli-kurssi sopii mainiosti my\u00f6s jatkokurssiksi Taidep\u00e4iv\u00e4kirja Akvarellikurssille.<\/div>\n<div><\/div>\n<div>Maksun suorittamisen j\u00e4lkeen saat viimeist\u00e4\u00e4n seuraavana p\u00e4iv\u00e4n\u00e4 tunnukset kurssialustalle.<\/div>\n<div><\/div>\n<div>Opettajana toimii luovan maalaustaiteen opettaja ja kuvataiteilija Riika Pikkuvirta (TaM).<\/div>\n<div><\/div>\n<div>Lis\u00e4tietoja saat Riikalta <a href=\"mailto:riika.pikkuvirta@art-hub.fi\" rev=\"en_rl_none\">riika@amco.fi<\/a><\/div>\n<\/div>\n","protected":false},"excerpt":{"rendered":"<p>Taidep\u00e4iv\u00e4kirja Akryyli -kurssilla v\u00e4linein\u00e4 k\u00e4ytet\u00e4\u00e4n akryyliv\u00e4rej\u00e4, tussia ja vahaliituja. Teht\u00e4viss\u00e4 yhdistyv\u00e4t luova piirustus ja maalaus sek\u00e4 mindfulnessharjoitukset. Harjoitukset aktivoivat luovaa ajattelua ja edist\u00e4v\u00e4t kokonaisvaltaista hyvinvointia. Sinun ei tarvitse keskitty\u00e4 piirt\u00e4mis- tai maalaustekniikkaan, vaan p\u00e4\u00e4paino on omassa ilmaisussa, kokeilemisessa, t\u00e4ss\u00e4 hetkess\u00e4 olemisessa ja intuitiossa. Jokainen voi l\u00f6yt\u00e4\u00e4 oman luovuutensa. Mit\u00e4\u00e4n aiempaa kokemusta taiteen tekemisest\u00e4 et tarvitse.<\/p>\n","protected":false},"featured_media":729,"comment_status":"open","ping_status":"closed","template":"","meta":{"_acf_changed":false,"_kad_post_transparent":"default","_kad_post_title":"","_kad_post_layout":"default","_kad_post_sidebar_id":"","_kad_post_content_style":"default","_kad_post_vertical_padding":"default","_kad_post_feature":"","_kad_post_feature_position":"","_kad_post_header":false,"_kad_post_footer":false,"_kad_post_classname":""},"product_brand":[],"product_cat":[20],"product_tag":[],"class_list":{"0":"post-324","1":"product","2":"type-product","3":"status-publish","4":"has-post-thumbnail","6":"product_cat-kulttuuriedut","8":"first","9":"instock","10":"taxable","11":"shipping-taxable","12":"purchasable","13":"product-type-simple","14":"entry","15":"content-bg","16":"loop-entry"},"acf":[],"_links":{"self":[{"href":"https:\/\/marketplace.epassi.fi\/art-hub\/wp-json\/wp\/v2\/product\/324","targetHints":{"allow":["GET"]}}],"collection":[{"href":"https:\/\/marketplace.epassi.fi\/art-hub\/wp-json\/wp\/v2\/product"}],"about":[{"href":"https:\/\/marketplace.epassi.fi\/art-hub\/wp-json\/wp\/v2\/types\/product"}],"replies":[{"embeddable":true,"href":"https:\/\/marketplace.epassi.fi\/art-hub\/wp-json\/wp\/v2\/comments?post=324"}],"wp:featuredmedia":[{"embeddable":true,"href":"https:\/\/marketplace.epassi.fi\/art-hub\/wp-json\/wp\/v2\/media\/729"}],"wp:attachment":[{"href":"https:\/\/marketplace.epassi.fi\/art-hub\/wp-json\/wp\/v2\/media?parent=324"}],"wp:term":[{"taxonomy":"product_brand","embeddable":true,"href":"https:\/\/marketplace.epassi.fi\/art-hub\/wp-json\/wp\/v2\/product_brand?post=324"},{"taxonomy":"product_cat","embeddable":true,"href":"https:\/\/marketplace.epassi.fi\/art-hub\/wp-json\/wp\/v2\/product_cat?post=324"},{"taxonomy":"product_tag","embeddable":true,"href":"https:\/\/marketplace.epassi.fi\/art-hub\/wp-json\/wp\/v2\/product_tag?post=324"}],"curies":[{"name":"wp","href":"https:\/\/api.w.org\/{rel}","templated":true}]}}