{"id":514,"date":"2023-09-10T14:38:29","date_gmt":"2023-09-10T11:38:29","guid":{"rendered":"https:\/\/marketplace.epassi.fi\/art-hub\/?post_type=product&#038;p=514"},"modified":"2024-11-17T10:15:52","modified_gmt":"2024-11-17T08:15:52","slug":"taidepaivakirja-pinnan-alla-3-viikon-intuitiivisen-taiteen-verkkokurssi-kurssi-alkaa-2-10-2023","status":"publish","type":"product","link":"https:\/\/marketplace.epassi.fi\/art-hub\/kauppa\/kulttuuriedut\/taidepaivakirja-pinnan-alla-3-viikon-intuitiivisen-taiteen-verkkokurssi-kurssi-alkaa-2-10-2023\/","title":{"rendered":"Taidep\u00e4iv\u00e4kirja Pinnan Alla &#8211; 3 viikon intuitiivisen taiteen verkkokurssi."},"content":{"rendered":"<p data-sanitized-data-mce-fragment=\"1\">Sanotaan, ett\u00e4 luovuus alkaa siit\u00e4, mihin tiet\u00e4minen loppuu. Pinnan alla -intuitiivisen maalauksen taidep\u00e4iv\u00e4kirjakurssilla sukelletaan pintaa syvemm\u00e4lle.<\/p>\n<p data-sanitized-data-mce-fragment=\"1\">Intuitiivinen maalaaminen vie pois arjen kiireest\u00e4. Ty\u00f6skentely on nopeaa ja vaistonvaraista, jolloin j\u00e4tet\u00e4\u00e4n tietoisen mielen ohjaus ja p\u00e4\u00e4stet\u00e4\u00e4n irti odotuksista ja tavoitteista. Ideat, ajatukset ja tunteet saavat virrata vapaasti. Inspiraation l\u00e4hteen\u00e4 on jokaisen oma sis\u00e4inen maailma, joka tuodaan n\u00e4kyv\u00e4ksi v\u00e4rien ja muotojen avulla.<\/p>\n<p data-sanitized-data-mce-fragment=\"1\">Intuitiivinen maalaaminen ei ole pelk\u00e4st\u00e4\u00e4n taiteen tekemist\u00e4. Se on henkil\u00f6kohtainen kokemus, jota jokainen l\u00e4hestyy omalla tavallaan. T\u00e4rkeint\u00e4 on luottaa omaan intuitioon ja antaa itsens\u00e4 uppoutua luovuuden virtaan, mik\u00e4 voi johtaa ainutlaatuisten ja vaikuttavienkin kuvien syntymiseen. Se voi my\u00f6s avata oven syvempiin tunteisiin ja ajatuksiin.<\/p>\n<p data-sanitized-data-mce-fragment=\"1\">Pinnan alla &#8211; intuitiivisen maalauksen taidep\u00e4iv\u00e4kirjakurssi kest\u00e4\u00e4 kolme viikkoa, jona aikana saat viisitoista intuitiiviseen taiteen tekemiseen perustuvaa teht\u00e4v\u00e4\u00e4. Maalaamiseen yhdistell\u00e4\u00e4n my\u00f6s erilaisia kollaasi- ja painantamenetelmi\u00e4.<\/p>\n<p data-sanitized-data-mce-fragment=\"1\">Jos haluat mielummin aloittaa yhdess\u00e4 ryhm\u00e4n kanssa, uusi ryhm\u00e4 aloittaa loppiaisena 6.1.2025. Ryhm\u00e4aloituksissa teht\u00e4v\u00e4t tulevat yksitellen kerran p\u00e4iv\u00e4ss\u00e4, kolmen viikon ajan. Uusille kurssille pidet\u00e4\u00e4n puolen tunnin livetapaamisia ennen viikoittaisia Taidep\u00e4iv\u00e4kirja Live -maalaushetki\u00e4. Tapaamiset my\u00f6s tallennetaan tammikuun ajan, joten jos et p\u00e4\u00e4se mukaan, voit katsoa tallenteen my\u00f6hemmin. Jos haluat aloittaa kurssin vasta tammikussa, laita siit\u00e4 minulle viesti\u00e4 osoitteeseen riika.pikkuvirta@art-hub.fi. Muussa tapauksessa saat kaikki teht\u00e4v\u00e4t k\u00e4ytt\u00f6\u00f6si heti.<\/p>\n<p data-sanitized-data-mce-fragment=\"1\">Teht\u00e4v\u00e4n voit tehd\u00e4 mihin aikaan p\u00e4iv\u00e4st\u00e4 tahansa, mutta vaikka teht\u00e4vien tekemiseen menee minimiss\u00e4\u00e4n vain 10-15 minuuttia, valitse mielell\u00e4\u00e4n sellainen ajankohta, ett\u00e4 voit halutessasi jatkaa tekemist\u00e4 pidemp\u00e4\u00e4n.<\/p>\n<p data-sanitized-data-mce-fragment=\"1\">V\u00e4rein\u00e4 voit k\u00e4ytt\u00e4\u00e4 joko akvarelli-, guassi-, tempera- tai akryyliv\u00e4rej\u00e4, joista yksi tulisi olla valkoinen ja yksi musta.\u00a0Lis\u00e4ksi tarvitset taidep\u00e4iv\u00e4kirjan. Se voi olla mik\u00e4 tahansa luonnoskirja, jossa sivut ovat mielell\u00e4\u00e4n hieman paksumpaa paperia (yli 120g) tai irrallisia paperiarkkeja, jotka voit my\u00f6hemmin sitoa kirjaksi.<\/p>\n<p data-sanitized-data-mce-fragment=\"1\">Saat p\u00e4\u00e4syn my\u00f6s viikoittain pidett\u00e4viin tunnin mittaisiin Taidep\u00e4iv\u00e4kirja Live -maalaushetkiin. Maalaushetkiin voit t\u00e4m\u00e4n j\u00e4lkeen osallistua niin pitk\u00e4\u00e4n kuin haluat. Kurssin kaikki teht\u00e4v\u00e4t ovat avoinna vuoden 2026 loppuun saakka.<\/p>\n<p data-sanitized-data-mce-fragment=\"1\">\n","protected":false},"excerpt":{"rendered":"<p data-sanitized-data-mce-fragment=\"1\">Pinnan alla -intuitiivisen maalauksen taidep\u00e4iv\u00e4kirjakurssilla sukelletaan pintaa syvemm\u00e4lle. Intuitiivinen maalaaminen vie pois arjen kiireest\u00e4. Ty\u00f6skentely on nopeaa ja vaistonvaraista, jolloin j\u00e4tet\u00e4\u00e4n tietoisen mielen ohjaus ja p\u00e4\u00e4stet\u00e4\u00e4n irti odotuksista ja tavoitteista. Ideat, ajatukset ja tunteet saavat virrata vapaasti. Inspiraation l\u00e4hteen\u00e4 on jokaisen oma sis\u00e4inen maailma, joka tuodaan n\u00e4kyv\u00e4ksi v\u00e4rien ja muotojen avulla.<\/p>\n","protected":false},"featured_media":515,"comment_status":"open","ping_status":"closed","template":"","meta":{"_acf_changed":false,"_kad_post_transparent":"default","_kad_post_title":"","_kad_post_layout":"default","_kad_post_sidebar_id":"","_kad_post_content_style":"default","_kad_post_vertical_padding":"default","_kad_post_feature":"","_kad_post_feature_position":"","_kad_post_header":false,"_kad_post_footer":false,"_kad_post_classname":""},"product_brand":[],"product_cat":[20],"product_tag":[],"class_list":{"0":"post-514","1":"product","2":"type-product","3":"status-publish","4":"has-post-thumbnail","6":"product_cat-kulttuuriedut","8":"first","9":"instock","10":"taxable","11":"shipping-taxable","12":"purchasable","13":"product-type-simple","14":"entry","15":"content-bg","16":"loop-entry"},"acf":[],"_links":{"self":[{"href":"https:\/\/marketplace.epassi.fi\/art-hub\/wp-json\/wp\/v2\/product\/514","targetHints":{"allow":["GET"]}}],"collection":[{"href":"https:\/\/marketplace.epassi.fi\/art-hub\/wp-json\/wp\/v2\/product"}],"about":[{"href":"https:\/\/marketplace.epassi.fi\/art-hub\/wp-json\/wp\/v2\/types\/product"}],"replies":[{"embeddable":true,"href":"https:\/\/marketplace.epassi.fi\/art-hub\/wp-json\/wp\/v2\/comments?post=514"}],"wp:featuredmedia":[{"embeddable":true,"href":"https:\/\/marketplace.epassi.fi\/art-hub\/wp-json\/wp\/v2\/media\/515"}],"wp:attachment":[{"href":"https:\/\/marketplace.epassi.fi\/art-hub\/wp-json\/wp\/v2\/media?parent=514"}],"wp:term":[{"taxonomy":"product_brand","embeddable":true,"href":"https:\/\/marketplace.epassi.fi\/art-hub\/wp-json\/wp\/v2\/product_brand?post=514"},{"taxonomy":"product_cat","embeddable":true,"href":"https:\/\/marketplace.epassi.fi\/art-hub\/wp-json\/wp\/v2\/product_cat?post=514"},{"taxonomy":"product_tag","embeddable":true,"href":"https:\/\/marketplace.epassi.fi\/art-hub\/wp-json\/wp\/v2\/product_tag?post=514"}],"curies":[{"name":"wp","href":"https:\/\/api.w.org\/{rel}","templated":true}]}}