{"id":527,"date":"2023-11-12T16:31:48","date_gmt":"2023-11-12T14:31:48","guid":{"rendered":"https:\/\/marketplace.epassi.fi\/art-hub\/?post_type=product&#038;p=527"},"modified":"2025-07-22T13:28:32","modified_gmt":"2025-07-22T10:28:32","slug":"vedic-art-viikonloppukurssi","status":"publish","type":"product","link":"https:\/\/marketplace.epassi.fi\/art-hub\/kauppa\/kulttuuriedut\/vedic-art-viikonloppukurssi\/","title":{"rendered":"Vedic Art -viikonloppukurssi, osa 1, 2 tai 3"},"content":{"rendered":"<p>Vedic Art peruskurssen osioita pidet\u00e4\u00e4n noin kerran kuussa la-su klo 10-16 Helsingin Kalliossa. Viikonlopun hinta on 155,- (peruskurssin osa 1, 2 tai 3). Kurssiviikonloput n\u00e4et Arts &amp; Minds Collectiven taidekaupasta https:\/\/arthubkauppa.myshopify.com\/collections\/vedic-art-kurssit<\/p>\n<p>Maksun j\u00e4lkeen l\u00e4het\u00e4 s\u00e4hk\u00f6postia, kun tied\u00e4t mille kurssiviikonlopulle haluat ilmoittautua.<\/p>\n<p>Voit ottaa mukaan omat materiaalit (akryyli- tai guassiv\u00e4rit, siveltimet, maalauspohjia, luonnoslehti\u00f6 ja lyijykyni\u00e4) tai maksaa materiaalimaksun 25,-, jolla saat k\u00e4ytt\u00f6\u00f6si kaikki viikonlopun aikana tarvittavat materiaalit. Materiaalimaksua ei voi maksaa kulttuuriedulla.<\/p>\n<p>Koko peruskurssi koostuu kaikenkaikkiaan kolmesta osiosta (kolmesta viikonlopusta), mutta jokaisen osion j\u00e4lkeen voit itse p\u00e4\u00e4tt\u00e4\u00e4, jatkatko seuraavaan. Yhden viikonlopun aikana voit k\u00e4yd\u00e4 l\u00e4pi joko ykk\u00f6s-, kakkos- tai kolmososion. Vedic Art kurssin aloittaminen ei edellyt\u00e4 mit\u00e4\u00e4n aiempaa kokemusta maalaamisesta. Kurssip\u00e4iv\u00e4 rakentuu reaaliaikaisista luennoista sek\u00e4 niiden v\u00e4liss\u00e4 teht\u00e4vist\u00e4 harjoituksista.<\/p>\n<p>Kurssin opettajana toimii kuvataiteilija ja kuvataideopettaja Riika Pikkuvirta (TaM). Riika on my\u00f6s Vedic Art Internationalin Suomen koordinaattori, sek\u00e4 ainoa Vedic Art -opettaja Suomessa, jolla on Vedic Art Online-kurssien pit\u00e4miseen oikeuttava sertifikaatti. Riika on pit\u00e4nyt aktiivisesti Vedic Art kursseja vuodesta 2018 l\u00e4htien.<\/p>\n<p>Lis\u00e4tietoja kurssista saat riika.pikkuvirta@art-hub.fi<\/p>\n<p>Lis\u00e4tietoja Vedic Artista\u00a0<a title=\"www.vedicart.fi\" href=\"https:\/\/arthubkauppa.myshopify.com\/products\/www.vedicart.fi\" target=\"_blank\" rel=\"noopener\">www.vedicart.fi<\/a>\u00a0tai\u00a0<a title=\"www.vedicart.com\" href=\"https:\/\/arthubkauppa.myshopify.com\/products\/www.vedicart.com\" target=\"_blank\" rel=\"noopener\">www.vedicart.com<\/a><\/p>\n","protected":false},"excerpt":{"rendered":"<p>Vedic Art on moderni taiteen menetelm\u00e4, joka pohjautuu ikivanhaan veda-tietoon. Luova prosessi l\u00e4htee omasta sisimm\u00e4st\u00e4 ja ajatuksesta, ett\u00e4 jokainen osaa maalata. Voit nauttia taiteen tekemisest\u00e4 t\u00e4ysin vapaasti, ilman mielen rajoitteita ja kritiikki\u00e4. Voit ostaa Vedic Art -kurssiviikonlopun kulttuuriedulla ja p\u00e4\u00e4tt\u00e4\u00e4 my\u00f6hemmin, mille kurssille osallistut. Kursseja pidet\u00e4\u00e4n noin kerran kuussa.<\/p>\n","protected":false},"featured_media":725,"comment_status":"open","ping_status":"closed","template":"","meta":{"_acf_changed":false,"_kad_post_transparent":"default","_kad_post_title":"","_kad_post_layout":"default","_kad_post_sidebar_id":"","_kad_post_content_style":"default","_kad_post_vertical_padding":"default","_kad_post_feature":"","_kad_post_feature_position":"","_kad_post_header":false,"_kad_post_footer":false,"_kad_post_classname":""},"product_brand":[],"product_cat":[20],"product_tag":[],"class_list":{"0":"post-527","1":"product","2":"type-product","3":"status-publish","4":"has-post-thumbnail","6":"product_cat-kulttuuriedut","8":"first","9":"instock","10":"virtual","11":"taxable","12":"purchasable","13":"product-type-simple","14":"entry","15":"content-bg","16":"loop-entry"},"acf":[],"_links":{"self":[{"href":"https:\/\/marketplace.epassi.fi\/art-hub\/wp-json\/wp\/v2\/product\/527","targetHints":{"allow":["GET"]}}],"collection":[{"href":"https:\/\/marketplace.epassi.fi\/art-hub\/wp-json\/wp\/v2\/product"}],"about":[{"href":"https:\/\/marketplace.epassi.fi\/art-hub\/wp-json\/wp\/v2\/types\/product"}],"replies":[{"embeddable":true,"href":"https:\/\/marketplace.epassi.fi\/art-hub\/wp-json\/wp\/v2\/comments?post=527"}],"wp:featuredmedia":[{"embeddable":true,"href":"https:\/\/marketplace.epassi.fi\/art-hub\/wp-json\/wp\/v2\/media\/725"}],"wp:attachment":[{"href":"https:\/\/marketplace.epassi.fi\/art-hub\/wp-json\/wp\/v2\/media?parent=527"}],"wp:term":[{"taxonomy":"product_brand","embeddable":true,"href":"https:\/\/marketplace.epassi.fi\/art-hub\/wp-json\/wp\/v2\/product_brand?post=527"},{"taxonomy":"product_cat","embeddable":true,"href":"https:\/\/marketplace.epassi.fi\/art-hub\/wp-json\/wp\/v2\/product_cat?post=527"},{"taxonomy":"product_tag","embeddable":true,"href":"https:\/\/marketplace.epassi.fi\/art-hub\/wp-json\/wp\/v2\/product_tag?post=527"}],"curies":[{"name":"wp","href":"https:\/\/api.w.org\/{rel}","templated":true}]}}