{"id":528,"date":"2023-11-12T19:15:46","date_gmt":"2023-11-12T17:15:46","guid":{"rendered":"https:\/\/marketplace.epassi.fi\/art-hub\/?post_type=product&#038;p=528"},"modified":"2025-07-22T13:29:15","modified_gmt":"2025-07-22T10:29:15","slug":"vedic-art-online-viikonloppukurssi","status":"publish","type":"product","link":"https:\/\/marketplace.epassi.fi\/art-hub\/kauppa\/kulttuuriedut\/vedic-art-online-viikonloppukurssi\/","title":{"rendered":"Vedic Art Online -viikonloppukurssi"},"content":{"rendered":"<p>Vedic Art Online -peruskurssit pidet\u00e4\u00e4n la-su klo 10-16 verkossa Zoom-sovelluksen kautta. Viikonlopun hinta on 125,- (peruskurssin osa 1, 2 tai 3). Tarvitset vain omat maalaus- ja piirustusv\u00e4lineet (mielell\u00e4\u00e4n akryyliv\u00e4rit sek\u00e4 maalauspohjia, siveltimi\u00e4, luonnoslehti\u00f6n sek\u00e4 pehme\u00e4n lyijynyn\u00e4n). Kurssiviikonloppuja pidet\u00e4\u00e4n noin kerran kuussa. Kurssip\u00e4iv\u00e4m\u00e4\u00e4r\u00e4t n\u00e4et Arts &amp; Minds Collectiven taidekaupasta https:\/\/arthubkauppa.myshopify.com\/collections\/vedic-art-kurssit<\/p>\n<p>Maksun j\u00e4lkeen ilmoita s\u00e4hk\u00f6postitse, mille kurssiviikonlopulle haluat mukaan.<\/p>\n<p>Kurssip\u00e4iv\u00e4 rakentuu reaaliaikaisista luennoista sek\u00e4 niiden v\u00e4liss\u00e4 teht\u00e4vist\u00e4 harjoituksista. Koko peruskurssi koostuu kaikenkaikkiaan kolmesta osiosta (kolmesta viikonlopusta), mutta jokaisen osion j\u00e4lkeen voit itse p\u00e4\u00e4tt\u00e4\u00e4, jatkatko seuraavaan.\u00a0Yhden viikonlopun aikana voit k\u00e4yd\u00e4 l\u00e4pi joko ykk\u00f6s-, kakkos- tai kolmososion.\u00a0Vedic Art kurssin aloittaminen ei edellyt\u00e4 mit\u00e4\u00e4n aiempaa kokemusta maalaamisesta.<\/p>\n<p><strong>Kurssia ei ole mahdollista saada tallenteina tai omaan tahtiin suoritettavana verkkokurssina.\u00a0 Osallistuminen edellytt\u00e4\u00e4 l\u00e4sn\u00e4oloa.\u00a0<\/strong><\/p>\n<p>Kurssin opettajana toimii kuvataiteilija ja kuvataideopettaja Riika Pikkuvirta (TaM). Riika on my\u00f6s Vedic Art Internationalin Suomen koordinaattori, sek\u00e4 ainoa Vedic Art -opettaja Suomessa, jolla on Vedic Art Online-kurssien sertifikaatti.<\/p>\n<p>Lis\u00e4tietoja kurssista saat riika@amco.fi<\/p>\n<p>Lis\u00e4tietoja Vedic Artista\u00a0<a title=\"www.vedicart.fi\" href=\"https:\/\/admin.shopify.com\/store\/a1b9eb\/products\/www.vedicart.fi\" data-sanitized-target=\"_blank\">www.vedicart.fi<\/a>\u00a0tai\u00a0<a title=\"www.vedicart.com\" href=\"https:\/\/admin.shopify.com\/store\/a1b9eb\/products\/www.vedicart.com\" data-sanitized-target=\"_blank\">www.vedicart.com<\/a><\/p>\n","protected":false},"excerpt":{"rendered":"<p>Vedic Art on moderni taiteen menetelm\u00e4, joka pohjautuu ikivanhaan veda-tietoon. Luova prosessi l\u00e4htee omasta sisimm\u00e4st\u00e4 ja ajatuksesta, ett\u00e4 jokainen osaa maalata. Voit nauttia taiteen tekemisest\u00e4 t\u00e4ysin vapaasti, ilman mielen rajoitteita ja kritiikki\u00e4.<\/p>\n<p>Voit ostaa Vedic Art -kurssiviikonlopun kulttuuriedulla ja p\u00e4\u00e4tt\u00e4\u00e4 my\u00f6hemmin, mille kurssille osallistut. Kursseja pidet\u00e4\u00e4n noin kerran kuussa.<\/p>\n","protected":false},"featured_media":724,"comment_status":"open","ping_status":"closed","template":"","meta":{"_acf_changed":false,"_kad_post_transparent":"default","_kad_post_title":"","_kad_post_layout":"default","_kad_post_sidebar_id":"","_kad_post_content_style":"default","_kad_post_vertical_padding":"default","_kad_post_feature":"","_kad_post_feature_position":"","_kad_post_header":false,"_kad_post_footer":false,"_kad_post_classname":""},"product_brand":[],"product_cat":[20],"product_tag":[],"class_list":{"0":"post-528","1":"product","2":"type-product","3":"status-publish","4":"has-post-thumbnail","6":"product_cat-kulttuuriedut","8":"first","9":"instock","10":"virtual","11":"taxable","12":"purchasable","13":"product-type-simple","14":"entry","15":"content-bg","16":"loop-entry"},"acf":[],"_links":{"self":[{"href":"https:\/\/marketplace.epassi.fi\/art-hub\/wp-json\/wp\/v2\/product\/528","targetHints":{"allow":["GET"]}}],"collection":[{"href":"https:\/\/marketplace.epassi.fi\/art-hub\/wp-json\/wp\/v2\/product"}],"about":[{"href":"https:\/\/marketplace.epassi.fi\/art-hub\/wp-json\/wp\/v2\/types\/product"}],"replies":[{"embeddable":true,"href":"https:\/\/marketplace.epassi.fi\/art-hub\/wp-json\/wp\/v2\/comments?post=528"}],"wp:featuredmedia":[{"embeddable":true,"href":"https:\/\/marketplace.epassi.fi\/art-hub\/wp-json\/wp\/v2\/media\/724"}],"wp:attachment":[{"href":"https:\/\/marketplace.epassi.fi\/art-hub\/wp-json\/wp\/v2\/media?parent=528"}],"wp:term":[{"taxonomy":"product_brand","embeddable":true,"href":"https:\/\/marketplace.epassi.fi\/art-hub\/wp-json\/wp\/v2\/product_brand?post=528"},{"taxonomy":"product_cat","embeddable":true,"href":"https:\/\/marketplace.epassi.fi\/art-hub\/wp-json\/wp\/v2\/product_cat?post=528"},{"taxonomy":"product_tag","embeddable":true,"href":"https:\/\/marketplace.epassi.fi\/art-hub\/wp-json\/wp\/v2\/product_tag?post=528"}],"curies":[{"name":"wp","href":"https:\/\/api.w.org\/{rel}","templated":true}]}}