{"id":338,"date":"2021-11-14T20:08:25","date_gmt":"2021-11-14T18:08:25","guid":{"rendered":"https:\/\/marketplace.epassi.fi\/askellusklinikka\/?post_type=product&#038;p=338"},"modified":"2024-09-01T00:03:21","modified_gmt":"2024-08-31T21:03:21","slug":"saadettava-tietokoneteline","status":"publish","type":"product","link":"https:\/\/marketplace.epassi.fi\/askellusklinikka\/kauppa\/ergosafe\/ergosafe-muut\/saadettava-tietokoneteline\/","title":{"rendered":"S\u00e4\u00e4dett\u00e4v\u00e4 tietokoneteline"},"content":{"rendered":"<p><span class=\"Y2IQFc\" lang=\"fi\">Swedish Posturen -tietokoneteline on ergonominen ty\u00f6p\u00f6yd\u00e4n varuste, joka tarjoaa miellytt\u00e4v\u00e4n katselukulman kannettavan n\u00e4yt\u00f6lle optimaalisella ergonomialla. Jalusta mahdollistaa 6 erilaisen k\u00e4ytt\u00f6tason, jotka auttavat s\u00e4ilytt\u00e4m\u00e4\u00e4n niskasi luonnollisessa asennossa. T\u00e4m\u00e4 on t\u00e4ydellinen parannus p\u00e4ivitt\u00e4iseen ty\u00f6h\u00f6si ty\u00f6paikan, kokousten tai videoiden katselun aikana. Sopii sek\u00e4 istuma- ett\u00e4 seisomaty\u00f6skentelyyn.<\/span><\/p>\n","protected":false},"excerpt":{"rendered":"<p><strong>Telineen ominaisuudet:<\/strong><\/p>\n<ul>\n<li id=\"tw-target-text\" class=\"tw-data-text tw-text-large XcVN5d tw-ta\" data-placeholder=\"K\u00e4\u00e4nn\u00f6s\"><span class=\"Y2IQFc\" lang=\"fi\">Tyylik\u00e4s, huomaamaton ja k\u00e4ytt\u00e4j\u00e4yst\u00e4v\u00e4llinen muotoilu. <\/span><\/li>\n<li class=\"tw-data-text tw-text-large XcVN5d tw-ta\" data-placeholder=\"K\u00e4\u00e4nn\u00f6s\"><span class=\"Y2IQFc\" lang=\"fi\">6 erillist\u00e4 s\u00e4\u00e4dett\u00e4v\u00e4\u00e4 tasoa. <\/span><\/li>\n<li class=\"tw-data-text tw-text-large XcVN5d tw-ta\" data-placeholder=\"K\u00e4\u00e4nn\u00f6s\"><span class=\"Y2IQFc\" lang=\"fi\">Kokoon taitettava<\/span><span class=\"Y2IQFc\" lang=\"fi\">, joka mahtuu helposti laukkuun <\/span><\/li>\n<li class=\"tw-data-text tw-text-large XcVN5d tw-ta\" data-placeholder=\"K\u00e4\u00e4nn\u00f6s\"><span class=\"Y2IQFc\" lang=\"fi\">Monikulmainen muotoilu<\/span><\/li>\n<li class=\"tw-data-text tw-text-large XcVN5d tw-ta\" data-placeholder=\"K\u00e4\u00e4nn\u00f6s\"><span class=\"Y2IQFc\" lang=\"fi\">Ergonominen ja asentoyst\u00e4v\u00e4llinen katselukulma <\/span><\/li>\n<li class=\"tw-data-text tw-text-large XcVN5d tw-ta\" data-placeholder=\"K\u00e4\u00e4nn\u00f6s\"><span class=\"Y2IQFc\" lang=\"fi\">Liukumaton muotoilu <\/span><\/li>\n<li class=\"tw-data-text tw-text-large XcVN5d tw-ta\" data-placeholder=\"K\u00e4\u00e4nn\u00f6s\"><span class=\"Y2IQFc\" lang=\"fi\">Koko taitettuna: 45 x 240 x 14 mm <\/span><\/li>\n<li class=\"tw-data-text tw-text-large XcVN5d tw-ta\" data-placeholder=\"K\u00e4\u00e4nn\u00f6s\"><span class=\"Y2IQFc\" lang=\"fi\">Koko avattuna: 165 x 240 x 14 mm <\/span><\/li>\n<li class=\"tw-data-text tw-text-large XcVN5d tw-ta\" data-placeholder=\"K\u00e4\u00e4nn\u00f6s\"><span class=\"Y2IQFc\" lang=\"fi\">Materiaali: 100% alumiinia<\/span><\/li>\n<li data-placeholder=\"K\u00e4\u00e4nn\u00f6s\">Hinta sis. toimituskulut<\/li>\n<\/ul>\n","protected":false},"featured_media":341,"comment_status":"open","ping_status":"closed","template":"","meta":{"_acf_changed":false,"_kad_post_transparent":"default","_kad_post_title":"","_kad_post_layout":"default","_kad_post_sidebar_id":"","_kad_post_content_style":"default","_kad_post_vertical_padding":"default","_kad_post_feature":"","_kad_post_feature_position":"","_kad_post_header":false,"_kad_post_footer":false,"_kad_post_classname":""},"product_brand":[],"product_cat":[22,35],"product_tag":[],"class_list":{"0":"post-338","1":"product","2":"type-product","3":"status-publish","4":"has-post-thumbnail","6":"product_cat-ergosafe","7":"product_cat-ergosafe-muut","9":"first","10":"instock","11":"taxable","12":"shipping-taxable","13":"purchasable","14":"product-type-simple","15":"entry","16":"content-bg","17":"loop-entry"},"acf":[],"_links":{"self":[{"href":"https:\/\/marketplace.epassi.fi\/askellusklinikka\/wp-json\/wp\/v2\/product\/338","targetHints":{"allow":["GET"]}}],"collection":[{"href":"https:\/\/marketplace.epassi.fi\/askellusklinikka\/wp-json\/wp\/v2\/product"}],"about":[{"href":"https:\/\/marketplace.epassi.fi\/askellusklinikka\/wp-json\/wp\/v2\/types\/product"}],"replies":[{"embeddable":true,"href":"https:\/\/marketplace.epassi.fi\/askellusklinikka\/wp-json\/wp\/v2\/comments?post=338"}],"wp:featuredmedia":[{"embeddable":true,"href":"https:\/\/marketplace.epassi.fi\/askellusklinikka\/wp-json\/wp\/v2\/media\/341"}],"wp:attachment":[{"href":"https:\/\/marketplace.epassi.fi\/askellusklinikka\/wp-json\/wp\/v2\/media?parent=338"}],"wp:term":[{"taxonomy":"product_brand","embeddable":true,"href":"https:\/\/marketplace.epassi.fi\/askellusklinikka\/wp-json\/wp\/v2\/product_brand?post=338"},{"taxonomy":"product_cat","embeddable":true,"href":"https:\/\/marketplace.epassi.fi\/askellusklinikka\/wp-json\/wp\/v2\/product_cat?post=338"},{"taxonomy":"product_tag","embeddable":true,"href":"https:\/\/marketplace.epassi.fi\/askellusklinikka\/wp-json\/wp\/v2\/product_tag?post=338"}],"curies":[{"name":"wp","href":"https:\/\/api.w.org\/{rel}","templated":true}]}}