{"id":357,"date":"2021-11-14T20:39:01","date_gmt":"2021-11-14T18:39:01","guid":{"rendered":"https:\/\/marketplace.epassi.fi\/askellusklinikka\/?post_type=product&#038;p=357"},"modified":"2024-09-01T00:03:21","modified_gmt":"2024-08-31T21:03:21","slug":"swedish-posture-footrest-jalkatuki","status":"publish","type":"product","link":"https:\/\/marketplace.epassi.fi\/askellusklinikka\/kauppa\/ergosafe\/ergosafe-muut\/swedish-posture-footrest-jalkatuki\/","title":{"rendered":"Swedish Posture Footrest -jalkatuki"},"content":{"rendered":"<p>Swedish Posturen Footrest -jalkatuki antaa miellytt\u00e4v\u00e4n tuen jaloillesi, joka takaa ergonomisen istumisen. Jalkatuessa on helposti s\u00e4\u00e4dett\u00e4viss\u00e4 6 eri korkeustasoa ja sen miellytt\u00e4v\u00e4 pintamuotoilu hieroo samalla v\u00e4syneit\u00e4 jalkapohjia. Jalkatukea k\u00e4ytet\u00e4\u00e4n paremman ty\u00f6asennon aikaansaamiseksi, jolloin jaksat ty\u00f6p\u00e4iv\u00e4si paremmin.<\/p>\n","protected":false},"excerpt":{"rendered":"<p><strong>Ominaisuudet:<\/strong><\/p>\n<ul class=\"bullet-points\" aria-label=\"Tuotteesta lyhyesti\">\n<li class=\"bullet-points__item\">6 eri korkeustasoa<\/li>\n<li class=\"bullet-points__item\">Helppo s\u00e4\u00e4t\u00e4\u00e4 sopivaksi<\/li>\n<li>Hieroo ja stimuloi jalkapohjan lihaksia<\/li>\n<li class=\"bullet-points__item\">Koko 29 x 39 cm<\/li>\n<li>Hinta sis. toimituskulut<\/li>\n<\/ul>\n","protected":false},"featured_media":360,"comment_status":"open","ping_status":"closed","template":"","meta":{"_acf_changed":false,"_kad_post_transparent":"default","_kad_post_title":"","_kad_post_layout":"default","_kad_post_sidebar_id":"","_kad_post_content_style":"default","_kad_post_vertical_padding":"default","_kad_post_feature":"","_kad_post_feature_position":"","_kad_post_header":false,"_kad_post_footer":false,"_kad_post_classname":""},"product_brand":[],"product_cat":[22,35],"product_tag":[],"class_list":{"0":"post-357","1":"product","2":"type-product","3":"status-publish","4":"has-post-thumbnail","6":"product_cat-ergosafe","7":"product_cat-ergosafe-muut","9":"first","10":"instock","11":"taxable","12":"shipping-taxable","13":"purchasable","14":"product-type-simple","15":"entry","16":"content-bg","17":"loop-entry"},"acf":[],"_links":{"self":[{"href":"https:\/\/marketplace.epassi.fi\/askellusklinikka\/wp-json\/wp\/v2\/product\/357","targetHints":{"allow":["GET"]}}],"collection":[{"href":"https:\/\/marketplace.epassi.fi\/askellusklinikka\/wp-json\/wp\/v2\/product"}],"about":[{"href":"https:\/\/marketplace.epassi.fi\/askellusklinikka\/wp-json\/wp\/v2\/types\/product"}],"replies":[{"embeddable":true,"href":"https:\/\/marketplace.epassi.fi\/askellusklinikka\/wp-json\/wp\/v2\/comments?post=357"}],"wp:featuredmedia":[{"embeddable":true,"href":"https:\/\/marketplace.epassi.fi\/askellusklinikka\/wp-json\/wp\/v2\/media\/360"}],"wp:attachment":[{"href":"https:\/\/marketplace.epassi.fi\/askellusklinikka\/wp-json\/wp\/v2\/media?parent=357"}],"wp:term":[{"taxonomy":"product_brand","embeddable":true,"href":"https:\/\/marketplace.epassi.fi\/askellusklinikka\/wp-json\/wp\/v2\/product_brand?post=357"},{"taxonomy":"product_cat","embeddable":true,"href":"https:\/\/marketplace.epassi.fi\/askellusklinikka\/wp-json\/wp\/v2\/product_cat?post=357"},{"taxonomy":"product_tag","embeddable":true,"href":"https:\/\/marketplace.epassi.fi\/askellusklinikka\/wp-json\/wp\/v2\/product_tag?post=357"}],"curies":[{"name":"wp","href":"https:\/\/api.w.org\/{rel}","templated":true}]}}