{"id":363,"date":"2021-11-14T20:45:29","date_gmt":"2021-11-14T18:45:29","guid":{"rendered":"https:\/\/marketplace.epassi.fi\/askellusklinikka\/?post_type=product&#038;p=363"},"modified":"2024-09-01T00:03:21","modified_gmt":"2024-08-31T21:03:21","slug":"ergonominen-puhelin-tablettiteline","status":"publish","type":"product","link":"https:\/\/marketplace.epassi.fi\/askellusklinikka\/kauppa\/ergosafe\/ergosafe-muut\/ergonominen-puhelin-tablettiteline\/","title":{"rendered":"Ergonominen puhelin-\/ tablettiteline"},"content":{"rendered":"<p><span class=\"Y2IQFc\" lang=\"fi\">Swedish Posture -puhelinteline on loistava ty\u00f6p\u00f6yd\u00e4n lis\u00e4varuste, joka tarjoaa handsfree-mukavuuden ja miellytt\u00e4v\u00e4n katselukulman optimaaliseen ergonomiaan. Jalustan k\u00e4ytt\u00e4minen auttaa niskaasi pysym\u00e4\u00e4n neutraalissa asennossa. T\u00e4m\u00e4 sopii k\u00e4ytett\u00e4v\u00e4ksi<\/span> ty\u00f6p\u00e4iv\u00e4n aikana, tapaamisissa, videoita katsellessa tai yst\u00e4vien ja perheen kanssa puhuessa. Sopii k\u00e4ytett\u00e4v\u00e4ksi my\u00f6s tabletin kanssa.<\/p>\n","protected":false},"excerpt":{"rendered":"<p><strong>Ominaisuudet:<\/strong><\/p>\n<ul>\n<li>\n<p id=\"tw-target-text\" class=\"tw-data-text tw-text-large XcVN5d tw-ta\" dir=\"ltr\" data-placeholder=\"K\u00e4\u00e4nn\u00f6s\"><span class=\"Y2IQFc\" lang=\"fi\">Yksinkertainen ja k\u00e4ytt\u00e4j\u00e4yst\u00e4v\u00e4llinen muotoilu <\/span><\/p>\n<\/li>\n<li>\n<p id=\"tw-target-text\" class=\"tw-data-text tw-text-large XcVN5d tw-ta\" dir=\"ltr\" data-placeholder=\"K\u00e4\u00e4nn\u00f6s\"><span class=\"Y2IQFc\" lang=\"fi\">Toimii mink\u00e4 tahansa matkapuhelimen tai tabletin kanssa <\/span><\/p>\n<\/li>\n<li>\n<p id=\"tw-target-text\" class=\"tw-data-text tw-text-large XcVN5d tw-ta\" dir=\"ltr\" data-placeholder=\"K\u00e4\u00e4nn\u00f6s\"><span class=\"Y2IQFc\" lang=\"fi\">S\u00e4\u00e4dett\u00e4v\u00e4 &#8211; Se voidaan helposti s\u00e4\u00e4t\u00e4\u00e4 optimaaliseen katseluasentoon <\/span><\/p>\n<\/li>\n<li>\n<p id=\"tw-target-text\" class=\"tw-data-text tw-text-large XcVN5d tw-ta\" dir=\"ltr\" data-placeholder=\"K\u00e4\u00e4nn\u00f6s\"><span class=\"Y2IQFc\" lang=\"fi\">T\u00e4ysin taitettava &#8211; Tyylik\u00e4s miniformaatti, joka mahtuu helposti laukkuun <\/span><\/p>\n<\/li>\n<li>\n<p id=\"tw-target-text\" class=\"tw-data-text tw-text-large XcVN5d tw-ta\" dir=\"ltr\" data-placeholder=\"K\u00e4\u00e4nn\u00f6s\"><span class=\"Y2IQFc\" lang=\"fi\">Monikulmainen muotoilu &#8211; T\u00e4ydellisen ergonominen ja asentoyst\u00e4v\u00e4llinen katselukulma <\/span><\/p>\n<\/li>\n<li>\n<p id=\"tw-target-text\" class=\"tw-data-text tw-text-large XcVN5d tw-ta\" dir=\"ltr\" data-placeholder=\"K\u00e4\u00e4nn\u00f6s\"><span class=\"Y2IQFc\" lang=\"fi\">Liukumaton muotoilu -Tarjoaa maksimaalisen pysyvyyden<\/span><\/p>\n<\/li>\n<li>\n<p id=\"tw-target-text\" class=\"tw-data-text tw-text-large XcVN5d tw-ta\" dir=\"ltr\" data-placeholder=\"K\u00e4\u00e4nn\u00f6s\"><span class=\"Y2IQFc\" lang=\"fi\">Yksi koko <\/span><\/p>\n<\/li>\n<li>\n<p id=\"tw-target-text\" class=\"tw-data-text tw-text-large XcVN5d tw-ta\" dir=\"ltr\" data-placeholder=\"K\u00e4\u00e4nn\u00f6s\"><span class=\"Y2IQFc\" lang=\"fi\">Materiaali: 100% polyesteri\u00e4<\/span><\/p>\n<\/li>\n<li>Hinta sis. toimituskulut<\/li>\n<\/ul>\n","protected":false},"featured_media":369,"comment_status":"open","ping_status":"closed","template":"","meta":{"_acf_changed":false,"_kad_post_transparent":"default","_kad_post_title":"","_kad_post_layout":"default","_kad_post_sidebar_id":"","_kad_post_content_style":"default","_kad_post_vertical_padding":"default","_kad_post_feature":"","_kad_post_feature_position":"","_kad_post_header":false,"_kad_post_footer":false,"_kad_post_classname":""},"product_brand":[],"product_cat":[22,35],"product_tag":[],"class_list":{"0":"post-363","1":"product","2":"type-product","3":"status-publish","4":"has-post-thumbnail","6":"product_cat-ergosafe","7":"product_cat-ergosafe-muut","9":"first","10":"instock","11":"taxable","12":"shipping-taxable","13":"purchasable","14":"product-type-simple","15":"entry","16":"content-bg","17":"loop-entry"},"acf":[],"_links":{"self":[{"href":"https:\/\/marketplace.epassi.fi\/askellusklinikka\/wp-json\/wp\/v2\/product\/363","targetHints":{"allow":["GET"]}}],"collection":[{"href":"https:\/\/marketplace.epassi.fi\/askellusklinikka\/wp-json\/wp\/v2\/product"}],"about":[{"href":"https:\/\/marketplace.epassi.fi\/askellusklinikka\/wp-json\/wp\/v2\/types\/product"}],"replies":[{"embeddable":true,"href":"https:\/\/marketplace.epassi.fi\/askellusklinikka\/wp-json\/wp\/v2\/comments?post=363"}],"wp:featuredmedia":[{"embeddable":true,"href":"https:\/\/marketplace.epassi.fi\/askellusklinikka\/wp-json\/wp\/v2\/media\/369"}],"wp:attachment":[{"href":"https:\/\/marketplace.epassi.fi\/askellusklinikka\/wp-json\/wp\/v2\/media?parent=363"}],"wp:term":[{"taxonomy":"product_brand","embeddable":true,"href":"https:\/\/marketplace.epassi.fi\/askellusklinikka\/wp-json\/wp\/v2\/product_brand?post=363"},{"taxonomy":"product_cat","embeddable":true,"href":"https:\/\/marketplace.epassi.fi\/askellusklinikka\/wp-json\/wp\/v2\/product_cat?post=363"},{"taxonomy":"product_tag","embeddable":true,"href":"https:\/\/marketplace.epassi.fi\/askellusklinikka\/wp-json\/wp\/v2\/product_tag?post=363"}],"curies":[{"name":"wp","href":"https:\/\/api.w.org\/{rel}","templated":true}]}}