{"id":818,"date":"2025-12-08T21:51:28","date_gmt":"2025-12-08T19:51:28","guid":{"rendered":"https:\/\/marketplace.epassi.fi\/askellusklinikka\/?post_type=product&#038;p=818"},"modified":"2025-12-08T21:53:03","modified_gmt":"2025-12-08T19:53:03","slug":"verkkokurssi-vaivasenluun-itsehoitoon","status":"publish","type":"product","link":"https:\/\/marketplace.epassi.fi\/askellusklinikka\/kauppa\/hyvinvointi\/fysioterapia\/verkkokurssi-vaivasenluun-itsehoitoon\/","title":{"rendered":"Verkkokurssi vaivasenluun itsehoitoon"},"content":{"rendered":"<ul>\n<li><strong>Uutuus: Verkkokurssi \u201cEroon vaivaisenluusta\u201d \u2013 Ota askel kohti kivuttomampaa arkea<\/strong><\/li>\n<\/ul>\n<p>Kamppailetko vaivaisenluun aiheuttaman kivun, \u00e4rsytyksen tai jalkater\u00e4n virheasennon kanssa? Nyt voit aloittaa tehokkaan ja turvallisen korjausprosessin kotona \u2013 oman aikataulusi mukaan.<\/p>\n<p>Olen tehnyt sinulle kokonaisvaltaisen verkkokurssin <strong>Eroon vaivaisenluusta<\/strong>, jossa opit askel askeleelta, miten saat isovarpaan liikett\u00e4 paremmaksi, v\u00e4henn\u00e4t kuormitusta ja palautat jalkater\u00e4n luonnollista linjausta.<\/p>\n<p>\ud83d\udc49 <strong>Katso kurssi t\u00e4st\u00e4:<\/strong><br \/>\n<strong><a href=\"https:\/\/eroonvaivaisenluusta.circle.so\/eroon-vaivaisenluusta\">https:\/\/eroonvaivaisenluusta.circle.so\/eroon-vaivaisenluusta<\/a><\/strong><\/p>\n<p><strong>Mit\u00e4 saat kurssilta?<\/strong><\/p>\n<ul>\n<li style=\"list-style-type: none\">\n<ul>\n<li>Selke\u00e4t, progressiiviset harjoitteet, jotka todella vaikuttavat. Mukana yli 40 videota.<\/li>\n<li>Tietoa siit\u00e4, mik\u00e4 aiheuttaa vaivaisenluun \u2013 ja miten sit\u00e4 voi korjata<\/li>\n<li>Konkreettisen suunnitelman, jota on helppo noudattaa<\/li>\n<li>Opastusta teippauksiin, tukiharjoitteisiin ja arjen kuormituksen v\u00e4hent\u00e4miseen<\/li>\n<li>Motivaatiota seurata omaa kehityst\u00e4si<\/li>\n<\/ul>\n<\/li>\n<\/ul>\n<p><strong>Miksi t\u00e4m\u00e4 kurssi toimii?<\/strong><\/p>\n<p>Harjoitteet perustuvat toiminnalliseen anatomiaan ja vuosien k\u00e4yt\u00e4nn\u00f6n kokemukseen jalkaterien kuntouttamisesta. Pienet, s\u00e4\u00e4nn\u00f6lliset muutokset tuovat n\u00e4kyvi\u00e4 tuloksia \u2013 ja kurssin avulla tied\u00e4t t\u00e4sm\u00e4lleen, <em>mit\u00e4<\/em> tehd\u00e4 ja <em>miksi<\/em>.<\/p>\n<p>Jos haluat kevyemm\u00e4n askeleen ja paremmin toimivan jalkater\u00e4n, t\u00e4m\u00e4 kurssi on sinua varten.<\/p>\n<p>\ud83d\udc49 <strong>Liity kurssille ja aloita muutos jo t\u00e4n\u00e4\u00e4n!<\/strong><\/p>\n<p>Maksettuasi kurssin ePassilla l\u00e4het\u00e4mme koodin, jolla saat ostettua kurssin verkkokaupastamme -100%.<\/p>\n","protected":false},"excerpt":{"rendered":"<p>Uutuus: Verkkokurssi \u201cEroon vaivaisenluusta\u201d \u2013 Ota askel kohti kivuttomampaa arkea Kamppailetko vaivaisenluun aiheuttaman kivun, \u00e4rsytyksen tai jalkater\u00e4n virheasennon kanssa? Nyt voit aloittaa tehokkaan ja turvallisen korjausprosessin kotona \u2013 oman aikataulusi mukaan. Olen tehnyt sinulle kokonaisvaltaisen verkkokurssin Eroon vaivaisenluusta, jossa opit askel askeleelta, miten saat isovarpaan liikett\u00e4 paremmaksi, v\u00e4henn\u00e4t kuormitusta ja palautat jalkater\u00e4n luonnollista linjausta. \ud83d\udc49&#8230;<\/p>\n","protected":false},"featured_media":819,"comment_status":"open","ping_status":"closed","template":"","meta":{"_acf_changed":false,"_kad_post_transparent":"default","_kad_post_title":"","_kad_post_layout":"default","_kad_post_sidebar_id":"","_kad_post_content_style":"default","_kad_post_vertical_padding":"default","_kad_post_feature":"","_kad_post_feature_position":"","_kad_post_header":false,"_kad_post_footer":false,"_kad_post_classname":""},"product_brand":[],"product_cat":[32,21],"product_tag":[],"class_list":{"0":"post-818","1":"product","2":"type-product","3":"status-publish","4":"has-post-thumbnail","6":"product_cat-fysioterapia","7":"product_cat-hyvinvointi","9":"first","10":"instock","11":"virtual","12":"taxable","13":"purchasable","14":"product-type-simple","15":"entry","16":"content-bg","17":"loop-entry"},"acf":[],"_links":{"self":[{"href":"https:\/\/marketplace.epassi.fi\/askellusklinikka\/wp-json\/wp\/v2\/product\/818","targetHints":{"allow":["GET"]}}],"collection":[{"href":"https:\/\/marketplace.epassi.fi\/askellusklinikka\/wp-json\/wp\/v2\/product"}],"about":[{"href":"https:\/\/marketplace.epassi.fi\/askellusklinikka\/wp-json\/wp\/v2\/types\/product"}],"replies":[{"embeddable":true,"href":"https:\/\/marketplace.epassi.fi\/askellusklinikka\/wp-json\/wp\/v2\/comments?post=818"}],"wp:featuredmedia":[{"embeddable":true,"href":"https:\/\/marketplace.epassi.fi\/askellusklinikka\/wp-json\/wp\/v2\/media\/819"}],"wp:attachment":[{"href":"https:\/\/marketplace.epassi.fi\/askellusklinikka\/wp-json\/wp\/v2\/media?parent=818"}],"wp:term":[{"taxonomy":"product_brand","embeddable":true,"href":"https:\/\/marketplace.epassi.fi\/askellusklinikka\/wp-json\/wp\/v2\/product_brand?post=818"},{"taxonomy":"product_cat","embeddable":true,"href":"https:\/\/marketplace.epassi.fi\/askellusklinikka\/wp-json\/wp\/v2\/product_cat?post=818"},{"taxonomy":"product_tag","embeddable":true,"href":"https:\/\/marketplace.epassi.fi\/askellusklinikka\/wp-json\/wp\/v2\/product_tag?post=818"}],"curies":[{"name":"wp","href":"https:\/\/api.w.org\/{rel}","templated":true}]}}