{"id":330,"date":"2022-05-18T15:16:28","date_gmt":"2022-05-18T12:16:28","guid":{"rendered":"https:\/\/marketplace.epassi.fi\/askelma\/?post_type=product&#038;p=330"},"modified":"2025-10-30T15:48:06","modified_gmt":"2025-10-30T13:48:06","slug":"klassinen-hieronta-60min","status":"publish","type":"product","link":"https:\/\/marketplace.epassi.fi\/askelma\/kauppa\/hyvinvointi\/hieronta\/klassinen-hieronta-60min\/","title":{"rendered":"Klassinen hieronta 60min"},"content":{"rendered":"<p>Hieronta lievitt\u00e4\u00e4 lihasper\u00e4isi\u00e4 vaivoja ja aktivoi elimist\u00f6n omia parantavia mekanismeja. Hieronta on pehmytkudosk\u00e4sittely\u00e4 lihaskireyksien ja -j\u00e4nnitysten laukaisemiseksi. Hoidon ansiosta aineenvaihdunta tehostuu ja kipu lievittyy. Samalla keho ja mieli rentoutuu.<\/p>\n","protected":false},"excerpt":{"rendered":"<p>Hieronta lievitt\u00e4\u00e4 lihasper\u00e4isi\u00e4 vaivoja ja aktivoi elimist\u00f6n omia parantavia mekanismeja. Hieronta on pehmytkudosk\u00e4sittely\u00e4 lihaskireyksien ja -j\u00e4nnitysten laukaisemiseksi. Hoidon ansiosta aineenvaihdunta tehostuu ja kipu lievittyy. Samalla keho ja mieli rentoutuu.<\/p>\n","protected":false},"featured_media":328,"comment_status":"open","ping_status":"closed","template":"","meta":{"_acf_changed":false,"_kad_post_transparent":"default","_kad_post_title":"","_kad_post_layout":"default","_kad_post_sidebar_id":"","_kad_post_content_style":"default","_kad_post_vertical_padding":"default","_kad_post_feature":"","_kad_post_feature_position":"","_kad_post_header":false,"_kad_post_footer":false,"_kad_post_classname":""},"product_brand":[],"product_cat":[31,21],"product_tag":[],"class_list":{"0":"post-330","1":"product","2":"type-product","3":"status-publish","4":"has-post-thumbnail","6":"product_cat-hieronta","7":"product_cat-hyvinvointi","9":"first","10":"instock","11":"purchasable","12":"product-type-simple","13":"entry","14":"content-bg","15":"loop-entry"},"acf":[],"_links":{"self":[{"href":"https:\/\/marketplace.epassi.fi\/askelma\/wp-json\/wp\/v2\/product\/330","targetHints":{"allow":["GET"]}}],"collection":[{"href":"https:\/\/marketplace.epassi.fi\/askelma\/wp-json\/wp\/v2\/product"}],"about":[{"href":"https:\/\/marketplace.epassi.fi\/askelma\/wp-json\/wp\/v2\/types\/product"}],"replies":[{"embeddable":true,"href":"https:\/\/marketplace.epassi.fi\/askelma\/wp-json\/wp\/v2\/comments?post=330"}],"wp:featuredmedia":[{"embeddable":true,"href":"https:\/\/marketplace.epassi.fi\/askelma\/wp-json\/wp\/v2\/media\/328"}],"wp:attachment":[{"href":"https:\/\/marketplace.epassi.fi\/askelma\/wp-json\/wp\/v2\/media?parent=330"}],"wp:term":[{"taxonomy":"product_brand","embeddable":true,"href":"https:\/\/marketplace.epassi.fi\/askelma\/wp-json\/wp\/v2\/product_brand?post=330"},{"taxonomy":"product_cat","embeddable":true,"href":"https:\/\/marketplace.epassi.fi\/askelma\/wp-json\/wp\/v2\/product_cat?post=330"},{"taxonomy":"product_tag","embeddable":true,"href":"https:\/\/marketplace.epassi.fi\/askelma\/wp-json\/wp\/v2\/product_tag?post=330"}],"curies":[{"name":"wp","href":"https:\/\/api.w.org\/{rel}","templated":true}]}}