{"id":331,"date":"2022-05-18T15:16:02","date_gmt":"2022-05-18T12:16:02","guid":{"rendered":"https:\/\/marketplace.epassi.fi\/askelma\/?post_type=product&#038;p=331"},"modified":"2025-12-09T13:57:26","modified_gmt":"2025-12-09T11:57:26","slug":"fysioterapia-60min","status":"publish","type":"product","link":"https:\/\/marketplace.epassi.fi\/askelma\/kauppa\/hyvinvointi\/fysioterapia\/fysioterapia-60min\/","title":{"rendered":"Fysioterapia 60min"},"content":{"rendered":"<p>Fysioterapeutti on kuntoutualan ammattilainen ja terveydenhuollon laillistettu ammattihenkil\u00f6. Fysioterapeutin ty\u00f6 on asiakasl\u00e4ht\u00f6ist\u00e4 ja n\u00e4ytt\u00f6\u00f6n perustuvaa. Fysioterapiassa pyrit\u00e4\u00e4n edist\u00e4m\u00e4\u00e4n, palauttamaan ja yll\u00e4pit\u00e4m\u00e4\u00e4n asiakkaan terveytt\u00e4, liikett\u00e4, liikkumista ja toimintakyky\u00e4.<\/p>\n<p>Fysioterapiak\u00e4ynti voi olla manuaalista terapiaa jolla tarkoitetaan k\u00e4sin teht\u00e4v\u00e4\u00e4 tutkimista ja hoitamista tai my\u00f6s harjoitusterapiaa jossa erilaisilla harjoitteilla pyrit\u00e4\u00e4n muuttamaan virheellisi\u00e4 tai kuormittavia liikemalleja. Hoitamisen tavoitteena on maksimoida kunkin yksil\u00f6n kyky liikkua ja toimia aktiivisesti.<\/p>\n","protected":false},"excerpt":{"rendered":"<p>Fysioterapeutti on kuntoutualan ammattilainen ja terveydenhuollon laillistettu ammattihenkil\u00f6. Fysioterapeutin ty\u00f6 on asiakasl\u00e4ht\u00f6ist\u00e4 ja n\u00e4ytt\u00f6\u00f6n perustuvaa. Fysioterapiassa pyrit\u00e4\u00e4n edist\u00e4m\u00e4\u00e4n, palauttamaan ja yll\u00e4pit\u00e4m\u00e4\u00e4n asiakkaan terveytt\u00e4, liikett\u00e4, liikkumista ja toimintakyky\u00e4. Fysioterapiak\u00e4ynti voi olla manuaalista terapiaa jolla tarkoitetaan k\u00e4sin teht\u00e4v\u00e4\u00e4 tutkimista ja hoitamista tai my\u00f6s harjoitusterapiaa jossa erilaisilla harjoitteilla pyrit\u00e4\u00e4n muuttamaan virheellisi\u00e4 tai kuormittavia liikemalleja. Hoitamisen tavoitteena on maksimoida&#8230;<\/p>\n","protected":false},"featured_media":321,"comment_status":"open","ping_status":"closed","template":"","meta":{"_acf_changed":false,"_kad_post_transparent":"default","_kad_post_title":"","_kad_post_layout":"default","_kad_post_sidebar_id":"","_kad_post_content_style":"default","_kad_post_vertical_padding":"default","_kad_post_feature":"","_kad_post_feature_position":"","_kad_post_header":false,"_kad_post_footer":false,"_kad_post_classname":""},"product_brand":[],"product_cat":[32,21],"product_tag":[],"class_list":{"0":"post-331","1":"product","2":"type-product","3":"status-publish","4":"has-post-thumbnail","6":"product_cat-fysioterapia","7":"product_cat-hyvinvointi","9":"first","10":"instock","11":"purchasable","12":"product-type-simple","13":"entry","14":"content-bg","15":"loop-entry"},"acf":[],"_links":{"self":[{"href":"https:\/\/marketplace.epassi.fi\/askelma\/wp-json\/wp\/v2\/product\/331","targetHints":{"allow":["GET"]}}],"collection":[{"href":"https:\/\/marketplace.epassi.fi\/askelma\/wp-json\/wp\/v2\/product"}],"about":[{"href":"https:\/\/marketplace.epassi.fi\/askelma\/wp-json\/wp\/v2\/types\/product"}],"replies":[{"embeddable":true,"href":"https:\/\/marketplace.epassi.fi\/askelma\/wp-json\/wp\/v2\/comments?post=331"}],"wp:featuredmedia":[{"embeddable":true,"href":"https:\/\/marketplace.epassi.fi\/askelma\/wp-json\/wp\/v2\/media\/321"}],"wp:attachment":[{"href":"https:\/\/marketplace.epassi.fi\/askelma\/wp-json\/wp\/v2\/media?parent=331"}],"wp:term":[{"taxonomy":"product_brand","embeddable":true,"href":"https:\/\/marketplace.epassi.fi\/askelma\/wp-json\/wp\/v2\/product_brand?post=331"},{"taxonomy":"product_cat","embeddable":true,"href":"https:\/\/marketplace.epassi.fi\/askelma\/wp-json\/wp\/v2\/product_cat?post=331"},{"taxonomy":"product_tag","embeddable":true,"href":"https:\/\/marketplace.epassi.fi\/askelma\/wp-json\/wp\/v2\/product_tag?post=331"}],"curies":[{"name":"wp","href":"https:\/\/api.w.org\/{rel}","templated":true}]}}