{"id":282,"date":"2021-11-16T15:53:22","date_gmt":"2021-11-16T13:53:22","guid":{"rendered":"https:\/\/marketplace.epassi.fi\/belmabeautycenter\/?post_type=product&#038;p=282"},"modified":"2025-10-30T14:34:53","modified_gmt":"2025-10-30T12:34:53","slug":"lahjakortti-klassinen-ja-urheiluhieronta","status":"publish","type":"product","link":"https:\/\/marketplace.epassi.fi\/belmabeautycenter\/kauppa\/hyvinvointi\/hieronta\/lahjakortti-klassinen-ja-urheiluhieronta\/","title":{"rendered":"Lahjakortti klassinen- ja urheiluhieronta"},"content":{"rendered":"<p><b><span style=\"font-size: medium;\">Klassinen hieronta<\/span><\/b><\/p>\n<p>laukaisee lihaskireyksi\u00e4 ja j\u00e4nnitystiloja. Verenkierto vilkastuu ja aineenvaihdunta tehostuu. Kudosten uusiutuminen paranee ja solutuotanto aktivoituu. Kipu lievittyy ja ihon joustavuus paranee.Klassisella hieronnalla poistetaan ja ennaltaehk\u00e4ist\u00e4\u00e4n ty\u00f6per\u00e4ist\u00e4 lihaskireytt\u00e4 kuten esimerkiksi niska- ja hartiaj\u00e4ykkyytt\u00e4 sek\u00e4 tenniskyyn\u00e4rp\u00e4\u00e4n ja hiirik\u00e4den oireita. Klassinen hieronta sopii my\u00f6s stressist\u00e4 ja kiireest\u00e4 palautumiseen, p\u00e4\u00e4ns\u00e4rkyyn ja selk\u00e4vaivoihin.<\/p>\n<p><b><span style=\"font-size: medium;\">Urheiluhieronta<\/span><\/b><\/p>\n<p>korjaa urheilusta tai kuntoliikunnasta aiheutuneita rasitusvammoja. Urheiluhierojalta edellytet\u00e4\u00e4n laajempaa ymm\u00e4rryst\u00e4 urheilun aiheuttamien harjoitteiden ja rasitusten vaikutuksesta kehoon. Nimest\u00e4\u00e4n huolimatta urheiluhierontatekniikoita k\u00e4ytet\u00e4\u00e4n my\u00f6s ty\u00f6per\u00e4isiin vaivoihin tai leikkauksen\u00a0j\u00e4lkeiseen kuntoutukseen.<\/p>\n<p>Tuote on henkil\u00f6kohtainen ja voimassa 6kk ostohetkest\u00e4.<\/p>\n<p>&nbsp;<\/p>\n","protected":false},"excerpt":{"rendered":"<p>Klassinen ja urheiluhieronta<\/p>\n","protected":false},"featured_media":330,"comment_status":"open","ping_status":"closed","template":"","meta":{"_acf_changed":false,"_kad_post_transparent":"default","_kad_post_title":"","_kad_post_layout":"default","_kad_post_sidebar_id":"","_kad_post_content_style":"default","_kad_post_vertical_padding":"default","_kad_post_feature":"","_kad_post_feature_position":"","_kad_post_header":false,"_kad_post_footer":false,"_kad_post_classname":""},"product_brand":[],"product_cat":[31,21],"product_tag":[],"class_list":{"0":"post-282","1":"product","2":"type-product","3":"status-publish","4":"has-post-thumbnail","6":"product_cat-hieronta","7":"product_cat-hyvinvointi","9":"first","10":"instock","11":"taxable","12":"shipping-taxable","13":"purchasable","14":"product-type-variable","15":"entry","16":"content-bg","17":"loop-entry"},"acf":[],"_links":{"self":[{"href":"https:\/\/marketplace.epassi.fi\/belmabeautycenter\/wp-json\/wp\/v2\/product\/282","targetHints":{"allow":["GET"]}}],"collection":[{"href":"https:\/\/marketplace.epassi.fi\/belmabeautycenter\/wp-json\/wp\/v2\/product"}],"about":[{"href":"https:\/\/marketplace.epassi.fi\/belmabeautycenter\/wp-json\/wp\/v2\/types\/product"}],"replies":[{"embeddable":true,"href":"https:\/\/marketplace.epassi.fi\/belmabeautycenter\/wp-json\/wp\/v2\/comments?post=282"}],"wp:featuredmedia":[{"embeddable":true,"href":"https:\/\/marketplace.epassi.fi\/belmabeautycenter\/wp-json\/wp\/v2\/media\/330"}],"wp:attachment":[{"href":"https:\/\/marketplace.epassi.fi\/belmabeautycenter\/wp-json\/wp\/v2\/media?parent=282"}],"wp:term":[{"taxonomy":"product_brand","embeddable":true,"href":"https:\/\/marketplace.epassi.fi\/belmabeautycenter\/wp-json\/wp\/v2\/product_brand?post=282"},{"taxonomy":"product_cat","embeddable":true,"href":"https:\/\/marketplace.epassi.fi\/belmabeautycenter\/wp-json\/wp\/v2\/product_cat?post=282"},{"taxonomy":"product_tag","embeddable":true,"href":"https:\/\/marketplace.epassi.fi\/belmabeautycenter\/wp-json\/wp\/v2\/product_tag?post=282"}],"curies":[{"name":"wp","href":"https:\/\/api.w.org\/{rel}","templated":true}]}}