{"id":290,"date":"2021-10-20T17:09:46","date_gmt":"2021-10-20T14:09:46","guid":{"rendered":"https:\/\/marketplace.epassi.fi\/belmabeautycenter\/?post_type=product&#038;p=290"},"modified":"2026-01-19T16:34:13","modified_gmt":"2026-01-19T14:34:13","slug":"stressiniskahieronta-45min","status":"publish","type":"product","link":"https:\/\/marketplace.epassi.fi\/belmabeautycenter\/kauppa\/hyvinvointi\/hieronta\/stressiniskahieronta-45min\/","title":{"rendered":"Stressiniskahieronta 45min"},"content":{"rendered":"<p>Niska- ja hartia-alueen j\u00e4nnityst\u00e4 purkaa tehokas hieronta, joka hoitaa stressist\u00e4 tai ty\u00f6per\u00e4isest\u00e4 rasituksesta johtuvia j\u00e4nnitystiloja ja kipua. Kallonpohjan kirist\u00e4v\u00e4t lihakset rentoutuvat ja p\u00e4\u00e4ns\u00e4rky lievittyy. Aivojen verenkierto ja hapensaanti paranevat.<\/p>\n<p>Tuote on henkil\u00f6kohtainen ja voimassa 6kk ostohetkest\u00e4.<\/p>\n<p>&nbsp;<\/p>\n","protected":false},"excerpt":{"rendered":"<p>Stressiniskahieronta 45min<\/p>\n","protected":false},"featured_media":330,"comment_status":"open","ping_status":"closed","template":"","meta":{"_acf_changed":false,"_kad_post_transparent":"default","_kad_post_title":"","_kad_post_layout":"default","_kad_post_sidebar_id":"","_kad_post_content_style":"default","_kad_post_vertical_padding":"default","_kad_post_feature":"","_kad_post_feature_position":"","_kad_post_header":false,"_kad_post_footer":false,"_kad_post_classname":""},"product_brand":[],"product_cat":[31,21],"product_tag":[],"class_list":{"0":"post-290","1":"product","2":"type-product","3":"status-publish","4":"has-post-thumbnail","6":"product_cat-hieronta","7":"product_cat-hyvinvointi","9":"first","10":"instock","11":"virtual","12":"taxable","13":"purchasable","14":"product-type-simple","15":"entry","16":"content-bg","17":"loop-entry"},"acf":[],"_links":{"self":[{"href":"https:\/\/marketplace.epassi.fi\/belmabeautycenter\/wp-json\/wp\/v2\/product\/290","targetHints":{"allow":["GET"]}}],"collection":[{"href":"https:\/\/marketplace.epassi.fi\/belmabeautycenter\/wp-json\/wp\/v2\/product"}],"about":[{"href":"https:\/\/marketplace.epassi.fi\/belmabeautycenter\/wp-json\/wp\/v2\/types\/product"}],"replies":[{"embeddable":true,"href":"https:\/\/marketplace.epassi.fi\/belmabeautycenter\/wp-json\/wp\/v2\/comments?post=290"}],"wp:featuredmedia":[{"embeddable":true,"href":"https:\/\/marketplace.epassi.fi\/belmabeautycenter\/wp-json\/wp\/v2\/media\/330"}],"wp:attachment":[{"href":"https:\/\/marketplace.epassi.fi\/belmabeautycenter\/wp-json\/wp\/v2\/media?parent=290"}],"wp:term":[{"taxonomy":"product_brand","embeddable":true,"href":"https:\/\/marketplace.epassi.fi\/belmabeautycenter\/wp-json\/wp\/v2\/product_brand?post=290"},{"taxonomy":"product_cat","embeddable":true,"href":"https:\/\/marketplace.epassi.fi\/belmabeautycenter\/wp-json\/wp\/v2\/product_cat?post=290"},{"taxonomy":"product_tag","embeddable":true,"href":"https:\/\/marketplace.epassi.fi\/belmabeautycenter\/wp-json\/wp\/v2\/product_tag?post=290"}],"curies":[{"name":"wp","href":"https:\/\/api.w.org\/{rel}","templated":true}]}}