{"id":67,"date":"2021-09-13T18:36:17","date_gmt":"2021-09-13T15:36:17","guid":{"rendered":"https:\/\/marketplace.epassi.fi\/belmabeautycenter\/?post_type=product&#038;p=67"},"modified":"2026-01-19T16:35:22","modified_gmt":"2026-01-19T14:35:22","slug":"urheiluhieronta-90-min","status":"publish","type":"product","link":"https:\/\/marketplace.epassi.fi\/belmabeautycenter\/kauppa\/hyvinvointi\/hieronta\/urheiluhieronta-90-min\/","title":{"rendered":"Urheiluhieronta 90 min"},"content":{"rendered":"<p><b><span style=\"font-size: medium\">Urheiluhieronta<\/span><\/b><\/p>\n<p>korjaa urheilusta tai kuntoliikunnasta aiheutuneita rasitusvammoja. Urheiluhierojalta edellytet\u00e4\u00e4n laajempaa ymm\u00e4rryst\u00e4 urheilun aiheuttamien harjoitteiden ja rasitusten vaikutuksesta kehoon. Nimest\u00e4\u00e4n huolimatta urheiluhierontatekniikoita k\u00e4ytet\u00e4\u00e4n my\u00f6s ty\u00f6per\u00e4isiin vaivoihin tai leikkauksen\u00a0j\u00e4lkeiseen kuntoutukseen.<\/p>\n<p>Tuote on henkil\u00f6kohtainen ja voimassa 6kk ostohetkest\u00e4.<\/p>\n<p>&nbsp;<\/p>\n","protected":false},"excerpt":{"rendered":"<p>Urheiluhieronta 90min<\/p>\n","protected":false},"featured_media":330,"comment_status":"open","ping_status":"closed","template":"","meta":{"_acf_changed":false,"_kad_post_transparent":"default","_kad_post_title":"","_kad_post_layout":"default","_kad_post_sidebar_id":"","_kad_post_content_style":"default","_kad_post_vertical_padding":"default","_kad_post_feature":"","_kad_post_feature_position":"","_kad_post_header":false,"_kad_post_footer":false,"_kad_post_classname":""},"product_brand":[],"product_cat":[31,21],"product_tag":[],"class_list":{"0":"post-67","1":"product","2":"type-product","3":"status-publish","4":"has-post-thumbnail","6":"product_cat-hieronta","7":"product_cat-hyvinvointi","9":"first","10":"instock","11":"virtual","12":"taxable","13":"purchasable","14":"product-type-simple","15":"entry","16":"content-bg","17":"loop-entry"},"acf":[],"_links":{"self":[{"href":"https:\/\/marketplace.epassi.fi\/belmabeautycenter\/wp-json\/wp\/v2\/product\/67","targetHints":{"allow":["GET"]}}],"collection":[{"href":"https:\/\/marketplace.epassi.fi\/belmabeautycenter\/wp-json\/wp\/v2\/product"}],"about":[{"href":"https:\/\/marketplace.epassi.fi\/belmabeautycenter\/wp-json\/wp\/v2\/types\/product"}],"replies":[{"embeddable":true,"href":"https:\/\/marketplace.epassi.fi\/belmabeautycenter\/wp-json\/wp\/v2\/comments?post=67"}],"wp:featuredmedia":[{"embeddable":true,"href":"https:\/\/marketplace.epassi.fi\/belmabeautycenter\/wp-json\/wp\/v2\/media\/330"}],"wp:attachment":[{"href":"https:\/\/marketplace.epassi.fi\/belmabeautycenter\/wp-json\/wp\/v2\/media?parent=67"}],"wp:term":[{"taxonomy":"product_brand","embeddable":true,"href":"https:\/\/marketplace.epassi.fi\/belmabeautycenter\/wp-json\/wp\/v2\/product_brand?post=67"},{"taxonomy":"product_cat","embeddable":true,"href":"https:\/\/marketplace.epassi.fi\/belmabeautycenter\/wp-json\/wp\/v2\/product_cat?post=67"},{"taxonomy":"product_tag","embeddable":true,"href":"https:\/\/marketplace.epassi.fi\/belmabeautycenter\/wp-json\/wp\/v2\/product_tag?post=67"}],"curies":[{"name":"wp","href":"https:\/\/api.w.org\/{rel}","templated":true}]}}