{"id":22,"date":"2021-09-13T17:45:59","date_gmt":"2021-09-13T17:45:59","guid":{"rendered":"https:\/\/marketplace.epassi.fi\/bodymethod\/?page_id=22"},"modified":"2021-10-12T10:57:35","modified_gmt":"2021-10-12T10:57:35","slug":"info","status":"publish","type":"page","link":"https:\/\/marketplace.epassi.fi\/bodymethod\/info\/","title":{"rendered":"Info"},"content":{"rendered":"\n\t<div class=\"entry-content single-content\">\n\n\t\t<div class=\"wp-block-columns\" style=\"gap:30px\">\n\t\t\t<div class=\"wp-block-column\">\n\t\t\t\t<h2>BodyMethod Selk\u00e4terapeutti<\/h2>\n\t\t\t\t<p><p>Rangan suoristaminen l\u00e4htee oikeanlaisesta hieronnasta<br \/>\nAsentovirheiden korjaus l\u00e4htee asiakkaan yksil\u00f6llisen tilanteen kartoittamisesta ja sel\u00e4n ja lantion alueen lihasten hell\u00e4varaisesta venytt\u00e4misest\u00e4 oikeaan asentoon. Hoitotapahtuman edetess\u00e4 voimme keskitty\u00e4 laajemmalti my\u00f6s muihin alueisiin. Lukkiutuneiden nikamien fasettilukkojen ja SI-nivelen aukaisussa k\u00e4yt\u00e4mme rauhallisia liikkeit\u00e4 ja hengitystekniikkaa.<\/p>\n<\/p>\n\t\t\t\t<h3>Tmi Kim Keskim\u00e4ki\/BodyMethod<\/h3>\n\t\t\t\t<p>Pispalanvaltatie 141<br>\n\t\t\t\t\t33270 Tampere<\/p>\n\t\t\t\t<p><a href=\"tel:0405802897\">0405802897<\/a><\/p>\n\t\t\t\t<p><a href=\"mailto:kim.bodymethod@gmail.com\">kim.bodymethod@gmail.com<\/a><\/p>\n\n\t\t\t\t<h2>Toimipisteet<\/h2><div class=\"info-page-location-list\"><div class=\"info-page-location\"><h3>BodyMethod Sein\u00e4joki<\/h3><p>Vapaudentie 28, 60100 Sein\u00e4joki<\/p><p><a href=\"tel:0405802897\">0405802897<\/a><br><a href=\"mail:kim.bodymethod@gmail.com\">kim.bodymethod@gmail.com<\/a><p><a href=\"https:\/\/www.google.com\/maps\/search\/?api=1&query=Google&query_place_id=EilWYXBhdWRlbnRpZSAyOCwgNjAxMDAgU2VpbsOkam9raSwgRmlubGFuZCIwEi4KFAoSCWE5_9WXy4dGEY1vCN2WkCd_EBwqFAoSCR0c0h2ay4dGEUoJE2Cyk9UA\">Katso sijainti kartalla <span>&#8599;<\/span><\/a><\/p><\/p><p><\/p><\/div><div class=\"info-page-location\"><h3>BodyMethod Epil\u00e4\/Tampere<\/h3><p>Pispalan valtatie 141, 33270 Tampere<\/p><p><a href=\"tel:0405802897\">0405802897<\/a><br><a href=\"mail:kim.bodymethod@gmail.com\">kim.bodymethod@gmail.com<\/a><p><a href=\"https:\/\/www.google.com\/maps\/search\/?api=1&query=Google&query_place_id=ChIJZ9z3BWXYjkYRaBbjLGj100M\">Katso sijainti kartalla <span>&#8599;<\/span><\/a><\/p><\/p><p><\/p><\/div><\/div>\t\t\t<\/div>\n\n\t\t\t<div class=\"wp-block-column\">\n\t\t\t\t<figure class=\"wp-block-image size-large\"><img loading=\"lazy\" decoding=\"async\" width=\"768\" height=\"576\" src=\"https:\/\/marketplace.epassi.fi\/bodymethod\/wp-content\/uploads\/sites\/205\/2023\/01\/mina-ja-kimmo-768x576.jpg\" class=\"attachment-medium_large size-medium_large\" alt=\"\" \/><\/figure>\n\t\t\t<\/div>\n\t\t<\/div>\n\t<\/div>\n\t\n","protected":false},"excerpt":{"rendered":"","protected":false},"author":2,"featured_media":0,"parent":0,"menu_order":0,"comment_status":"closed","ping_status":"closed","template":"","meta":{"_acf_changed":false,"_kad_post_transparent":"","_kad_post_title":"","_kad_post_layout":"","_kad_post_sidebar_id":"","_kad_post_content_style":"","_kad_post_vertical_padding":"","_kad_post_feature":"","_kad_post_feature_position":"","_kad_post_header":false,"_kad_post_footer":false,"_kad_post_classname":"","footnotes":""},"class_list":["post-22","page","type-page","status-publish","hentry"],"acf":[],"_links":{"self":[{"href":"https:\/\/marketplace.epassi.fi\/bodymethod\/wp-json\/wp\/v2\/pages\/22","targetHints":{"allow":["GET"]}}],"collection":[{"href":"https:\/\/marketplace.epassi.fi\/bodymethod\/wp-json\/wp\/v2\/pages"}],"about":[{"href":"https:\/\/marketplace.epassi.fi\/bodymethod\/wp-json\/wp\/v2\/types\/page"}],"author":[{"embeddable":true,"href":"https:\/\/marketplace.epassi.fi\/bodymethod\/wp-json\/wp\/v2\/users\/2"}],"replies":[{"embeddable":true,"href":"https:\/\/marketplace.epassi.fi\/bodymethod\/wp-json\/wp\/v2\/comments?post=22"}],"version-history":[{"count":10,"href":"https:\/\/marketplace.epassi.fi\/bodymethod\/wp-json\/wp\/v2\/pages\/22\/revisions"}],"predecessor-version":[{"id":264,"href":"https:\/\/marketplace.epassi.fi\/bodymethod\/wp-json\/wp\/v2\/pages\/22\/revisions\/264"}],"wp:attachment":[{"href":"https:\/\/marketplace.epassi.fi\/bodymethod\/wp-json\/wp\/v2\/media?parent=22"}],"curies":[{"name":"wp","href":"https:\/\/api.w.org\/{rel}","templated":true}]}}