{"id":290,"date":"2021-10-20T17:09:46","date_gmt":"2021-10-20T14:09:46","guid":{"rendered":"https:\/\/marketplace.epassi.fi\/bodymethod\/?post_type=product&#038;p=290"},"modified":"2025-11-25T11:01:31","modified_gmt":"2025-11-25T09:01:31","slug":"bodyfix-kehonmanipulointi","status":"publish","type":"product","link":"https:\/\/marketplace.epassi.fi\/bodymethod\/kauppa\/hyvinvointi\/bodyfix-kehonmanipulointi\/","title":{"rendered":"BodyFix &#8211; Kehonmanipulointi"},"content":{"rendered":"<div class=\"module text\">\n<h2 class=\"subtitle\">BodyFix<\/h2>\n<\/div>\n<div id=\"m3863\" class=\"module text\">\n<p class=\"bodytext\">BodyFix-hoidossa keskityt\u00e4\u00e4n kehon tasapainottamiseen ja lihastasapainon korjaamiseen. Hoitaminen tapahtuu erilaisilla hieronnasta tutuilla otteilla ja venytyksill\u00e4. Hoito pyrit\u00e4\u00e4n tekem\u00e4\u00e4n mahdollisimman kivuttomasti.<\/p>\n<p class=\"bodytext\">Hoidon avulla pyrimme vaikuttamaan lihaksistoon, hermostoon ja faskiakerrostumiin. Mahdolliset nivellukot aukeavat useimmiten jo n\u00e4iden hoidon j\u00e4lkeen. BodyFix-hoidon yhteydess\u00e4 k\u00e4ymme my\u00f6s l\u00e4pi mahdollisia syit\u00e4 vaivojen syntymiseen ja etsimme keinoja niiden ennaltaehk\u00e4isyyn. Saat meilt\u00e4 my\u00f6s hoito-ohjeet kotiin. Voit tulla hoitoon my\u00f6s akuutin vaivan kanssa.<\/p>\n<p class=\"bodytext\">Hoidon kesto on 30\u201345 min. Ensimm\u00e4isell\u00e4 kerralla tai vaikeissa tapauksissa saattaa kest\u00e4\u00e4 pidemp\u00e4\u00e4n.<\/p>\n<p class=\"bodytext\">Hinta 80 \u20ac.<\/p>\n<\/div>\n","protected":false},"excerpt":{"rendered":"<p>BodyFix BodyFix-hoidossa keskityt\u00e4\u00e4n kehon tasapainottamiseen ja lihastasapainon korjaamiseen. Hoitaminen tapahtuu erilaisilla hieronnasta tutuilla otteilla ja venytyksill\u00e4. Hoito pyrit\u00e4\u00e4n tekem\u00e4\u00e4n mahdollisimman kivuttomasti. Hoidon avulla pyrimme vaikuttamaan lihaksistoon, hermostoon ja faskiakerrostumiin. Mahdolliset nivellukot aukeavat useimmiten jo n\u00e4iden hoidon j\u00e4lkeen. BodyFix-hoidon yhteydess\u00e4 k\u00e4ymme my\u00f6s l\u00e4pi mahdollisia syit\u00e4 vaivojen syntymiseen ja etsimme keinoja niiden ennaltaehk\u00e4isyyn. Saat meilt\u00e4 my\u00f6s hoito-ohjeet&#8230;<\/p>\n","protected":false},"featured_media":270,"comment_status":"open","ping_status":"closed","template":"","meta":{"_acf_changed":false,"_kad_post_transparent":"default","_kad_post_title":"","_kad_post_layout":"default","_kad_post_sidebar_id":"","_kad_post_content_style":"default","_kad_post_vertical_padding":"default","_kad_post_feature":"","_kad_post_feature_position":"","_kad_post_header":false,"_kad_post_footer":false,"_kad_post_classname":""},"product_brand":[],"product_cat":[21],"product_tag":[],"class_list":{"0":"post-290","1":"product","2":"type-product","3":"status-publish","4":"has-post-thumbnail","6":"product_cat-hyvinvointi","8":"first","9":"instock","10":"virtual","11":"purchasable","12":"product-type-simple","13":"entry","14":"content-bg","15":"loop-entry"},"acf":[],"_links":{"self":[{"href":"https:\/\/marketplace.epassi.fi\/bodymethod\/wp-json\/wp\/v2\/product\/290","targetHints":{"allow":["GET"]}}],"collection":[{"href":"https:\/\/marketplace.epassi.fi\/bodymethod\/wp-json\/wp\/v2\/product"}],"about":[{"href":"https:\/\/marketplace.epassi.fi\/bodymethod\/wp-json\/wp\/v2\/types\/product"}],"replies":[{"embeddable":true,"href":"https:\/\/marketplace.epassi.fi\/bodymethod\/wp-json\/wp\/v2\/comments?post=290"}],"wp:featuredmedia":[{"embeddable":true,"href":"https:\/\/marketplace.epassi.fi\/bodymethod\/wp-json\/wp\/v2\/media\/270"}],"wp:attachment":[{"href":"https:\/\/marketplace.epassi.fi\/bodymethod\/wp-json\/wp\/v2\/media?parent=290"}],"wp:term":[{"taxonomy":"product_brand","embeddable":true,"href":"https:\/\/marketplace.epassi.fi\/bodymethod\/wp-json\/wp\/v2\/product_brand?post=290"},{"taxonomy":"product_cat","embeddable":true,"href":"https:\/\/marketplace.epassi.fi\/bodymethod\/wp-json\/wp\/v2\/product_cat?post=290"},{"taxonomy":"product_tag","embeddable":true,"href":"https:\/\/marketplace.epassi.fi\/bodymethod\/wp-json\/wp\/v2\/product_tag?post=290"}],"curies":[{"name":"wp","href":"https:\/\/api.w.org\/{rel}","templated":true}]}}