{"id":282,"date":"2024-02-21T12:51:09","date_gmt":"2024-02-21T10:51:09","guid":{"rendered":"https:\/\/marketplace.epassi.fi\/briima\/?post_type=product&#038;p=282"},"modified":"2025-01-13T11:38:00","modified_gmt":"2025-01-13T09:38:00","slug":"takaremmillinen-tyokenka-musta","status":"publish","type":"product","link":"https:\/\/marketplace.epassi.fi\/briima\/kauppa\/ergosafe\/tyokengat-ja-vaatteet\/takaremmillinen-tyokenka-musta\/","title":{"rendered":"Takaremmillinen ty\u00f6kenk\u00e4 musta"},"content":{"rendered":"<h1>Korkealaatuinen hoitoalan ja palvelualan ty\u00f6kenk\u00e4 takaremmill\u00e4 ja luistamattomalla pohjalla.<\/h1>\n<p><strong>Hinta sis\u00e4lt\u00e4\u00e4 kenkien toimituskulut.<\/strong><\/p>\n<p>Ergonomisesti muotoiltu kevyt ty\u00f6kenk\u00e4, joka kest\u00e4\u00e4 40 asteen vesipesun.<\/p>\n<p>Pinta hengitt\u00e4v\u00e4\u00e4, mutta vett\u00e4 ja muita kemikaaleja kest\u00e4v\u00e4\u00e4\u00a0materiaalia.<\/p>\n<p>Keng\u00e4n sis\u00e4pinta antimikrobista ja hyvin hengitt\u00e4v\u00e4\u00e4\u00a0kangasta, joka siirt\u00e4\u00e4 kosteuden pois iholta.<\/p>\n<p>Irrotettavat pohjalliset.<\/p>\n<p>Sopii miehille sek\u00e4 naisille.<\/p>\n<p>Varastokoot 35 &#8211; 43.<\/p>\n<p>Koot 44 &#8211; 49 tilaustuotteita, joissa toimitusaika on n. 2 viikkoa. Ota yhteytt\u00e4 info@briima.fi.<\/p>\n<p>Ty\u00f6keng\u00e4t ovat vegaaniset.<\/p>\n<p>Ty\u00f6keng\u00e4t ovat yhteisty\u00f6kumppanimme valmistuttama tuote. Valmistusmaa Espanja.<\/p>\n<p>Voit tutustua ty\u00f6kenkiin ja tehd\u00e4 tilauksen my\u00f6s verkkokaupassamme, jossa voit valita maksutavaksi ergosafe edun.<\/p>\n<p><a href=\"https:\/\/www.briima.fi\/epages\/briima.sf\/fi_FI\/?ObjectPath=\/Shops\/29092010-180985\/Categories\/Assortment\/Jalkineet\">www.briima.fi<\/a><\/p>\n<p><strong>Keng\u00e4t ovat pient\u00e4 kokoa suomalaisiin kenkiin verrattuna, joten valitse n\u00e4ist\u00e4 yht\u00e4 kokoa suurempi kenk\u00e4 kuin normaalisti.<\/strong><\/p>\n<p>&nbsp;<\/p>\n<p>Keng\u00e4n sis\u00e4pohjan mitat:<\/p>\n<p>35 &#8211; 23,5 cm<\/p>\n<p>36 &#8211; 24 cm<\/p>\n<p>37 &#8211; 24,5 cm<\/p>\n<p>38 &#8211; 25 cm<\/p>\n<p>39 &#8211; 25,5 cm<\/p>\n<p>40 &#8211; 26 cm<\/p>\n<p>41 &#8211; 26,5 cm<\/p>\n<p>42 &#8211; 27 cm<\/p>\n<p>43 &#8211; 27,5 cm<\/p>\n<p>Sopiva keng\u00e4n koko on yleens\u00e4 oman jalan mitta + 0,5 &#8211; 1 cm.<\/p>\n<p>Mik\u00e4li ep\u00e4r\u00f6it kahden koon v\u00e4lill\u00e4, suosittelemme valitsemaan suuremman keng\u00e4n.<\/p>\n","protected":false},"excerpt":{"rendered":"<h1>Korkealaatuinen hoitoalan ja palvelualan ty\u00f6kenk\u00e4 takaremmill\u00e4 ja luistamattomalla pohjalla<\/h1>\n","protected":false},"featured_media":335,"comment_status":"open","ping_status":"closed","template":"","meta":{"_acf_changed":false,"_kad_post_transparent":"default","_kad_post_title":"","_kad_post_layout":"default","_kad_post_sidebar_id":"","_kad_post_content_style":"default","_kad_post_vertical_padding":"default","_kad_post_feature":"","_kad_post_feature_position":"","_kad_post_header":false,"_kad_post_footer":false,"_kad_post_classname":""},"product_brand":[],"product_cat":[22,33],"product_tag":[],"class_list":{"0":"post-282","1":"product","2":"type-product","3":"status-publish","4":"has-post-thumbnail","6":"product_cat-ergosafe","7":"product_cat-tyokengat-ja-vaatteet","9":"first","10":"instock","11":"taxable","12":"shipping-taxable","13":"purchasable","14":"product-type-variable","15":"entry","16":"content-bg","17":"loop-entry"},"acf":[],"_links":{"self":[{"href":"https:\/\/marketplace.epassi.fi\/briima\/wp-json\/wp\/v2\/product\/282","targetHints":{"allow":["GET"]}}],"collection":[{"href":"https:\/\/marketplace.epassi.fi\/briima\/wp-json\/wp\/v2\/product"}],"about":[{"href":"https:\/\/marketplace.epassi.fi\/briima\/wp-json\/wp\/v2\/types\/product"}],"replies":[{"embeddable":true,"href":"https:\/\/marketplace.epassi.fi\/briima\/wp-json\/wp\/v2\/comments?post=282"}],"wp:featuredmedia":[{"embeddable":true,"href":"https:\/\/marketplace.epassi.fi\/briima\/wp-json\/wp\/v2\/media\/335"}],"wp:attachment":[{"href":"https:\/\/marketplace.epassi.fi\/briima\/wp-json\/wp\/v2\/media?parent=282"}],"wp:term":[{"taxonomy":"product_brand","embeddable":true,"href":"https:\/\/marketplace.epassi.fi\/briima\/wp-json\/wp\/v2\/product_brand?post=282"},{"taxonomy":"product_cat","embeddable":true,"href":"https:\/\/marketplace.epassi.fi\/briima\/wp-json\/wp\/v2\/product_cat?post=282"},{"taxonomy":"product_tag","embeddable":true,"href":"https:\/\/marketplace.epassi.fi\/briima\/wp-json\/wp\/v2\/product_tag?post=282"}],"curies":[{"name":"wp","href":"https:\/\/api.w.org\/{rel}","templated":true}]}}