{"id":377,"date":"2024-11-26T13:41:39","date_gmt":"2024-11-26T11:41:39","guid":{"rendered":"https:\/\/marketplace.epassi.fi\/cityspotting\/?post_type=product&#038;p=377"},"modified":"2026-04-13T09:27:28","modified_gmt":"2026-04-13T06:27:28","slug":"cityspotting-turku-kaudet-12","status":"publish","type":"product","link":"https:\/\/marketplace.epassi.fi\/cityspotting\/kauppa\/liikuntaedut\/liikunta-muut\/cityspotting-turku-kaudet-12\/","title":{"rendered":"CITYSPOTTING\u00ae TURKU &#8211; Kaudet 1&amp;2"},"content":{"rendered":"<div>\n<div>\n<h4>Koe kaupunkiseikkailu Turussa &#8211; nyt kaikki spotit yhdess\u00e4 seikkailussa!<\/h4>\n<\/div>\n<p>T\u00e4m\u00e4 seikkailu yhdist\u00e4\u00e4 Cityspotting\u00ae Turun molempien kausien kohteet. Se johdattaa sinut k\u00e4tkettyihin el\u00e4myksiin ja\u00a0kaupungin unohdettuihin tarinoihin!<\/p>\n<ul>\n<li><strong>Kampanjahintaan 26.4. asti!<\/strong><\/li>\n<li><strong>100 spottia Turussa<\/strong>: Valtava m\u00e4\u00e4r\u00e4 pieni\u00e4 l\u00f6yt\u00f6retki\u00e4! Kaikille spoteille p\u00e4\u00e4see k\u00e4vellen tai py\u00f6r\u00e4ll\u00e4.<\/li>\n<li><strong>Millaisia kohteita?<\/strong>\u00a0Turun seikkailussa t\u00f6rm\u00e4\u00e4t mm. h\u00e4mment\u00e4v\u00e4\u00e4n savijunaan, vanhoihin labyrinttikaiverruksiin ja Turun palon j\u00e4lkiin. Lis\u00e4ksi kauneimmat n\u00e4k\u00f6alat ja upeita arkkitehtuurihelmi\u00e4.<\/li>\n<li><strong>Voimassa 12kk aktivoinnista:\u00a0<\/strong>Voimassaoloaika l\u00e4htee kulumaan ensimm\u00e4isest\u00e4 aktivoinnista. Aktivoinnille ei ole aikarajaa, joten seikkailun voi aloittaa silloin kuin se parhaiten sopii.<\/li>\n<\/ul>\n<\/div>\n<div><\/div>\n","protected":false},"excerpt":{"rendered":"<p><strong>Cityspotting Turku vie sinut Turun salaisimpien paikkojen ja tarinoiden pariin. Nyt yli 100 kohdetta yhdess\u00e4 seikkailussa!<\/strong><\/p>\n","protected":false},"featured_media":389,"comment_status":"open","ping_status":"closed","template":"","meta":{"_acf_changed":false,"_kad_post_transparent":"default","_kad_post_title":"","_kad_post_layout":"default","_kad_post_sidebar_id":"","_kad_post_content_style":"default","_kad_post_vertical_padding":"default","_kad_post_feature":"","_kad_post_feature_position":"","_kad_post_header":false,"_kad_post_footer":false,"_kad_post_classname":""},"product_brand":[],"product_cat":[20,29,19],"product_tag":[],"class_list":{"0":"post-377","1":"product","2":"type-product","3":"status-publish","4":"has-post-thumbnail","6":"product_cat-kulttuuriedut","7":"product_cat-liikunta-muut","8":"product_cat-liikuntaedut","10":"first","11":"instock","12":"sale","13":"taxable","14":"shipping-taxable","15":"product-type-external","16":"entry","17":"content-bg","18":"loop-entry"},"acf":[],"_links":{"self":[{"href":"https:\/\/marketplace.epassi.fi\/cityspotting\/wp-json\/wp\/v2\/product\/377","targetHints":{"allow":["GET"]}}],"collection":[{"href":"https:\/\/marketplace.epassi.fi\/cityspotting\/wp-json\/wp\/v2\/product"}],"about":[{"href":"https:\/\/marketplace.epassi.fi\/cityspotting\/wp-json\/wp\/v2\/types\/product"}],"replies":[{"embeddable":true,"href":"https:\/\/marketplace.epassi.fi\/cityspotting\/wp-json\/wp\/v2\/comments?post=377"}],"wp:featuredmedia":[{"embeddable":true,"href":"https:\/\/marketplace.epassi.fi\/cityspotting\/wp-json\/wp\/v2\/media\/389"}],"wp:attachment":[{"href":"https:\/\/marketplace.epassi.fi\/cityspotting\/wp-json\/wp\/v2\/media?parent=377"}],"wp:term":[{"taxonomy":"product_brand","embeddable":true,"href":"https:\/\/marketplace.epassi.fi\/cityspotting\/wp-json\/wp\/v2\/product_brand?post=377"},{"taxonomy":"product_cat","embeddable":true,"href":"https:\/\/marketplace.epassi.fi\/cityspotting\/wp-json\/wp\/v2\/product_cat?post=377"},{"taxonomy":"product_tag","embeddable":true,"href":"https:\/\/marketplace.epassi.fi\/cityspotting\/wp-json\/wp\/v2\/product_tag?post=377"}],"curies":[{"name":"wp","href":"https:\/\/api.w.org\/{rel}","templated":true}]}}