{"id":1026,"date":"2025-12-29T13:35:22","date_gmt":"2025-12-29T11:35:22","guid":{"rendered":"https:\/\/marketplace.epassi.fi\/crossfriction\/?post_type=product&#038;p=1026"},"modified":"2026-01-02T11:44:05","modified_gmt":"2026-01-02T09:44:05","slug":"hyvinvointilahjakortti-henkilokohtainen-voimassa-12-kk-saldo-vapaasti-valittavissa","status":"publish","type":"product","link":"https:\/\/marketplace.epassi.fi\/crossfriction\/kauppa\/hyvinvointi\/hyvinvointilahjakortti-henkilokohtainen-voimassa-12-kk-saldo-vapaasti-valittavissa\/","title":{"rendered":"Hyvinvointilahjakortti (henkil\u00f6kohtainen, voimassa 12 kk, saldo vapaasti valittavissa)"},"content":{"rendered":"<p>Lahjakortti haluamallesi summalle. Kirjoita haluamasi summa lahjakorttien m\u00e4\u00e4r\u00e4ksi ja lis\u00e4\u00e4 se ostoskoriin. Voimassaolevan hinnaston hinta terveyspalveluille 55 eur \/ tunti.<\/p>\n<p>Lahjakortti on henkil\u00f6kohtainen ja se on voimassa 12 kuukautta sen ostosta ja se toimitetaan s\u00e4hk\u00f6postitse. Yll\u00e4 oleva hinta on voimassa maksettaessa lahjakortilla sen voimassaoloaikana.<\/p>\n<p>Palvelun voi halutessaan maksaa ennakkoon lahjakortilla. Lahjakortin ei tarvitse olla voimassa hoitoajankohtana, jos hoito on maksettu ennakkoon varattaessa voimassaolleella lahjakortilla.<\/p>\n<p>Lahjakortit (ei henkil\u00f6kohtainen) muilla maksutavoilla kuin henkil\u00f6st\u00f6eduilla s\u00e4hk\u00f6isen\u00e4 24\/7 https:\/\/varaa.timma.fi\/giftcard\/hierontacrossfriction<\/p>\n","protected":false},"excerpt":{"rendered":"<p><!--more--><\/p>\n","protected":false},"featured_media":342,"comment_status":"open","ping_status":"closed","template":"","meta":{"_acf_changed":false,"_kad_post_transparent":"default","_kad_post_title":"","_kad_post_layout":"default","_kad_post_sidebar_id":"","_kad_post_content_style":"default","_kad_post_vertical_padding":"default","_kad_post_feature":"","_kad_post_feature_position":"","_kad_post_header":false,"_kad_post_footer":false,"_kad_post_classname":""},"product_brand":[],"product_cat":[21],"product_tag":[],"class_list":{"0":"post-1026","1":"product","2":"type-product","3":"status-publish","4":"has-post-thumbnail","6":"product_cat-hyvinvointi","8":"first","9":"instock","10":"virtual","11":"taxable","12":"purchasable","13":"product-type-simple","14":"entry","15":"content-bg","16":"loop-entry"},"acf":[],"_links":{"self":[{"href":"https:\/\/marketplace.epassi.fi\/crossfriction\/wp-json\/wp\/v2\/product\/1026","targetHints":{"allow":["GET"]}}],"collection":[{"href":"https:\/\/marketplace.epassi.fi\/crossfriction\/wp-json\/wp\/v2\/product"}],"about":[{"href":"https:\/\/marketplace.epassi.fi\/crossfriction\/wp-json\/wp\/v2\/types\/product"}],"replies":[{"embeddable":true,"href":"https:\/\/marketplace.epassi.fi\/crossfriction\/wp-json\/wp\/v2\/comments?post=1026"}],"wp:featuredmedia":[{"embeddable":true,"href":"https:\/\/marketplace.epassi.fi\/crossfriction\/wp-json\/wp\/v2\/media\/342"}],"wp:attachment":[{"href":"https:\/\/marketplace.epassi.fi\/crossfriction\/wp-json\/wp\/v2\/media?parent=1026"}],"wp:term":[{"taxonomy":"product_brand","embeddable":true,"href":"https:\/\/marketplace.epassi.fi\/crossfriction\/wp-json\/wp\/v2\/product_brand?post=1026"},{"taxonomy":"product_cat","embeddable":true,"href":"https:\/\/marketplace.epassi.fi\/crossfriction\/wp-json\/wp\/v2\/product_cat?post=1026"},{"taxonomy":"product_tag","embeddable":true,"href":"https:\/\/marketplace.epassi.fi\/crossfriction\/wp-json\/wp\/v2\/product_tag?post=1026"}],"curies":[{"name":"wp","href":"https:\/\/api.w.org\/{rel}","templated":true}]}}