{"id":355,"date":"2021-11-22T15:18:40","date_gmt":"2021-11-22T13:18:40","guid":{"rendered":"https:\/\/marketplace.epassi.fi\/crossfriction\/?post_type=product&#038;p=355"},"modified":"2025-12-29T13:34:33","modified_gmt":"2025-12-29T11:34:33","slug":"lahjakortti","status":"publish","type":"product","link":"https:\/\/marketplace.epassi.fi\/crossfriction\/kauppa\/hyvinvointi\/hieronta\/lahjakortti\/","title":{"rendered":"Hierontalahjakortti (henkil\u00f6kohtainen, voimassa 12 kk, saldo vapaasti valittavissa)"},"content":{"rendered":"<p>Lahjakortti haluamallesi summalle. Kirjoita haluamasi summa lahjakorttien m\u00e4\u00e4r\u00e4ksi ja lis\u00e4\u00e4 se ostoskoriin. Voimassaolevan hinnaston hinnat:<\/p>\n<ul>\n<li>Hieronta\/urheiluhieronta 30 min 33 eur<\/li>\n<li>Hieronta\/urheiluhieronta 45 min 44 eur<\/li>\n<li>Hieronta\/urheiluhieronta 60 min 55 eur<\/li>\n<li>Hieronta\/urheiluhieronta 90 min 77 eur<\/li>\n<li>Hieronta 120 min 99 eur<\/li>\n<li>Fasciak\u00e4sittely 15 min 27,50 eur<\/li>\n<li>Fasciak\u00e4sittely 30 min 41,80 eur<\/li>\n<\/ul>\n<p>Lahjakortti on henkil\u00f6kohtainen ja se on voimassa 12 kuukautta sen ostosta ja se toimitetaan s\u00e4hk\u00f6postitse. Yll\u00e4 oleva hinnasto on voimassa maksettaessa lahjakortilla sen voimassaoloaikana.<\/p>\n<p>Hieronnan voi halutessaan maksaa ennakkoon lahjakortilla. Lahjakortin ei tarvitse olla voimassa hoitoajankohtana, jos hoito on maksettu ennakkoon varattaessa voimassaolleella lahjakortilla.<\/p>\n<p>Lahjakortit (ei henkil\u00f6kohtainen) muilla maksutavoilla kuin henkil\u00f6st\u00f6eduilla s\u00e4hk\u00f6isen\u00e4 24\/7 https:\/\/varaa.timma.fi\/giftcard\/hierontacrossfriction<\/p>\n","protected":false},"excerpt":{"rendered":"<p><!--more--><\/p>\n","protected":false},"featured_media":342,"comment_status":"open","ping_status":"closed","template":"","meta":{"_acf_changed":false,"_kad_post_transparent":"default","_kad_post_title":"","_kad_post_layout":"default","_kad_post_sidebar_id":"","_kad_post_content_style":"default","_kad_post_vertical_padding":"default","_kad_post_feature":"","_kad_post_feature_position":"","_kad_post_header":false,"_kad_post_footer":false,"_kad_post_classname":""},"product_brand":[],"product_cat":[31,21,15],"product_tag":[],"class_list":{"0":"post-355","1":"product","2":"type-product","3":"status-publish","4":"has-post-thumbnail","6":"product_cat-hieronta","7":"product_cat-hyvinvointi","8":"product_cat-yleinen","10":"first","11":"instock","12":"virtual","13":"taxable","14":"purchasable","15":"product-type-simple","16":"entry","17":"content-bg","18":"loop-entry"},"acf":[],"_links":{"self":[{"href":"https:\/\/marketplace.epassi.fi\/crossfriction\/wp-json\/wp\/v2\/product\/355","targetHints":{"allow":["GET"]}}],"collection":[{"href":"https:\/\/marketplace.epassi.fi\/crossfriction\/wp-json\/wp\/v2\/product"}],"about":[{"href":"https:\/\/marketplace.epassi.fi\/crossfriction\/wp-json\/wp\/v2\/types\/product"}],"replies":[{"embeddable":true,"href":"https:\/\/marketplace.epassi.fi\/crossfriction\/wp-json\/wp\/v2\/comments?post=355"}],"wp:featuredmedia":[{"embeddable":true,"href":"https:\/\/marketplace.epassi.fi\/crossfriction\/wp-json\/wp\/v2\/media\/342"}],"wp:attachment":[{"href":"https:\/\/marketplace.epassi.fi\/crossfriction\/wp-json\/wp\/v2\/media?parent=355"}],"wp:term":[{"taxonomy":"product_brand","embeddable":true,"href":"https:\/\/marketplace.epassi.fi\/crossfriction\/wp-json\/wp\/v2\/product_brand?post=355"},{"taxonomy":"product_cat","embeddable":true,"href":"https:\/\/marketplace.epassi.fi\/crossfriction\/wp-json\/wp\/v2\/product_cat?post=355"},{"taxonomy":"product_tag","embeddable":true,"href":"https:\/\/marketplace.epassi.fi\/crossfriction\/wp-json\/wp\/v2\/product_tag?post=355"}],"curies":[{"name":"wp","href":"https:\/\/api.w.org\/{rel}","templated":true}]}}