{"id":332,"date":"2025-12-30T14:39:38","date_gmt":"2025-12-30T12:39:38","guid":{"rendered":"https:\/\/marketplace.epassi.fi\/day-spa-lahde\/?post_type=product&#038;p=332"},"modified":"2026-01-01T05:02:09","modified_gmt":"2026-01-01T03:02:09","slug":"paasylippu-kylpylaan-arki-tarjous","status":"publish","type":"product","link":"https:\/\/marketplace.epassi.fi\/day-spa-lahde\/kauppa\/liikuntaedut\/liikunta-muut\/paasylippu-kylpylaan-arki-tarjous\/","title":{"rendered":"P\u00e4\u00e4sylippu kylpyl\u00e4\u00e4n &#8211; Arki Tarjous"},"content":{"rendered":"<p>T\u00e4m\u00e4 lahjakortti oikeuttaa yhteen k\u00e4yntikertaan ihanassa Day Spa L\u00e4hde kylpyl\u00e4ss\u00e4mme <strong>Arkisin,\u00a0 ma-to klo 10-15 (ei arkipyhin\u00e4).<\/strong><\/p>\n<p>Lue lis\u00e4\u00e4 ja varmista ajantaisin tieto kylpyl\u00e4n aukioloajoista\u00a0<a href=\"https:\/\/hotellilahde.fi\/kylpyla\/\">Kylpyl\u00e4 | Hotelli L\u00e4hde | Lappeenranta<\/a><\/p>\n<p>Voimassa 12 kk ostop\u00e4iv\u00e4st\u00e4.<\/p>\n","protected":false},"excerpt":{"rendered":"<p>Hinta voimassa <strong>ma-to klo 10-15<\/strong> (ei arkipyhin\u00e4).<\/p>\n<p>&nbsp;<\/p>\n","protected":false},"featured_media":329,"comment_status":"open","ping_status":"closed","template":"","meta":{"_acf_changed":false,"_kad_post_transparent":"default","_kad_post_title":"","_kad_post_layout":"default","_kad_post_sidebar_id":"","_kad_post_content_style":"default","_kad_post_vertical_padding":"default","_kad_post_feature":"","_kad_post_feature_position":"","_kad_post_header":false,"_kad_post_footer":false,"_kad_post_classname":""},"product_brand":[],"product_cat":[29,19],"product_tag":[],"class_list":{"0":"post-332","1":"product","2":"type-product","3":"status-publish","4":"has-post-thumbnail","6":"product_cat-liikunta-muut","7":"product_cat-liikuntaedut","9":"first","10":"instock","11":"virtual","12":"taxable","13":"purchasable","14":"product-type-simple","15":"entry","16":"content-bg","17":"loop-entry"},"acf":[],"_links":{"self":[{"href":"https:\/\/marketplace.epassi.fi\/day-spa-lahde\/wp-json\/wp\/v2\/product\/332","targetHints":{"allow":["GET"]}}],"collection":[{"href":"https:\/\/marketplace.epassi.fi\/day-spa-lahde\/wp-json\/wp\/v2\/product"}],"about":[{"href":"https:\/\/marketplace.epassi.fi\/day-spa-lahde\/wp-json\/wp\/v2\/types\/product"}],"replies":[{"embeddable":true,"href":"https:\/\/marketplace.epassi.fi\/day-spa-lahde\/wp-json\/wp\/v2\/comments?post=332"}],"wp:featuredmedia":[{"embeddable":true,"href":"https:\/\/marketplace.epassi.fi\/day-spa-lahde\/wp-json\/wp\/v2\/media\/329"}],"wp:attachment":[{"href":"https:\/\/marketplace.epassi.fi\/day-spa-lahde\/wp-json\/wp\/v2\/media?parent=332"}],"wp:term":[{"taxonomy":"product_brand","embeddable":true,"href":"https:\/\/marketplace.epassi.fi\/day-spa-lahde\/wp-json\/wp\/v2\/product_brand?post=332"},{"taxonomy":"product_cat","embeddable":true,"href":"https:\/\/marketplace.epassi.fi\/day-spa-lahde\/wp-json\/wp\/v2\/product_cat?post=332"},{"taxonomy":"product_tag","embeddable":true,"href":"https:\/\/marketplace.epassi.fi\/day-spa-lahde\/wp-json\/wp\/v2\/product_tag?post=332"}],"curies":[{"name":"wp","href":"https:\/\/api.w.org\/{rel}","templated":true}]}}