{"id":289,"date":"2021-10-20T17:08:34","date_gmt":"2021-10-20T14:08:34","guid":{"rendered":"https:\/\/marketplace.epassi.fi\/divetime\/?post_type=product&#038;p=289"},"modified":"2024-09-01T00:05:42","modified_gmt":"2024-08-31T21:05:42","slug":"ssi-open-water-diver-laitesukelluksen-peruskurssi","status":"publish","type":"product","link":"https:\/\/marketplace.epassi.fi\/divetime\/kauppa\/liikuntaedut\/liikunta-muut\/ssi-open-water-diver-laitesukelluksen-peruskurssi\/","title":{"rendered":"SSI Open Water Diver &#8211; Laitesukelluksen peruskurssi"},"content":{"rendered":"<p>SSI Open Water Diver -koulutusohjelma on paras tapa aloittaa elinik\u00e4inen seikkailu sukeltajana. Laitesukelluksen peruskurssi eli kansainv\u00e4lisemmin Open Water Diver -kurssi on laaja kokonaisuus, joka koostuu verkko-oppimismateriaalista, teoriaopetuksesta, allasharjoituksista ja avovesisukelluksista.\u00a0Open Water Diver kurssilla opit sukeltamisen perustaidot. Kurssi on turvallisen sukellusharrastuksen perusedellytys. Suoritettuasi kurssin ansaitset SSI Open Water Diver -sertifikaatin, jolla voit osoittaa olevasi koulutettu sukeltaja ja p\u00e4\u00e4set osallistumaan sukellusretkille sek\u00e4 voit vuokrata sukellusv\u00e4lineit\u00e4 miss\u00e4 p\u00e4in maailmaa tahansa. Sukelluskurssilla tulee olla omat perusv\u00e4lineet: maski, snorkkeli ja r\u00e4pyl\u00e4t. Muut sukellusvarusteet saat lainaksi kurssiharjoituksiin.<\/p>\n<p id=\"wnd_TextBlock_753495_inner_2\" data-wnd_is_separable=\"1\" data-wnd_separable_id=\"wnd_TextBlock_753495\" data-wnd_separable_index=\"2\">Sukellusharrastuksen aloittamiseksi riitt\u00e4\u00e4 uimataito, peruskunto ja perusterveys. Ennen sukelluskurssin aloittamista sinun tulee t\u00e4ytt\u00e4\u00e4\u00a0<a href=\"https:\/\/www.divetime.fi\/WebRoot\/myvilkasfi01\/Shops\/divetime\/5FED\/BA91\/BA6D\/06C9\/E20B\/0A28\/100D\/0FD1\/TR-MEDICAL-DIVER_Finnish.pdf\" data-link-type=\"external\" data-type=\"linkpicker\">terveysselvityslomake<\/a>. Jos vastaat johonkin terveysselvityksen kohdista &#8221;kyll\u00e4&#8221;, se ei tarkoita automaattisesti sukelluskieltoa vaan sit\u00e4, ett\u00e4 terveydentilassasi on saattaa olla jotakin turvallisuuteesi sukelluksen aikana vaikuttavaa. Silloin sinun tulee pyyt\u00e4\u00e4 l\u00e4\u00e4k\u00e4rin arvio lomakkeen kolmannelle sivulle.<\/p>\n<p data-wnd_is_separable=\"1\" data-wnd_separable_id=\"wnd_TextBlock_753495\" data-wnd_separable_index=\"2\">\n","protected":false},"excerpt":{"rendered":"<p>Kirjoita t\u00e4h\u00e4n lyhyt tuotekuvaus. T\u00e4m\u00e4 kuvaus n\u00e4kyy tuotesivun yl\u00e4osassa tuotteen nimen alla.<\/p>\n","protected":false},"featured_media":329,"comment_status":"open","ping_status":"closed","template":"","meta":{"_acf_changed":false,"_kad_post_transparent":"default","_kad_post_title":"","_kad_post_layout":"default","_kad_post_sidebar_id":"","_kad_post_content_style":"default","_kad_post_vertical_padding":"default","_kad_post_feature":"","_kad_post_feature_position":"","_kad_post_header":false,"_kad_post_footer":false,"_kad_post_classname":""},"product_brand":[],"product_cat":[29,19],"product_tag":[],"class_list":{"0":"post-289","1":"product","2":"type-product","3":"status-publish","4":"has-post-thumbnail","6":"product_cat-liikunta-muut","7":"product_cat-liikuntaedut","9":"first","10":"instock","11":"virtual","12":"taxable","13":"purchasable","14":"product-type-simple","15":"entry","16":"content-bg","17":"loop-entry"},"acf":[],"_links":{"self":[{"href":"https:\/\/marketplace.epassi.fi\/divetime\/wp-json\/wp\/v2\/product\/289","targetHints":{"allow":["GET"]}}],"collection":[{"href":"https:\/\/marketplace.epassi.fi\/divetime\/wp-json\/wp\/v2\/product"}],"about":[{"href":"https:\/\/marketplace.epassi.fi\/divetime\/wp-json\/wp\/v2\/types\/product"}],"replies":[{"embeddable":true,"href":"https:\/\/marketplace.epassi.fi\/divetime\/wp-json\/wp\/v2\/comments?post=289"}],"wp:featuredmedia":[{"embeddable":true,"href":"https:\/\/marketplace.epassi.fi\/divetime\/wp-json\/wp\/v2\/media\/329"}],"wp:attachment":[{"href":"https:\/\/marketplace.epassi.fi\/divetime\/wp-json\/wp\/v2\/media?parent=289"}],"wp:term":[{"taxonomy":"product_brand","embeddable":true,"href":"https:\/\/marketplace.epassi.fi\/divetime\/wp-json\/wp\/v2\/product_brand?post=289"},{"taxonomy":"product_cat","embeddable":true,"href":"https:\/\/marketplace.epassi.fi\/divetime\/wp-json\/wp\/v2\/product_cat?post=289"},{"taxonomy":"product_tag","embeddable":true,"href":"https:\/\/marketplace.epassi.fi\/divetime\/wp-json\/wp\/v2\/product_tag?post=289"}],"curies":[{"name":"wp","href":"https:\/\/api.w.org\/{rel}","templated":true}]}}