{"id":323,"date":"2023-11-14T14:52:31","date_gmt":"2023-11-14T12:52:31","guid":{"rendered":"https:\/\/marketplace.epassi.fi\/doulasisalla\/?post_type=product&#038;p=323"},"modified":"2025-12-22T13:52:20","modified_gmt":"2025-12-22T11:52:20","slug":"aitien-ravintovalmennus","status":"publish","type":"product","link":"https:\/\/marketplace.epassi.fi\/doulasisalla\/kauppa\/hyvinvointi\/aitien-ravintovalmennus\/","title":{"rendered":"Ravintovalmennus"},"content":{"rendered":"<p>Ravintovalmennus on \u00e4itiysliikuntavalmentajan &amp; ravintovalmentajan henkil\u00f6kohtainen apu sinulle joka kamppailet sy\u00f6miseen liittyvien tottumusten ja tunteiden kanssa.<\/p>\n<p>Ehk\u00e4 olet v\u00e4synyt nuutuneeseen olotilaan, ylipainoon, sokerikoukkuun tai kaipaat muuten vaan buustia aineenvaihduntaasi?<\/p>\n<p>Autan sinua luomaan el\u00e4m\u00e4ntavan jolla jaksat arjessa ja voit hyvin!<\/p>\n<p>Otan sinuun yhteytt\u00e4 24h kuluessa ostosta ja sovitaan aika aloitustapaamiselle (valmennus suoritetaan et\u00e4n\u00e4) ja laadin sinulle henkil\u00f6kohtaisen ruokavalion tavoitteiden tueksi.<\/p>\n<p>Valmennuksen aikana en j\u00e4t\u00e4 sinua yksin vaan olen viikottain yhteydess\u00e4 sinuun ja tuen matkallasi kohti terveemp\u00e4\u00e4 el\u00e4m\u00e4ntapaa.<\/p>\n<p>&nbsp;<\/p>\n<p>95\u20ac \/ 1kk<\/p>\n","protected":false},"excerpt":{"rendered":"<p>Henkil\u00f6kohtainen ruokavalio ja ravintovalmennus.<\/p>\n","protected":false},"featured_media":342,"comment_status":"open","ping_status":"closed","template":"","meta":{"_acf_changed":false,"_kad_post_transparent":"default","_kad_post_title":"","_kad_post_layout":"default","_kad_post_sidebar_id":"","_kad_post_content_style":"default","_kad_post_vertical_padding":"default","_kad_post_feature":"","_kad_post_feature_position":"","_kad_post_header":false,"_kad_post_footer":false,"_kad_post_classname":""},"product_brand":[],"product_cat":[21],"product_tag":[],"class_list":{"0":"post-323","1":"product","2":"type-product","3":"status-publish","4":"has-post-thumbnail","6":"product_cat-hyvinvointi","8":"first","9":"instock","10":"taxable","11":"shipping-taxable","12":"purchasable","13":"product-type-simple","14":"entry","15":"content-bg","16":"loop-entry"},"acf":[],"_links":{"self":[{"href":"https:\/\/marketplace.epassi.fi\/doulasisalla\/wp-json\/wp\/v2\/product\/323","targetHints":{"allow":["GET"]}}],"collection":[{"href":"https:\/\/marketplace.epassi.fi\/doulasisalla\/wp-json\/wp\/v2\/product"}],"about":[{"href":"https:\/\/marketplace.epassi.fi\/doulasisalla\/wp-json\/wp\/v2\/types\/product"}],"replies":[{"embeddable":true,"href":"https:\/\/marketplace.epassi.fi\/doulasisalla\/wp-json\/wp\/v2\/comments?post=323"}],"wp:featuredmedia":[{"embeddable":true,"href":"https:\/\/marketplace.epassi.fi\/doulasisalla\/wp-json\/wp\/v2\/media\/342"}],"wp:attachment":[{"href":"https:\/\/marketplace.epassi.fi\/doulasisalla\/wp-json\/wp\/v2\/media?parent=323"}],"wp:term":[{"taxonomy":"product_brand","embeddable":true,"href":"https:\/\/marketplace.epassi.fi\/doulasisalla\/wp-json\/wp\/v2\/product_brand?post=323"},{"taxonomy":"product_cat","embeddable":true,"href":"https:\/\/marketplace.epassi.fi\/doulasisalla\/wp-json\/wp\/v2\/product_cat?post=323"},{"taxonomy":"product_tag","embeddable":true,"href":"https:\/\/marketplace.epassi.fi\/doulasisalla\/wp-json\/wp\/v2\/product_tag?post=323"}],"curies":[{"name":"wp","href":"https:\/\/api.w.org\/{rel}","templated":true}]}}