{"id":22,"date":"2021-09-13T17:45:59","date_gmt":"2021-09-13T17:45:59","guid":{"rendered":"https:\/\/marketplace.epassi.fi\/eagle-club-konepaja\/?page_id=22"},"modified":"2021-10-12T10:57:35","modified_gmt":"2021-10-12T10:57:35","slug":"info","status":"publish","type":"page","link":"https:\/\/marketplace.epassi.fi\/eagle-club-konepaja\/info\/","title":{"rendered":"Info"},"content":{"rendered":"\n\t<div class=\"entry-content single-content\">\n\n\t\t<div class=\"wp-block-columns\" style=\"gap:30px\">\n\t\t\t<div class=\"wp-block-column\">\n\t\t\t\t<h2>Eagle Club Konepaja simulaattorikeskus<\/h2>\n\t\t\t\t<p><p>Golf- ja ammuntasimulaattorit tarjoavat toiminnan sek\u00e4 huvint\u00e4yteisi\u00e4 hetki\u00e4 mahtavissa puitteissa Vallilan Konepajalla. Simulaattoriloosseja on yhteens\u00e4 kuusi kappaletta joista yksi on sijoitettu suureen VIP huoneeseen. Golfsimulaattoreina on parhaat mahdolliset TrackManit ja ammunnan tarjoaa Simwayn huipputarkat laitteistot. <\/p>\n<p>Hupia riitt\u00e4\u00e4 kaikille ik\u00e4\u00e4n, sukupuoleen ja harrastustaustaan katsomatta. Tervetuloa viett\u00e4m\u00e4\u00e4n hauska ilta. Tiloista l\u00f6ytyy my\u00f6s hyvin varusteltu baari.   <\/p>\n<\/p>\n\t\t\t\t<h3>Eagle Club Konepaja<\/h3>\n\t\t\t\t<p>Traverssikuja 3, Konepajanpasaasi (sis\u00e4piha) p\u00e4\u00e4dyss\u00e4<br>\n\t\t\t\t\t00510 Helsinki<\/p>\n\t\t\t\t<p><a href=\"tel:050 5113006\">050 5113006<\/a><\/p>\n\t\t\t\t<p><a href=\"mailto:asiakaspalvelu@eagleclub.fi\">asiakaspalvelu@eagleclub.fi<\/a><\/p>\n\n\t\t\t\t<h2>Toimipisteet<\/h2><div class=\"info-page-location-list\"><div class=\"info-page-location\"><h3>Eagle Club Konepaja<\/h3><p>Traverssikuja 3, 00510 Helsinki<\/p><p><a href=\"tel:050 5113006\">050 5113006<\/a><br><a href=\"mail:asiakaspalvelu@eagleclub.fi\">asiakaspalvelu@eagleclub.fi<\/a><p><a href=\"https:\/\/www.google.com\/maps\/search\/?api=1&query=Google&query_place_id=ChIJIbTtO3cJkkYRhjtCqkPYaho\">Katso sijainti kartalla <span>&#8599;<\/span><\/a><\/p><\/p><p>Golf- ja ammuntasimulaattorit tarjoavat toiminnan sek\u00e4 huvint\u00e4yteisi\u00e4 hetki\u00e4 mahtavissa puitteissa Vallilan Konepajalla. Simulaattoriloosseja on yhteens\u00e4 kuusi kappaletta joista yksi on sijoitettu suureen VIP huoneeseen. Golfsimulaattoreina on parhaat mahdolliset TrackManit ja ammunnan tarjoaa Simwayn huipputarkat laitteistot. \r\n\r\nHupia riitt\u00e4\u00e4 kaikille ik\u00e4\u00e4n, sukupuoleen ja harrastustaustaan katsomatta. Tervetuloa viett\u00e4m\u00e4\u00e4n hauska ilta. Tiloista l\u00f6ytyy my\u00f6s hyvin varusteltu baari.   <\/p><\/div><\/div>\t\t\t<\/div>\n\n\t\t\t<div class=\"wp-block-column\">\n\t\t\t\t<figure class=\"wp-block-image size-large\"><img loading=\"lazy\" decoding=\"async\" width=\"768\" height=\"768\" src=\"https:\/\/marketplace.epassi.fi\/eagle-club-konepaja\/wp-content\/uploads\/sites\/316\/2023\/01\/Eagle-Club-Musta-768x768.jpg\" class=\"attachment-medium_large size-medium_large\" alt=\"\" \/><\/figure>\n\t\t\t<\/div>\n\t\t<\/div>\n\t<\/div>\n\t\n","protected":false},"excerpt":{"rendered":"","protected":false},"author":2,"featured_media":0,"parent":0,"menu_order":0,"comment_status":"closed","ping_status":"closed","template":"","meta":{"_acf_changed":false,"_kad_post_transparent":"","_kad_post_title":"","_kad_post_layout":"","_kad_post_sidebar_id":"","_kad_post_content_style":"","_kad_post_vertical_padding":"","_kad_post_feature":"","_kad_post_feature_position":"","_kad_post_header":false,"_kad_post_footer":false,"_kad_post_classname":"","footnotes":""},"class_list":["post-22","page","type-page","status-publish","hentry"],"acf":[],"_links":{"self":[{"href":"https:\/\/marketplace.epassi.fi\/eagle-club-konepaja\/wp-json\/wp\/v2\/pages\/22","targetHints":{"allow":["GET"]}}],"collection":[{"href":"https:\/\/marketplace.epassi.fi\/eagle-club-konepaja\/wp-json\/wp\/v2\/pages"}],"about":[{"href":"https:\/\/marketplace.epassi.fi\/eagle-club-konepaja\/wp-json\/wp\/v2\/types\/page"}],"author":[{"embeddable":true,"href":"https:\/\/marketplace.epassi.fi\/eagle-club-konepaja\/wp-json\/wp\/v2\/users\/2"}],"replies":[{"embeddable":true,"href":"https:\/\/marketplace.epassi.fi\/eagle-club-konepaja\/wp-json\/wp\/v2\/comments?post=22"}],"version-history":[{"count":10,"href":"https:\/\/marketplace.epassi.fi\/eagle-club-konepaja\/wp-json\/wp\/v2\/pages\/22\/revisions"}],"predecessor-version":[{"id":264,"href":"https:\/\/marketplace.epassi.fi\/eagle-club-konepaja\/wp-json\/wp\/v2\/pages\/22\/revisions\/264"}],"wp:attachment":[{"href":"https:\/\/marketplace.epassi.fi\/eagle-club-konepaja\/wp-json\/wp\/v2\/media?parent=22"}],"curies":[{"name":"wp","href":"https:\/\/api.w.org\/{rel}","templated":true}]}}