{"id":282,"date":"2023-01-10T13:34:25","date_gmt":"2023-01-10T11:34:25","guid":{"rendered":"https:\/\/marketplace.epassi.fi\/eagle-club-konepaja\/?post_type=product&#038;p=282"},"modified":"2026-01-01T05:02:00","modified_gmt":"2026-01-01T03:02:00","slug":"sarjakortit-simulaattoreihin","status":"publish","type":"product","link":"https:\/\/marketplace.epassi.fi\/eagle-club-konepaja\/kauppa\/liikuntaedut\/golf\/sarjakortit-simulaattoreihin\/","title":{"rendered":"Sarjakortit simulaattoreihin"},"content":{"rendered":"<p><strong>Edullisemmin simulaattoreihin sarjakorteilla<\/strong><br \/>\nSarjakortilla pystyy pelaamaan kaikkina p\u00e4ivin\u00e4 ja kellonaikoina ilman rajoituksia* kaikissa TrackMan 4 golfsimulaattoreissamme (poislukien VIP-huone). Ostettuasi sarjakortin Eagle Club Konepajan asiakaspalvelu l\u00e4hett\u00e4\u00e4 sinulle viimeist\u00e4\u00e4n seuraavana p\u00e4iv\u00e4n\u00e4 s\u00e4hk\u00f6postiisi viestin, kun sarjakortti on k\u00e4ytett\u00e4viss\u00e4 Eagle Club Konepajan tilill\u00e4si. Sarjakortti varauksen voit my\u00f6s upgreidata VIP-huoneeseen lis\u00e4maksusta: ma-to 15 \u20ac \/ h ja pe-su 20 \u20ac \/ h.<\/p>\n<p><strong>Sarjakortin osto<\/strong><\/p>\n<ol>\n<li>Varmista, ett\u00e4 olet luonut k\u00e4ytt\u00e4j\u00e4tilin Eagle Clubin varausj\u00e4rjestelm\u00e4\u00e4n. Rekister\u00f6ity\u00e4 voit osoitteessa: https:\/\/kauppa.eagleclub.fi\/?action=registration&amp;lang=fi-FI<\/li>\n<li>Siirr\u00e4 arvoa Eagle Club Konepajalle Epassin kautta<\/li>\n<li>Odota, kunnes saat s\u00e4hk\u00f6postiisi viestin sarjakortin lis\u00e4\u00e4misest\u00e4 tilillesi<\/li>\n<\/ol>\n<p><strong>Sarjakortin k\u00e4ytt\u00f6<\/strong><\/p>\n<ol>\n<li>Varaa vuorosi osoitteessa: https:\/\/kauppa.eagleclub.fi\/<\/li>\n<li>K\u00e4yt\u00e4 sarjakorttia vuoron maksuun valitsemalla ajanvarauksen yhteydess\u00e4 &#8221;K\u00e4ytett\u00e4viss\u00e4 olevat sarjakortit&#8221; -kohdasta &#8221;Sarjakortti &#8211; simulaattorit 1-6&#8221;<\/li>\n<\/ol>\n<p>Mik\u00e4li haluat ostaa lis\u00e4tuotteita kuten esimerkiksi vuokramailat tai ammuntapaketin (simulaattorit 1 &amp; 6) voit valita haluamasi lis\u00e4palvelut varauksen yhteydess\u00e4 ja maksaa ne erikseen.<\/p>\n<p>Sarjakortilla ei voi maksaa varauksia VIP-huoneeseen.<\/p>\n<p>*Arkisarjakortti on k\u00e4ytett\u00e4viss\u00e4 maanantaista perjantaihin klo 06-16 v\u00e4lill\u00e4.<\/p>\n","protected":false},"excerpt":{"rendered":"<p>Edullisemmin simulaattoreihin sarjakorteilla Sarjakortilla pystyy pelaamaan kaikkina p\u00e4ivin\u00e4 ja kellonaikoina ilman rajoituksia* kaikissa TrackMan 4 golfsimulaattoreissamme (poislukien VIP-huone). Ostettuasi sarjakortin Eagle Club Konepajan asiakaspalvelu l\u00e4hett\u00e4\u00e4 sinulle viimeist\u00e4\u00e4n seuraavana p\u00e4iv\u00e4n\u00e4 s\u00e4hk\u00f6postiisi viestin, kun sarjakortti on k\u00e4ytett\u00e4viss\u00e4 Eagle Club Konepajan tilill\u00e4si. Sarjakortti varauksen voit my\u00f6s upgreidata VIP-huoneeseen lis\u00e4maksusta: ma-to 15 \u20ac \/ h ja pe-su 20 \u20ac&#8230;<\/p>\n","protected":false},"featured_media":369,"comment_status":"open","ping_status":"closed","template":"","meta":{"_acf_changed":false,"_kad_post_transparent":"default","_kad_post_title":"","_kad_post_layout":"default","_kad_post_sidebar_id":"","_kad_post_content_style":"default","_kad_post_vertical_padding":"default","_kad_post_feature":"","_kad_post_feature_position":"","_kad_post_header":false,"_kad_post_footer":false,"_kad_post_classname":""},"product_brand":[],"product_cat":[26,29,19],"product_tag":[],"class_list":{"0":"post-282","1":"product","2":"type-product","3":"status-publish","4":"has-post-thumbnail","6":"product_cat-golf","7":"product_cat-liikunta-muut","8":"product_cat-liikuntaedut","10":"first","11":"instock","12":"taxable","13":"shipping-taxable","14":"purchasable","15":"product-type-variable","16":"entry","17":"content-bg","18":"loop-entry"},"acf":[],"_links":{"self":[{"href":"https:\/\/marketplace.epassi.fi\/eagle-club-konepaja\/wp-json\/wp\/v2\/product\/282","targetHints":{"allow":["GET"]}}],"collection":[{"href":"https:\/\/marketplace.epassi.fi\/eagle-club-konepaja\/wp-json\/wp\/v2\/product"}],"about":[{"href":"https:\/\/marketplace.epassi.fi\/eagle-club-konepaja\/wp-json\/wp\/v2\/types\/product"}],"replies":[{"embeddable":true,"href":"https:\/\/marketplace.epassi.fi\/eagle-club-konepaja\/wp-json\/wp\/v2\/comments?post=282"}],"wp:featuredmedia":[{"embeddable":true,"href":"https:\/\/marketplace.epassi.fi\/eagle-club-konepaja\/wp-json\/wp\/v2\/media\/369"}],"wp:attachment":[{"href":"https:\/\/marketplace.epassi.fi\/eagle-club-konepaja\/wp-json\/wp\/v2\/media?parent=282"}],"wp:term":[{"taxonomy":"product_brand","embeddable":true,"href":"https:\/\/marketplace.epassi.fi\/eagle-club-konepaja\/wp-json\/wp\/v2\/product_brand?post=282"},{"taxonomy":"product_cat","embeddable":true,"href":"https:\/\/marketplace.epassi.fi\/eagle-club-konepaja\/wp-json\/wp\/v2\/product_cat?post=282"},{"taxonomy":"product_tag","embeddable":true,"href":"https:\/\/marketplace.epassi.fi\/eagle-club-konepaja\/wp-json\/wp\/v2\/product_tag?post=282"}],"curies":[{"name":"wp","href":"https:\/\/api.w.org\/{rel}","templated":true}]}}