{"id":290,"date":"2021-10-20T17:09:46","date_gmt":"2021-10-20T14:09:46","guid":{"rendered":"https:\/\/marketplace.epassi.fi\/eagle-club-konepaja\/?post_type=product&#038;p=290"},"modified":"2026-01-01T05:02:00","modified_gmt":"2026-01-01T03:02:00","slug":"2-h-vip-all-inclusive","status":"publish","type":"product","link":"https:\/\/marketplace.epassi.fi\/eagle-club-konepaja\/kauppa\/liikuntaedut\/golf\/2-h-vip-all-inclusive\/","title":{"rendered":"2 h VIP All inclusive"},"content":{"rendered":"<p>Kaksi tuntia 1-16 henkil\u00f6lle \u00e4\u00e4nieristetyss\u00e4 VIP huoneessa ei j\u00e4t\u00e4 kylm\u00e4ksi. Voitte pelata ammuntasimulaattorissa eri pelej\u00e4 jopa 4 henke\u00e4 samaan aikaan, pelata golfia huippukentill\u00e4 Pebble Beach mukaan lukien tai vaihtoehtoisesti vaikka vain fiilistell\u00e4 hyv\u00e4n musiikin tahtiin oma kulta kainalossa. Voitte heitt\u00e4yty\u00e4 laulamaan karaokea tai heitt\u00e4\u00e4 dartsia automaattilaskurin laskiessa tulokset puolestanne. All Inclusive pakettiin kuuluu mailasetti ja ammuntapaketti, joten niit\u00e4 ei tarvitse erikseen en\u00e4\u00e4 maksaa.<\/p>\n<p>2 h VIP All Inclusive -paketin ostaminen:<\/p>\n<ol>\n<li><span style=\"font-family: var(--global-body-font-family)\">Varmista, ett\u00e4 olet luonut k\u00e4ytt\u00e4j\u00e4tilin Eagle Clubin varausj\u00e4rjestelm\u00e4\u00e4n. Rekister\u00f6ity\u00e4 voit osoitteessa: https:\/\/kauppa.eagleclub.fi\/?action=registration&amp;lang=fi-FI<\/span><\/li>\n<li>Siirr\u00e4 arvoa Eagle Club Konepajalle Epassin kautta<\/li>\n<li>Odota, kunnes saat s\u00e4hk\u00f6postiisi viestin paketin lis\u00e4\u00e4misest\u00e4 tilillesi<\/li>\n<\/ol>\n<p><strong>Vuoron varaaminen<\/strong><\/p>\n<p>Varaa vuorosi osoitteessa: https:\/\/kauppa.eagleclub.fi\/<\/p>\n","protected":false},"excerpt":{"rendered":"<p>2 tuntia VIP huoneessa All Inclusive<\/p>\n","protected":false},"featured_media":341,"comment_status":"open","ping_status":"closed","template":"","meta":{"_acf_changed":false,"_kad_post_transparent":"default","_kad_post_title":"","_kad_post_layout":"default","_kad_post_sidebar_id":"","_kad_post_content_style":"default","_kad_post_vertical_padding":"default","_kad_post_feature":"","_kad_post_feature_position":"","_kad_post_header":false,"_kad_post_footer":false,"_kad_post_classname":""},"product_brand":[],"product_cat":[26,29,19],"product_tag":[],"class_list":{"0":"post-290","1":"product","2":"type-product","3":"status-publish","4":"has-post-thumbnail","6":"product_cat-golf","7":"product_cat-liikunta-muut","8":"product_cat-liikuntaedut","10":"first","11":"instock","12":"virtual","13":"taxable","14":"purchasable","15":"product-type-simple","16":"entry","17":"content-bg","18":"loop-entry"},"acf":[],"_links":{"self":[{"href":"https:\/\/marketplace.epassi.fi\/eagle-club-konepaja\/wp-json\/wp\/v2\/product\/290","targetHints":{"allow":["GET"]}}],"collection":[{"href":"https:\/\/marketplace.epassi.fi\/eagle-club-konepaja\/wp-json\/wp\/v2\/product"}],"about":[{"href":"https:\/\/marketplace.epassi.fi\/eagle-club-konepaja\/wp-json\/wp\/v2\/types\/product"}],"replies":[{"embeddable":true,"href":"https:\/\/marketplace.epassi.fi\/eagle-club-konepaja\/wp-json\/wp\/v2\/comments?post=290"}],"wp:featuredmedia":[{"embeddable":true,"href":"https:\/\/marketplace.epassi.fi\/eagle-club-konepaja\/wp-json\/wp\/v2\/media\/341"}],"wp:attachment":[{"href":"https:\/\/marketplace.epassi.fi\/eagle-club-konepaja\/wp-json\/wp\/v2\/media?parent=290"}],"wp:term":[{"taxonomy":"product_brand","embeddable":true,"href":"https:\/\/marketplace.epassi.fi\/eagle-club-konepaja\/wp-json\/wp\/v2\/product_brand?post=290"},{"taxonomy":"product_cat","embeddable":true,"href":"https:\/\/marketplace.epassi.fi\/eagle-club-konepaja\/wp-json\/wp\/v2\/product_cat?post=290"},{"taxonomy":"product_tag","embeddable":true,"href":"https:\/\/marketplace.epassi.fi\/eagle-club-konepaja\/wp-json\/wp\/v2\/product_tag?post=290"}],"curies":[{"name":"wp","href":"https:\/\/api.w.org\/{rel}","templated":true}]}}