{"id":349,"date":"2023-01-10T14:04:04","date_gmt":"2023-01-10T12:04:04","guid":{"rendered":"https:\/\/marketplace.epassi.fi\/eagle-club-konepaja\/?post_type=product&#038;p=349"},"modified":"2025-12-15T10:26:47","modified_gmt":"2025-12-15T08:26:47","slug":"lataa-arvoa-simulaattorivarauksiin","status":"publish","type":"product","link":"https:\/\/marketplace.epassi.fi\/eagle-club-konepaja\/kauppa\/liikuntaedut\/golf\/lataa-arvoa-simulaattorivarauksiin\/","title":{"rendered":"Lataa arvoa simulaattorivarauksiin"},"content":{"rendered":"<p><strong>Simulaattorivaraukset kassasaldolla<\/strong><\/p>\n<p>Voit ladata arvoa k\u00e4ytett\u00e4v\u00e4ksesi simulaattorivarauksiin Eagle Club Konepajalle. Saldolla voit varata niin golfsimulaattorit kuin ammuntasimulaattoritkin sek\u00e4 lis\u00e4palvelut. Kassasaldo ladataan Play.fi tilillesi ja se on voimassa niin kauan kunnes arvo k\u00e4ytet\u00e4\u00e4n.<\/p>\n<p><strong>Ohjeita ostamiseen:<\/strong><\/p>\n<ol>\n<li>Valitse arvo, mink\u00e4 haluat siirt\u00e4\u00e4 Supergolf-tilillesi.\n<ul>\n<li><strong>VINKKI!<\/strong>\u00a0Voit lis\u00e4t\u00e4 ostoskoriin monta eri arvoa niin saat siirretty\u00e4 haluamasi summan.<\/li>\n<\/ul>\n<\/li>\n<li>Mik\u00e4li et ole rekister\u00f6itynyt Eagle Club Konepajan varausj\u00e4rjestelm\u00e4\u00e4n niin tee se nyt, sill\u00e4 ilman Play.fi tili\u00e4 siirtoa ei voi kohdistaa\n<ul>\n<li>Voit rekister\u00f6ity\u00e4 varusj\u00e4rjestelm\u00e4\u00e4n t\u00e4st\u00e4: https:\/\/play.fi\/site\/signup<\/li>\n<\/ul>\n<\/li>\n<li>Eagle Club Konepajan asiakaspalvelu lis\u00e4\u00e4 arvon Play.fi k\u00e4ytt\u00e4j\u00e4tilillesi viimeist\u00e4\u00e4n seuraavana p\u00e4iv\u00e4n\u00e4<\/li>\n<\/ol>\n<p><strong>Kassasaldon k\u00e4ytt\u00f6<\/strong><\/p>\n<p>Varaa vuorosi osoitteessa\u00a0<a href=\"http:\/\/www.play.fi\/eagleclub\">www.play.fi\/eagleclub<\/a><\/p>\n<p>Varausta maksaessasi valitse maksutavaksi kassasaldo niin varauksen loppusummasta v\u00e4hennet\u00e4\u00e4n ladattujen liikuntaetujen summa. Kassasaldo ei vanhene tililt\u00e4si ennen kuin se on k\u00e4ytetty.<\/p>\n","protected":false},"excerpt":{"rendered":"<p>Simulaattorivaraukset kassasaldolla Voit ladata arvoa k\u00e4ytett\u00e4v\u00e4ksesi simulaattorivarauksiin Eagle Club Konepajalle. Saldolla voit varata niin golfsimulaattorit kuin ammuntasimulaattoritkin sek\u00e4 lis\u00e4palvelut. Kassasaldo ladataan Play.fi tilillesi ja se on voimassa niin kauan kunnes arvo k\u00e4ytet\u00e4\u00e4n. Ohjeita ostamiseen: Valitse arvo, mink\u00e4 haluat siirt\u00e4\u00e4 Supergolf-tilillesi. VINKKI!\u00a0Voit lis\u00e4t\u00e4 ostoskoriin monta eri arvoa niin saat siirretty\u00e4 haluamasi summan. Mik\u00e4li et ole rekister\u00f6itynyt&#8230;<\/p>\n","protected":false},"featured_media":370,"comment_status":"open","ping_status":"closed","template":"","meta":{"_acf_changed":false,"_kad_post_transparent":"default","_kad_post_title":"","_kad_post_layout":"default","_kad_post_sidebar_id":"","_kad_post_content_style":"default","_kad_post_vertical_padding":"default","_kad_post_feature":"","_kad_post_feature_position":"","_kad_post_header":false,"_kad_post_footer":false,"_kad_post_classname":""},"product_brand":[],"product_cat":[26,29,19],"product_tag":[],"class_list":{"0":"post-349","1":"product","2":"type-product","3":"status-publish","4":"has-post-thumbnail","6":"product_cat-golf","7":"product_cat-liikunta-muut","8":"product_cat-liikuntaedut","10":"first","11":"instock","12":"taxable","13":"shipping-taxable","14":"purchasable","15":"product-type-variable","16":"entry","17":"content-bg","18":"loop-entry"},"acf":[],"_links":{"self":[{"href":"https:\/\/marketplace.epassi.fi\/eagle-club-konepaja\/wp-json\/wp\/v2\/product\/349","targetHints":{"allow":["GET"]}}],"collection":[{"href":"https:\/\/marketplace.epassi.fi\/eagle-club-konepaja\/wp-json\/wp\/v2\/product"}],"about":[{"href":"https:\/\/marketplace.epassi.fi\/eagle-club-konepaja\/wp-json\/wp\/v2\/types\/product"}],"replies":[{"embeddable":true,"href":"https:\/\/marketplace.epassi.fi\/eagle-club-konepaja\/wp-json\/wp\/v2\/comments?post=349"}],"wp:featuredmedia":[{"embeddable":true,"href":"https:\/\/marketplace.epassi.fi\/eagle-club-konepaja\/wp-json\/wp\/v2\/media\/370"}],"wp:attachment":[{"href":"https:\/\/marketplace.epassi.fi\/eagle-club-konepaja\/wp-json\/wp\/v2\/media?parent=349"}],"wp:term":[{"taxonomy":"product_brand","embeddable":true,"href":"https:\/\/marketplace.epassi.fi\/eagle-club-konepaja\/wp-json\/wp\/v2\/product_brand?post=349"},{"taxonomy":"product_cat","embeddable":true,"href":"https:\/\/marketplace.epassi.fi\/eagle-club-konepaja\/wp-json\/wp\/v2\/product_cat?post=349"},{"taxonomy":"product_tag","embeddable":true,"href":"https:\/\/marketplace.epassi.fi\/eagle-club-konepaja\/wp-json\/wp\/v2\/product_tag?post=349"}],"curies":[{"name":"wp","href":"https:\/\/api.w.org\/{rel}","templated":true}]}}