{"id":290,"date":"2021-10-20T17:09:46","date_gmt":"2021-10-20T14:09:46","guid":{"rendered":"https:\/\/marketplace.epassi.fi\/easyfit-kaari\/?post_type=product&#038;p=290"},"modified":"2024-09-01T00:08:28","modified_gmt":"2024-08-31T21:08:28","slug":"kevatpassi-basic","status":"publish","type":"product","link":"https:\/\/marketplace.epassi.fi\/easyfit-kaari\/kauppa\/liikuntaedut\/jooga\/kevatpassi-basic\/","title":{"rendered":"Plus asiakkuus"},"content":{"rendered":"<p>Plus asiakkuus sis\u00e4lt\u00e4\u00e4: k<span style=\"font-family: var(--global-body-font-family);\">aikkien keskusten k\u00e4ytt\u00f6oikeus, k<\/span><span style=\"font-family: var(--global-body-font-family);\">untosalin k\u00e4ytt\u00f6oikeus, v<\/span><span style=\"font-family: var(--global-body-font-family);\">irtuaalinen ryhm\u00e4liikunta, l<\/span><span style=\"font-family: var(--global-body-font-family);\">ive-ryhm\u00e4liikunta ja o<\/span><span style=\"font-family: var(--global-body-font-family);\">nline-palvelut<\/span><\/p>\n","protected":false},"excerpt":{"rendered":"<p>Plus asiakkuus, aloitusmaksu + 1kk asiakkuus<\/p>\n","protected":false},"featured_media":348,"comment_status":"open","ping_status":"closed","template":"","meta":{"_acf_changed":false,"_kad_post_transparent":"default","_kad_post_title":"","_kad_post_layout":"default","_kad_post_sidebar_id":"","_kad_post_content_style":"default","_kad_post_vertical_padding":"default","_kad_post_feature":"","_kad_post_feature_position":"","_kad_post_header":false,"_kad_post_footer":false,"_kad_post_classname":""},"product_brand":[],"product_cat":[25,23,29,19,27],"product_tag":[],"class_list":{"0":"post-290","1":"product","2":"type-product","3":"status-publish","4":"has-post-thumbnail","6":"product_cat-jooga","7":"product_cat-kuntosali","8":"product_cat-liikunta-muut","9":"product_cat-liikuntaedut","10":"product_cat-ryhmaliikunta","12":"first","13":"instock","14":"virtual","15":"taxable","16":"purchasable","17":"product-type-simple","18":"entry","19":"content-bg","20":"loop-entry"},"acf":[],"_links":{"self":[{"href":"https:\/\/marketplace.epassi.fi\/easyfit-kaari\/wp-json\/wp\/v2\/product\/290","targetHints":{"allow":["GET"]}}],"collection":[{"href":"https:\/\/marketplace.epassi.fi\/easyfit-kaari\/wp-json\/wp\/v2\/product"}],"about":[{"href":"https:\/\/marketplace.epassi.fi\/easyfit-kaari\/wp-json\/wp\/v2\/types\/product"}],"replies":[{"embeddable":true,"href":"https:\/\/marketplace.epassi.fi\/easyfit-kaari\/wp-json\/wp\/v2\/comments?post=290"}],"wp:featuredmedia":[{"embeddable":true,"href":"https:\/\/marketplace.epassi.fi\/easyfit-kaari\/wp-json\/wp\/v2\/media\/348"}],"wp:attachment":[{"href":"https:\/\/marketplace.epassi.fi\/easyfit-kaari\/wp-json\/wp\/v2\/media?parent=290"}],"wp:term":[{"taxonomy":"product_brand","embeddable":true,"href":"https:\/\/marketplace.epassi.fi\/easyfit-kaari\/wp-json\/wp\/v2\/product_brand?post=290"},{"taxonomy":"product_cat","embeddable":true,"href":"https:\/\/marketplace.epassi.fi\/easyfit-kaari\/wp-json\/wp\/v2\/product_cat?post=290"},{"taxonomy":"product_tag","embeddable":true,"href":"https:\/\/marketplace.epassi.fi\/easyfit-kaari\/wp-json\/wp\/v2\/product_tag?post=290"}],"curies":[{"name":"wp","href":"https:\/\/api.w.org\/{rel}","templated":true}]}}