{"id":22,"date":"2021-09-13T17:45:59","date_gmt":"2021-09-13T17:45:59","guid":{"rendered":"https:\/\/marketplace.epassi.fi\/easytraining\/?page_id=22"},"modified":"2021-10-12T10:57:35","modified_gmt":"2021-10-12T10:57:35","slug":"info","status":"publish","type":"page","link":"https:\/\/marketplace.epassi.fi\/easytraining\/info\/","title":{"rendered":"Info"},"content":{"rendered":"\n\t<div class=\"entry-content single-content\">\n\n\t\t<div class=\"wp-block-columns\" style=\"gap:30px\">\n\t\t\t<div class=\"wp-block-column\">\n\t\t\t\t<h2>Valmentaja esittely<\/h2>\n\t\t\t\t<p><p>Hei,<br \/>\nOlen Jasmin ja toimin personal traineria sek\u00e4 koulutettuna hierojana p\u00e4\u00e4kaupunkiseudun alueella.<\/p>\n<p>Minun tavoite on tuoda sinun sis\u00e4inen voima esiin, kokonaisvaltaisella hyvinvoinnilla.<br \/>\nOlen mukanasi koko matkan ajan ja yhdess\u00e4 kanssasi p\u00e4\u00e4semme sinun tavoitteeseen. Oli se sitten liikunnan lis\u00e4\u00e4mist\u00e4, ruokavalion tarkistusta tai tavoitteellisempaa treenausta, olen k\u00e4ytett\u00e4viss\u00e4si.<\/p>\n<p>Valmentajanasi huolehdin sinulle oikeat ty\u00f6kalut. Olen tukenasi jokaisessa hetkess\u00e4, kun kehit\u00e4t itse\u00e4si fyysisesti ja psyykkisesti. <\/p>\n<p>Yhdess\u00e4 l\u00f6yd\u00e4mme sinulle onnistumisen ilon sek\u00e4 energisemm\u00e4n arjen ja paremman voinnin.<\/p>\n<p>Pid\u00e4n yll\u00e4 ammattitaitoani ja omaa osaamista, joten koulutan itse\u00e4ni jatkuvasti. T\u00e4ten pystyn takaamaan ammattitaitoisen valmennuksen ja tarjota sinulle uusinta tietoa.<br \/>\nOlen ty\u00f6skennellyt valmistuttuani liikuntaneuvojaksi ryhm\u00e4liikunnan, yksil\u00f6valmennuksen ja uinninopetuksen ja -valvonnan parissa niin Suomessa kuin ulkomailla.<\/p>\n<\/p>\n\t\t\t\t<h3>Easy Training<\/h3>\n\t\t\t\t<p><br>\n\t\t\t\t\t <\/p>\n\t\t\t\t<p><a href=\"tel:0451758475\">0451758475<\/a><\/p>\n\t\t\t\t<p><a href=\"mailto:info@easytraining.fi\">info@easytraining.fi<\/a><\/p>\n\n\t\t\t\t<h2>Toimipisteet<\/h2><div class=\"info-page-location-list\"><div class=\"info-page-location\"><h3>Helsingin alue <\/h3><p> ,  Helsinki<\/p><p><p><a href=\"https:\/\/www.google.com\/maps\/search\/?api=1&query=Google&query_place_id=ChIJkQYhlscLkkYRY_fiO4S9Ts0\">Katso sijainti kartalla <span>&#8599;<\/span><\/a><\/p><\/p><p><\/p><\/div><\/div>\t\t\t<\/div>\n\n\t\t\t<div class=\"wp-block-column\">\n\t\t\t\t<figure class=\"wp-block-image size-large\"><img loading=\"lazy\" decoding=\"async\" width=\"300\" height=\"300\" src=\"https:\/\/marketplace.epassi.fi\/easytraining\/wp-content\/uploads\/sites\/78\/2021\/11\/Easytraining-mainos-1080x1080px.jpg\" class=\"attachment-medium_large size-medium_large\" alt=\"\" \/><\/figure>\n\t\t\t<\/div>\n\t\t<\/div>\n\t<\/div>\n\t\n","protected":false},"excerpt":{"rendered":"","protected":false},"author":2,"featured_media":0,"parent":0,"menu_order":0,"comment_status":"closed","ping_status":"closed","template":"","meta":{"_acf_changed":false,"_kad_post_transparent":"","_kad_post_title":"","_kad_post_layout":"","_kad_post_sidebar_id":"","_kad_post_content_style":"","_kad_post_vertical_padding":"","_kad_post_feature":"","_kad_post_feature_position":"","_kad_post_header":false,"_kad_post_footer":false,"_kad_post_classname":"","footnotes":""},"class_list":["post-22","page","type-page","status-publish","hentry"],"acf":[],"_links":{"self":[{"href":"https:\/\/marketplace.epassi.fi\/easytraining\/wp-json\/wp\/v2\/pages\/22","targetHints":{"allow":["GET"]}}],"collection":[{"href":"https:\/\/marketplace.epassi.fi\/easytraining\/wp-json\/wp\/v2\/pages"}],"about":[{"href":"https:\/\/marketplace.epassi.fi\/easytraining\/wp-json\/wp\/v2\/types\/page"}],"author":[{"embeddable":true,"href":"https:\/\/marketplace.epassi.fi\/easytraining\/wp-json\/wp\/v2\/users\/2"}],"replies":[{"embeddable":true,"href":"https:\/\/marketplace.epassi.fi\/easytraining\/wp-json\/wp\/v2\/comments?post=22"}],"version-history":[{"count":10,"href":"https:\/\/marketplace.epassi.fi\/easytraining\/wp-json\/wp\/v2\/pages\/22\/revisions"}],"predecessor-version":[{"id":264,"href":"https:\/\/marketplace.epassi.fi\/easytraining\/wp-json\/wp\/v2\/pages\/22\/revisions\/264"}],"wp:attachment":[{"href":"https:\/\/marketplace.epassi.fi\/easytraining\/wp-json\/wp\/v2\/media?parent=22"}],"curies":[{"name":"wp","href":"https:\/\/api.w.org\/{rel}","templated":true}]}}