{"id":312,"date":"2021-11-16T16:53:33","date_gmt":"2021-11-16T14:53:33","guid":{"rendered":"https:\/\/marketplace.epassi.fi\/easytraining\/?post_type=product&#038;p=312"},"modified":"2024-09-01T00:03:55","modified_gmt":"2024-08-31T21:03:55","slug":"personal-trainer-palvelu-kunto-startti-1kk","status":"publish","type":"product","link":"https:\/\/marketplace.epassi.fi\/easytraining\/kauppa\/liikuntaedut\/personal-trainer-palvelu-kunto-startti-1kk\/","title":{"rendered":"Personal Trainer palvelu Kunto Startti 1kk"},"content":{"rendered":"<ul>\n<li>Ilmainen konsultaatio ja kartoitus<\/li>\n<li>6 henkil\u00f6kohtaista tapaamista<\/li>\n<li>Harjoitussuunnitelma<\/li>\n<li>Ruokavaliokartoitus<\/li>\n<li>Kuntotestaus\/ Tanita kehonkoostumusmittaus<\/li>\n<li>Suunnitelman l\u00e4pik\u00e4ynti ja mahdollinen p\u00e4ivitys<\/li>\n<\/ul>\n","protected":false},"excerpt":{"rendered":"<ul>\n<li>Ilmainen konsultaatio ja kartoitus<\/li>\n<li>6 henkil\u00f6kohtaista tapaamista<\/li>\n<li>Harjoitussuunnitelma<\/li>\n<li>Ruokavaliokartoitus<\/li>\n<li>Kuntotestaus\/ Tanita kehonkoostumusmittaus<\/li>\n<li>Suunnitelman l\u00e4pik\u00e4ynti ja mahdollinen p\u00e4ivitys<\/li>\n<\/ul>\n","protected":false},"featured_media":319,"comment_status":"open","ping_status":"closed","template":"","meta":{"_acf_changed":false,"_kad_post_transparent":"default","_kad_post_title":"","_kad_post_layout":"default","_kad_post_sidebar_id":"","_kad_post_content_style":"default","_kad_post_vertical_padding":"default","_kad_post_feature":"","_kad_post_feature_position":"","_kad_post_header":false,"_kad_post_footer":false,"_kad_post_classname":""},"product_brand":[],"product_cat":[19],"product_tag":[],"class_list":{"0":"post-312","1":"product","2":"type-product","3":"status-publish","4":"has-post-thumbnail","6":"product_cat-liikuntaedut","8":"first","9":"instock","10":"taxable","11":"shipping-taxable","12":"purchasable","13":"product-type-simple","14":"entry","15":"content-bg","16":"loop-entry"},"acf":[],"_links":{"self":[{"href":"https:\/\/marketplace.epassi.fi\/easytraining\/wp-json\/wp\/v2\/product\/312","targetHints":{"allow":["GET"]}}],"collection":[{"href":"https:\/\/marketplace.epassi.fi\/easytraining\/wp-json\/wp\/v2\/product"}],"about":[{"href":"https:\/\/marketplace.epassi.fi\/easytraining\/wp-json\/wp\/v2\/types\/product"}],"replies":[{"embeddable":true,"href":"https:\/\/marketplace.epassi.fi\/easytraining\/wp-json\/wp\/v2\/comments?post=312"}],"wp:featuredmedia":[{"embeddable":true,"href":"https:\/\/marketplace.epassi.fi\/easytraining\/wp-json\/wp\/v2\/media\/319"}],"wp:attachment":[{"href":"https:\/\/marketplace.epassi.fi\/easytraining\/wp-json\/wp\/v2\/media?parent=312"}],"wp:term":[{"taxonomy":"product_brand","embeddable":true,"href":"https:\/\/marketplace.epassi.fi\/easytraining\/wp-json\/wp\/v2\/product_brand?post=312"},{"taxonomy":"product_cat","embeddable":true,"href":"https:\/\/marketplace.epassi.fi\/easytraining\/wp-json\/wp\/v2\/product_cat?post=312"},{"taxonomy":"product_tag","embeddable":true,"href":"https:\/\/marketplace.epassi.fi\/easytraining\/wp-json\/wp\/v2\/product_tag?post=312"}],"curies":[{"name":"wp","href":"https:\/\/api.w.org\/{rel}","templated":true}]}}