{"id":22,"date":"2021-09-13T17:45:59","date_gmt":"2021-09-13T17:45:59","guid":{"rendered":"https:\/\/marketplace.epassi.fi\/electric-adventures\/?page_id=22"},"modified":"2021-10-12T10:57:35","modified_gmt":"2021-10-12T10:57:35","slug":"info","status":"publish","type":"page","link":"https:\/\/marketplace.epassi.fi\/electric-adventures\/info\/","title":{"rendered":"Info"},"content":{"rendered":"\n\t<div class=\"entry-content single-content\">\n\n\t\t<div class=\"wp-block-columns\" style=\"gap:30px\">\n\t\t\t<div class=\"wp-block-column\">\n\t\t\t\t<h2>Electric Adventures, Lapinlahti<\/h2>\n\t\t\t\t<p><p>Historiallisesti merkitt\u00e4v\u00e4ss\u00e4 ja kiehtovassa Lapinlahden milj\u00f6\u00f6ss\u00e4 on mahtavat puitteet j\u00e4rjest\u00e4\u00e4 vaikka ty\u00f6paikan virkistysp\u00e4ivi\u00e4, polttareita tai kokoontua yst\u00e4v\u00e4porukan kanssa surffaamaan eFoililla.<\/p>\n<p>Electric Hydrofoil], vapaasti suomennettuna lent\u00e4v\u00e4 lainelauta, on Puerto Ricolaisen perheyrityksen, Lift Foilsin keksim\u00e4 ja kehitt\u00e4m\u00e4 s\u00e4hk\u00f6moottorilla jopa 60km\/h kulkeva, metrin korkeudessa veden pinnan yl\u00e4puolella kiit\u00e4v\u00e4 ihme.<\/p>\n<p>H\u00e4mm\u00e4stytt\u00e4v\u00e4sti laji n\u00e4ytt\u00e4vyydest\u00e4\u00e4n huolimatta on yll\u00e4tt\u00e4v\u00e4n helposti haltuun otettava harrastus. Katso my\u00f6s eFoil Racing (https:\/\/www.efoilracing.com), joka on Suomessa, t\u00e4\u00e4ll\u00e4 Lapinlahdessa kehitt\u00e4m\u00e4mme kilpaurheilulaji, jossa kilpaillaan Speedtrack -radalla my\u00f6s muiden, mutta etenkin omaa parasta kierrosaikaa vastaan. Tervetuloa mukaan!<\/p>\n<p>Asiakaspalvelu:<br \/>\nasiakaspalvelu@electricwheelcompany.com<\/p>\n<p>Kanavat:<br \/>\nhttp:\/\/youtube.com\/@electricadventuresofficial<br \/>\nhttp:\/\/instagram.com\/electricadventuresofficial\/<\/p>\n<p>Osoite:<br \/>\nFahlanderinpuistokuja 5, 00101 Helsinki<\/p>\n<\/p>\n\t\t\t\t<h3>Electric Adventures<\/h3>\n\t\t\t\t<p>Fahlanderin puistokuja 5<br>\n\t\t\t\t\t00101 Helsinki<\/p>\n\t\t\t\t<p><a href=\"tel:+358405646597\">+358405646597<\/a><\/p>\n\t\t\t\t<p><a href=\"mailto:asiakaspalvelu@electricwheelcompany.com\">asiakaspalvelu@electricwheelcompany.com<\/a><\/p>\n\n\t\t\t\t\t\t\t<\/div>\n\n\t\t\t<div class=\"wp-block-column\">\n\t\t\t\t<figure class=\"wp-block-image size-large\"><img loading=\"lazy\" decoding=\"async\" width=\"768\" height=\"768\" src=\"https:\/\/marketplace.epassi.fi\/electric-adventures\/wp-content\/uploads\/sites\/306\/2022\/12\/slowmo-efoil-768x768.gif\" class=\"attachment-medium_large size-medium_large\" alt=\"electric adventures - eFoil\" \/><\/figure>\n\t\t\t<\/div>\n\t\t<\/div>\n\t<\/div>\n\t\n","protected":false},"excerpt":{"rendered":"","protected":false},"author":2,"featured_media":0,"parent":0,"menu_order":0,"comment_status":"closed","ping_status":"closed","template":"","meta":{"_acf_changed":false,"_kad_post_transparent":"","_kad_post_title":"","_kad_post_layout":"","_kad_post_sidebar_id":"","_kad_post_content_style":"","_kad_post_vertical_padding":"","_kad_post_feature":"","_kad_post_feature_position":"","_kad_post_header":false,"_kad_post_footer":false,"_kad_post_classname":"","footnotes":""},"class_list":["post-22","page","type-page","status-publish","hentry"],"acf":[],"_links":{"self":[{"href":"https:\/\/marketplace.epassi.fi\/electric-adventures\/wp-json\/wp\/v2\/pages\/22","targetHints":{"allow":["GET"]}}],"collection":[{"href":"https:\/\/marketplace.epassi.fi\/electric-adventures\/wp-json\/wp\/v2\/pages"}],"about":[{"href":"https:\/\/marketplace.epassi.fi\/electric-adventures\/wp-json\/wp\/v2\/types\/page"}],"author":[{"embeddable":true,"href":"https:\/\/marketplace.epassi.fi\/electric-adventures\/wp-json\/wp\/v2\/users\/2"}],"replies":[{"embeddable":true,"href":"https:\/\/marketplace.epassi.fi\/electric-adventures\/wp-json\/wp\/v2\/comments?post=22"}],"version-history":[{"count":10,"href":"https:\/\/marketplace.epassi.fi\/electric-adventures\/wp-json\/wp\/v2\/pages\/22\/revisions"}],"predecessor-version":[{"id":264,"href":"https:\/\/marketplace.epassi.fi\/electric-adventures\/wp-json\/wp\/v2\/pages\/22\/revisions\/264"}],"wp:attachment":[{"href":"https:\/\/marketplace.epassi.fi\/electric-adventures\/wp-json\/wp\/v2\/media?parent=22"}],"curies":[{"name":"wp","href":"https:\/\/api.w.org\/{rel}","templated":true}]}}