{"id":282,"date":"2022-12-15T15:02:24","date_gmt":"2022-12-15T13:02:24","guid":{"rendered":"https:\/\/marketplace.epassi.fi\/electric-adventures\/?post_type=product&#038;p=282"},"modified":"2024-09-01T00:08:01","modified_gmt":"2024-08-31T21:08:01","slug":"efoil-sarjakortti-kurssin-kayneille","status":"publish","type":"product","link":"https:\/\/marketplace.epassi.fi\/electric-adventures\/kauppa\/liikuntaedut\/liikunta-muut\/efoil-sarjakortti-kurssin-kayneille\/","title":{"rendered":"eFoil Sarjakortti (kurssin k\u00e4yneille)"},"content":{"rendered":"<p>K\u00e4vit kurssilla, hauskaa oli ja uudestaan olisi kiva lent\u00e4\u00e4! \ud83c\udfc4\ud83c\udffb\u200d\u2642\ufe0f\u2600\ufe0f\ud83e\udd17<\/p>\n<p><em data-redactor-tag=\"em\">*Huom: <strong>Vaatii License To Fly kurssin!<br \/>\n<\/strong><em style=\"font-family: var(--global-body-font-family);\" data-redactor-tag=\"em\"><br \/>\nNappaa t\u00e4st\u00e4 taskuun eFoil -sarjakortti valitsemallasi k\u00e4yntikerroilla. Kortilla (siis omalla koodilla) voit k\u00e4yd\u00e4 vapaasti varaamassa kalenteristamme sopivan ajankohdan lentotunnille surffi rannallemme Helsingin Lapinlahdessa.<\/em><strong><br \/>\n<\/strong><\/em><\/p>\n<p>Koska alkeet on k\u00e4yty l\u00e4pi jo aiemmin, voit vain saapua paikalle, hyp\u00e4t\u00e4 laudalle ja ampua vauhtiin joko freestyle tyyliin sinne minne nen\u00e4 n\u00e4ytt\u00e4\u00e4, tai kellottaa aikaa virallisella eFoil Racing radalla, jolta rankinglistan nopeimmille aukeaa paikka kansainv\u00e4lisiin efoilracing.com kilpailuihin Kuopioon!<\/p>\n<p>Ps. Mukaan, kuten aiemminkin, tarvitset uimavarusteet, eli pyyhkeen ja uima-asun. Meilt\u00e4 l\u00f6ytyy m\u00e4rk\u00e4puvut, kelluntaliivit, kyp\u00e4r\u00e4t ja l\u00e4mmin suihku pukuhuoneineen.<\/p>\n","protected":false},"excerpt":{"rendered":"<p><em data-redactor-tag=\"em\"><em style=\"font-family: var(--global-body-font-family);\" data-redactor-tag=\"em\">Nappaa t\u00e4st\u00e4 taskuun eFoil -sarjakortti valitsemallasi k\u00e4yntikerroilla. Kortilla (siis omalla koodilla) voit k\u00e4yd\u00e4 vapaasti varaamassa kalenteristamme sopivan ajankohdan lentotunnille surffi rannallemme Helsingin Lapinlahdessa.<\/em><\/em><\/p>\n","protected":false},"featured_media":333,"comment_status":"open","ping_status":"closed","template":"","meta":{"_acf_changed":false,"_kad_post_transparent":"default","_kad_post_title":"","_kad_post_layout":"default","_kad_post_sidebar_id":"","_kad_post_content_style":"default","_kad_post_vertical_padding":"default","_kad_post_feature":"","_kad_post_feature_position":"","_kad_post_header":false,"_kad_post_footer":false,"_kad_post_classname":""},"product_brand":[],"product_cat":[29,19,27],"product_tag":[],"class_list":{"0":"post-282","1":"product","2":"type-product","3":"status-publish","4":"has-post-thumbnail","6":"product_cat-liikunta-muut","7":"product_cat-liikuntaedut","8":"product_cat-ryhmaliikunta","10":"first","11":"instock","12":"taxable","13":"shipping-taxable","14":"purchasable","15":"product-type-variable","16":"entry","17":"content-bg","18":"loop-entry"},"acf":[],"_links":{"self":[{"href":"https:\/\/marketplace.epassi.fi\/electric-adventures\/wp-json\/wp\/v2\/product\/282","targetHints":{"allow":["GET"]}}],"collection":[{"href":"https:\/\/marketplace.epassi.fi\/electric-adventures\/wp-json\/wp\/v2\/product"}],"about":[{"href":"https:\/\/marketplace.epassi.fi\/electric-adventures\/wp-json\/wp\/v2\/types\/product"}],"replies":[{"embeddable":true,"href":"https:\/\/marketplace.epassi.fi\/electric-adventures\/wp-json\/wp\/v2\/comments?post=282"}],"wp:featuredmedia":[{"embeddable":true,"href":"https:\/\/marketplace.epassi.fi\/electric-adventures\/wp-json\/wp\/v2\/media\/333"}],"wp:attachment":[{"href":"https:\/\/marketplace.epassi.fi\/electric-adventures\/wp-json\/wp\/v2\/media?parent=282"}],"wp:term":[{"taxonomy":"product_brand","embeddable":true,"href":"https:\/\/marketplace.epassi.fi\/electric-adventures\/wp-json\/wp\/v2\/product_brand?post=282"},{"taxonomy":"product_cat","embeddable":true,"href":"https:\/\/marketplace.epassi.fi\/electric-adventures\/wp-json\/wp\/v2\/product_cat?post=282"},{"taxonomy":"product_tag","embeddable":true,"href":"https:\/\/marketplace.epassi.fi\/electric-adventures\/wp-json\/wp\/v2\/product_tag?post=282"}],"curies":[{"name":"wp","href":"https:\/\/api.w.org\/{rel}","templated":true}]}}