{"id":290,"date":"2021-10-20T17:09:46","date_gmt":"2021-10-20T14:09:46","guid":{"rendered":"https:\/\/marketplace.epassi.fi\/electric-adventures\/?post_type=product&#038;p=290"},"modified":"2024-09-01T00:08:01","modified_gmt":"2024-08-31T21:08:01","slug":"efoil-kurssi-yhdelle-license-to-fly-single","status":"publish","type":"product","link":"https:\/\/marketplace.epassi.fi\/electric-adventures\/kauppa\/liikuntaedut\/liikunta-muut\/efoil-kurssi-yhdelle-license-to-fly-single\/","title":{"rendered":"eFoil kurssi yhdelle &#8211; License To Fly Single"},"content":{"rendered":"<p>eFoil alkeiskurssi. H\u00e4mm\u00e4stytt\u00e4v\u00e4sti laji sopii ik\u00e4\u00e4n, sukupuoleen ja urheilutaustaan katsomatta k\u00e4yt\u00e4nn\u00f6ss\u00e4 l\u00e4hes kaikille. Uskallamme v\u00e4itt\u00e4\u00e4 ettei t\u00e4t\u00e4 hauskempaa harrastusta olla Suomen rantaviivalla aiemmin n\u00e4hty! \ud83c\udfc4\ud83c\udffb\u200d\u2642\ufe0f\u2600\ufe0f\ud83e\udd17\u00a0<em data-redactor-tag=\"em\">Saat s\u00e4hk\u00f6postilla henkil\u00f6kohtaisen koodin jolla voit k\u00e4yd\u00e4 vapaasti varaamassa kalenteristamme sopivan ajankohdan lentotunnille surffi rannallemme Helsingin Lapinlahdessa. <\/em><\/p>\n<p>License To Fly -kurssi antaa valmiudet laudan omatoimiseen k\u00e4sittelyyn ja k\u00e4ytt\u00f6\u00f6n. K\u00e4ymme yhdess\u00e4 l\u00e4pi laudan toiminta periaatteen, turvallisen k\u00e4sittelyn, liikkeelle l\u00e4hd\u00f6n ja lentoon nousun. Syvennymme my\u00f6s esim. kaartamis tekniikkaan, vauhtiin ja laudan hallintaan eri olosuhteissa.<\/p>\n<p>Ps. Mukaan tarvitset k\u00e4yt\u00e4nn\u00f6ss\u00e4 vain uimavarusteet, eli pyyhkeen ja uima-asun. Meilt\u00e4 l\u00f6ytyy m\u00e4rk\u00e4puvut, kelluntaliivit, kyp\u00e4r\u00e4t ja l\u00e4mmin suihku pukuhuoneineen.<\/p>\n","protected":false},"excerpt":{"rendered":"<p>Mukaan tarvitset k\u00e4yt\u00e4nn\u00f6ss\u00e4 vain uimavarusteet, eli pyyhkeen ja uima-asun. Meilt\u00e4 l\u00f6ytyy m\u00e4rk\u00e4puvut, kelluntaliivit, kyp\u00e4r\u00e4t ja l\u00e4mmin suihku pukuhuoneineen.<\/p>\n","protected":false},"featured_media":321,"comment_status":"open","ping_status":"closed","template":"","meta":{"_acf_changed":false,"_kad_post_transparent":"default","_kad_post_title":"","_kad_post_layout":"default","_kad_post_sidebar_id":"","_kad_post_content_style":"default","_kad_post_vertical_padding":"default","_kad_post_feature":"","_kad_post_feature_position":"","_kad_post_header":false,"_kad_post_footer":false,"_kad_post_classname":""},"product_brand":[],"product_cat":[29,19,27],"product_tag":[],"class_list":{"0":"post-290","1":"product","2":"type-product","3":"status-publish","4":"has-post-thumbnail","6":"product_cat-liikunta-muut","7":"product_cat-liikuntaedut","8":"product_cat-ryhmaliikunta","10":"first","11":"instock","12":"virtual","13":"taxable","14":"purchasable","15":"product-type-simple","16":"entry","17":"content-bg","18":"loop-entry"},"acf":[],"_links":{"self":[{"href":"https:\/\/marketplace.epassi.fi\/electric-adventures\/wp-json\/wp\/v2\/product\/290","targetHints":{"allow":["GET"]}}],"collection":[{"href":"https:\/\/marketplace.epassi.fi\/electric-adventures\/wp-json\/wp\/v2\/product"}],"about":[{"href":"https:\/\/marketplace.epassi.fi\/electric-adventures\/wp-json\/wp\/v2\/types\/product"}],"replies":[{"embeddable":true,"href":"https:\/\/marketplace.epassi.fi\/electric-adventures\/wp-json\/wp\/v2\/comments?post=290"}],"wp:featuredmedia":[{"embeddable":true,"href":"https:\/\/marketplace.epassi.fi\/electric-adventures\/wp-json\/wp\/v2\/media\/321"}],"wp:attachment":[{"href":"https:\/\/marketplace.epassi.fi\/electric-adventures\/wp-json\/wp\/v2\/media?parent=290"}],"wp:term":[{"taxonomy":"product_brand","embeddable":true,"href":"https:\/\/marketplace.epassi.fi\/electric-adventures\/wp-json\/wp\/v2\/product_brand?post=290"},{"taxonomy":"product_cat","embeddable":true,"href":"https:\/\/marketplace.epassi.fi\/electric-adventures\/wp-json\/wp\/v2\/product_cat?post=290"},{"taxonomy":"product_tag","embeddable":true,"href":"https:\/\/marketplace.epassi.fi\/electric-adventures\/wp-json\/wp\/v2\/product_tag?post=290"}],"curies":[{"name":"wp","href":"https:\/\/api.w.org\/{rel}","templated":true}]}}