{"id":22,"date":"2021-09-13T17:45:59","date_gmt":"2021-09-13T17:45:59","guid":{"rendered":"https:\/\/marketplace.epassi.fi\/elsen\/?page_id=22"},"modified":"2021-10-12T10:57:35","modified_gmt":"2021-10-12T10:57:35","slug":"info","status":"publish","type":"page","link":"https:\/\/marketplace.epassi.fi\/elsen\/info\/","title":{"rendered":"Info"},"content":{"rendered":"\n\t<div class=\"entry-content single-content\">\n\n\t\t<div class=\"wp-block-columns\" style=\"gap:30px\">\n\t\t\t<div class=\"wp-block-column\">\n\t\t\t\t<h2>Anna jalkasi ammattilaisen k\u00e4siin<\/h2>\n\t\t\t\t<p><p>Jalkahoitola Elsen tarjoaa terveydenhoidollista jalkahoitoa Tampereen keskustassa. Hoidamme kaikki jalkavaivat asiakkaan omien tarpeiden mukaan, ja tarjolla on my\u00f6s jalkaterapeutin palvelut. Kaikki Elseniss\u00e4 ty\u00f6skentelev\u00e4t ovat Valviran rekister\u00f6imi\u00e4 terveydenhuollon ammattilaisia. <\/p>\n<\/p>\n\t\t\t\t<h3>Jalkahoitola Elsen<\/h3>\n\t\t\t\t<p>H\u00e4meenkatu 25 B 2krs.<br>\n\t\t\t\t\t33200 Tampere<\/p>\n\t\t\t\t<p><a href=\"tel:040 868 4440\">040 868 4440<\/a><\/p>\n\t\t\t\t<p><a href=\"mailto:info@elsen.fi\">info@elsen.fi<\/a><\/p>\n\n\t\t\t\t<h2>Toimipisteet<\/h2><div class=\"info-page-location-list\"><div class=\"info-page-location\"><h3>Jalkahoitola Elsen<\/h3><p>H\u00e4meenkatu 25, 33200 Tampere<\/p><p><p><a href=\"https:\/\/www.google.com\/maps\/search\/?api=1&query=Google&query_place_id=ChIJg6ZXi67YjkYR0OfX3C19cLo\">Katso sijainti kartalla <span>&#8599;<\/span><\/a><\/p><\/p><p><\/p><\/div><\/div>\t\t\t<\/div>\n\n\t\t\t<div class=\"wp-block-column\">\n\t\t\t\t<figure class=\"wp-block-image size-large\"><img loading=\"lazy\" decoding=\"async\" width=\"768\" height=\"504\" src=\"https:\/\/marketplace.epassi.fi\/elsen\/wp-content\/uploads\/sites\/110\/2021\/11\/Jalkahoitokuva-768x504.png\" class=\"attachment-medium_large size-medium_large\" alt=\"\" \/><\/figure>\n\t\t\t<\/div>\n\t\t<\/div>\n\t<\/div>\n\t\n","protected":false},"excerpt":{"rendered":"","protected":false},"author":2,"featured_media":0,"parent":0,"menu_order":0,"comment_status":"closed","ping_status":"closed","template":"","meta":{"_acf_changed":false,"_kad_post_transparent":"","_kad_post_title":"","_kad_post_layout":"","_kad_post_sidebar_id":"","_kad_post_content_style":"","_kad_post_vertical_padding":"","_kad_post_feature":"","_kad_post_feature_position":"","_kad_post_header":false,"_kad_post_footer":false,"_kad_post_classname":"","footnotes":""},"class_list":["post-22","page","type-page","status-publish","hentry"],"acf":[],"_links":{"self":[{"href":"https:\/\/marketplace.epassi.fi\/elsen\/wp-json\/wp\/v2\/pages\/22","targetHints":{"allow":["GET"]}}],"collection":[{"href":"https:\/\/marketplace.epassi.fi\/elsen\/wp-json\/wp\/v2\/pages"}],"about":[{"href":"https:\/\/marketplace.epassi.fi\/elsen\/wp-json\/wp\/v2\/types\/page"}],"author":[{"embeddable":true,"href":"https:\/\/marketplace.epassi.fi\/elsen\/wp-json\/wp\/v2\/users\/2"}],"replies":[{"embeddable":true,"href":"https:\/\/marketplace.epassi.fi\/elsen\/wp-json\/wp\/v2\/comments?post=22"}],"version-history":[{"count":8,"href":"https:\/\/marketplace.epassi.fi\/elsen\/wp-json\/wp\/v2\/pages\/22\/revisions"}],"predecessor-version":[{"id":264,"href":"https:\/\/marketplace.epassi.fi\/elsen\/wp-json\/wp\/v2\/pages\/22\/revisions\/264"}],"wp:attachment":[{"href":"https:\/\/marketplace.epassi.fi\/elsen\/wp-json\/wp\/v2\/media?parent=22"}],"curies":[{"name":"wp","href":"https:\/\/api.w.org\/{rel}","templated":true}]}}