{"id":497,"date":"2023-02-21T11:53:47","date_gmt":"2023-02-21T09:53:47","guid":{"rendered":"https:\/\/marketplace.epassi.fi\/elsen\/?post_type=product&#038;p=497"},"modified":"2025-12-03T21:09:26","modified_gmt":"2025-12-03T19:09:26","slug":"vaativampi-jalkahoito","status":"publish","type":"product","link":"https:\/\/marketplace.epassi.fi\/elsen\/kauppa\/hyvinvointi\/vaativampi-jalkahoito\/","title":{"rendered":"Vaativampi jalkahoito jalkahoitajan tekem\u00e4n\u00e4"},"content":{"rendered":"<p>Jaloissa kovettumia, k\u00e4nsi\u00e4 tai pitk\u00e4t kynnet? Tule ja hoidata jalkasi perusteellisesti Jalkahoitola Elseniss\u00e4. Liike sijaitsee Tampereen keskustassa.<\/p>\n<p>Voit hankkia vaativamman jalkahoidon t\u00e4st\u00e4 k\u00e4ytt\u00f6\u00f6si, mik\u00e4li yrityksesi sallii Hyvinvoinnin osa-alueen ePassissasi.<br \/>\n<span style=\"font-family: var(--global-body-font-family)\">Vaativampi jalkahoito on tarkoitettu epassi s\u00e4\u00e4nt\u00f6jen mukaisesti henkil\u00f6kohtaiseen k\u00e4ytt\u00f6\u00f6n.<br \/>\n<\/span>Varaa Vaativampi jalkahoito yrityksen sivulta www.elsen.fi<br \/>\nMerkitse varauksen yhteydess\u00e4 p\u00e4iv\u00e4m\u00e4\u00e4r\u00e4 ja ett\u00e4 olet ostanut palvelun ePassi Marketplacessa.<\/p>\n<p>Hoito ovat voimassa 4 kk ostohetkest\u00e4.<\/p>\n","protected":false},"excerpt":{"rendered":"<p>&nbsp;<\/p>\n<p>Mik\u00e4li ongelmakohtia on runsaasti; paksut kovettumat kantap\u00e4iss\u00e4, useita k\u00e4nsi\u00e4 kummassakin jalassa tai erityisen pitk\u00e4t ja paksut kynnet, suosittelemme valitsemaan pidemm\u00e4n hoidon, niin jalat ehdit\u00e4\u00e4n saada kuntoon yhdell\u00e4 k\u00e4ynnill\u00e4.<\/p>\n<p>Hoidon alussa kylvet\u00e4n jalkasi. Hoidossa k\u00e4yn perusteellisesti l\u00e4pi jalkapohjasi ja varpaasi. Poistan jalkapohjistasi kovettumat ja k\u00e4ns\u00e4t mahdollisimman hell\u00e4varaisesti.<\/p>\n<p>Hoidan paksuuntuneet tai sis\u00e4\u00e4nkasvaneet ja viottuneet kynnet sek\u00e4 k\u00e4yn l\u00e4pi kynsinauhat. Mik\u00e4li hoidollisilta toimenpiteilt\u00e4 j\u00e4\u00e4 aikaa, p\u00e4\u00e4t\u00e4n hoidon viel\u00e4 rentouttavaan jalkahierontaan.<\/p>\n<p>Hoito tehd\u00e4\u00e4n aina Sinun yksil\u00f6llisten tarpeidesi mukaisesti.<\/p>\n<p>&nbsp;<\/p>\n","protected":false},"featured_media":316,"comment_status":"open","ping_status":"closed","template":"","meta":{"_acf_changed":false,"_kad_post_transparent":"default","_kad_post_title":"","_kad_post_layout":"default","_kad_post_sidebar_id":"","_kad_post_content_style":"default","_kad_post_vertical_padding":"default","_kad_post_feature":"","_kad_post_feature_position":"","_kad_post_header":false,"_kad_post_footer":false,"_kad_post_classname":""},"product_brand":[],"product_cat":[21],"product_tag":[],"class_list":{"0":"post-497","1":"product","2":"type-product","3":"status-publish","4":"has-post-thumbnail","6":"product_cat-hyvinvointi","8":"first","9":"instock","10":"virtual","11":"purchasable","12":"product-type-simple","13":"entry","14":"content-bg","15":"loop-entry"},"acf":[],"_links":{"self":[{"href":"https:\/\/marketplace.epassi.fi\/elsen\/wp-json\/wp\/v2\/product\/497","targetHints":{"allow":["GET"]}}],"collection":[{"href":"https:\/\/marketplace.epassi.fi\/elsen\/wp-json\/wp\/v2\/product"}],"about":[{"href":"https:\/\/marketplace.epassi.fi\/elsen\/wp-json\/wp\/v2\/types\/product"}],"replies":[{"embeddable":true,"href":"https:\/\/marketplace.epassi.fi\/elsen\/wp-json\/wp\/v2\/comments?post=497"}],"wp:featuredmedia":[{"embeddable":true,"href":"https:\/\/marketplace.epassi.fi\/elsen\/wp-json\/wp\/v2\/media\/316"}],"wp:attachment":[{"href":"https:\/\/marketplace.epassi.fi\/elsen\/wp-json\/wp\/v2\/media?parent=497"}],"wp:term":[{"taxonomy":"product_brand","embeddable":true,"href":"https:\/\/marketplace.epassi.fi\/elsen\/wp-json\/wp\/v2\/product_brand?post=497"},{"taxonomy":"product_cat","embeddable":true,"href":"https:\/\/marketplace.epassi.fi\/elsen\/wp-json\/wp\/v2\/product_cat?post=497"},{"taxonomy":"product_tag","embeddable":true,"href":"https:\/\/marketplace.epassi.fi\/elsen\/wp-json\/wp\/v2\/product_tag?post=497"}],"curies":[{"name":"wp","href":"https:\/\/api.w.org\/{rel}","templated":true}]}}