{"id":273,"date":"2021-10-16T11:12:03","date_gmt":"2021-10-16T08:12:03","guid":{"rendered":"https:\/\/marketplace.epassi.fi\/ergonomiakauppa\/?post_type=product&#038;p=273"},"modified":"2024-09-01T00:09:29","modified_gmt":"2024-08-31T21:09:29","slug":"ergonominen-ryhtipaita-tyokayttoon","status":"publish","type":"product","link":"https:\/\/marketplace.epassi.fi\/ergonomiakauppa\/kauppa\/ergosafe\/tyokengat-ja-vaatteet\/ergonominen-ryhtipaita-tyokayttoon\/","title":{"rendered":"Ergonominen ryhtipaita &#8211; ty\u00f6k\u00e4ytt\u00f6\u00f6n"},"content":{"rendered":"<p>Swedish Posture ryhtipaita on helppo pukea ja mukava k\u00e4ytt\u00e4\u00e4 koko p\u00e4iv\u00e4n ajan. Ryhtipaita muistuttaa pit\u00e4m\u00e4\u00e4n ryhdin parempana ja samalla aktivoi t\u00e4rkeiden tukilihasten toimintaa. Reminder ryhtipaita auttaa kehoasi l\u00f6yt\u00e4m\u00e4\u00e4n ergonomisemman asennon, teitp\u00e4 sitten p\u00e4\u00e4tety\u00f6t\u00e4 tai olit lempiharrastuksesi parissa. Parempi ja ryhdikk\u00e4\u00e4mpi asento v\u00e4hent\u00e4\u00e4 lihasten kuormitusta ja tuo jaksamista p\u00e4iv\u00e4\u00e4si.<\/p>\n<p>Ryhtipaita ei pakota lapoja yhteen eik\u00e4 ole kirist\u00e4v\u00e4. Kun tuote on oikean kokoinen, on se l\u00e4hes huomaamaton. Olkap\u00e4\u00e4t saattavat ty\u00f6n tai liikunnan aikana ty\u00f6nty\u00e4 haitallisesti eteen p\u00e4in ja tunnet lis\u00e4\u00e4ntyneen lihasj\u00e4nnityksen hartioissasi tai kivun olkap\u00e4\u00e4ss\u00e4si. Swedish Posture Reminder t-paidan sis\u00e4\u00e4n ommeltu \u201dteippaus\u201d huomauttaa k\u00e4ytt\u00e4j\u00e4\u00e4 kiristym\u00e4ll\u00e4, jolloin k\u00e4ytt\u00e4j\u00e4 korjaa asennon itse optimaalisemmaksi. Tuote lis\u00e4\u00e4 tukilihaksistomme aktiviteettia, eik\u00e4 passivoi sit\u00e4. Posture- t-shirt muistuttaa sinua pit\u00e4m\u00e4\u00e4n ryhdin oikeana ja samalla vahvistaa ryhdik\u00e4st\u00e4 asentoa.<\/p>\n<p>Swedish Posture t-paidan muotoilussa ei ole k\u00e4ytetty kompressiota, vaan paita on rento pit\u00e4\u00e4 p\u00e4\u00e4ll\u00e4 ja sopii monenlaiseen k\u00e4ytt\u00f6\u00f6n sek\u00e4 eri vartalotyypeille. Yl\u00e4sel\u00e4ss\u00e4 oleva uniikki muotoilu auttaa ohjaamaan olkap\u00e4\u00e4t oikeaan asentoon ja oikaisemaan samalla selk\u00e4rankasi asennon. N\u00e4in ollen ryhtilihakset aktivoituvat ja kehit\u00e4t ryhti\u00e4si! Vahva suosituksemme mm. olkap\u00e4\u00e4n kiert\u00e4j\u00e4kalvosin oireyhtymist\u00e4 k\u00e4rsiville muun kuntoutuksen tukena tai niska-hartiaseudun ongelmissa.<\/p>\n<h2>KOKOTAULUKKO<\/h2>\n<p>Valitse tuote k\u00e4ytt\u00e4m\u00e4si paitakoon mukaan.<\/p>\n<div class=\"table-wrapper\">\n<table width=\"554\">\n<tbody>\n<tr>\n<td width=\"119\">Woman<\/td>\n<td width=\"87\">XS<\/td>\n<td width=\"87\">S<\/td>\n<td width=\"87\">M<\/td>\n<td width=\"87\">L<\/td>\n<td width=\"87\">XL<\/td>\n<\/tr>\n<tr>\n<td>EU<\/td>\n<td>34-36<\/td>\n<td>36-38<\/td>\n<td>38-40<\/td>\n<td>40-42<\/td>\n<td><\/td>\n<\/tr>\n<tr>\n<td>Breast (cm)<\/td>\n<td>81<\/td>\n<td>87<\/td>\n<td>93<\/td>\n<td>99<\/td>\n<td><\/td>\n<\/tr>\n<tr>\n<td>Waist (cm)<\/td>\n<td>80<\/td>\n<td>86<\/td>\n<td>92<\/td>\n<td>98<\/td>\n<td><\/td>\n<\/tr>\n<tr>\n<td>Length (cm)<\/td>\n<td>67,5<\/td>\n<td>69,5<\/td>\n<td>72<\/td>\n<td>74,5<\/td>\n<\/tr>\n<\/tbody>\n<\/table>\n<p>&nbsp;<\/p>\n<\/div>\n<table style=\"height: 168px;\" width=\"716\">\n<tbody>\n<tr>\n<td width=\"119\">Man<\/td>\n<td width=\"87\">S<\/td>\n<td width=\"87\">M<\/td>\n<td width=\"87\">L<\/td>\n<td width=\"87\">XL<\/td>\n<td width=\"87\">XXL<\/td>\n<\/tr>\n<tr>\n<td>EU<\/td>\n<td>44-46<\/td>\n<td>48-50<\/td>\n<td>50-52<\/td>\n<td>52-54<\/td>\n<td>54+<\/td>\n<\/tr>\n<tr>\n<td>Breast (cm)<\/td>\n<td>93<\/td>\n<td>99<\/td>\n<td>105<\/td>\n<td>111<\/td>\n<td>116<\/td>\n<\/tr>\n<tr>\n<td>Waist (cm)<\/td>\n<td>92<\/td>\n<td>98<\/td>\n<td>104<\/td>\n<td>110<\/td>\n<td>116<\/td>\n<\/tr>\n<tr>\n<td>Length (cm)<\/td>\n<td>69,5<\/td>\n<td>71,5<\/td>\n<td>74<\/td>\n<td>76<\/td>\n<\/tr>\n<\/tbody>\n<\/table>\n<p>&nbsp;<\/p>\n<div class=\"entry-content-asset videofit\"><iframe loading=\"lazy\" title=\"Posture Reminder T-shirt\" width=\"720\" height=\"405\" src=\"https:\/\/www.youtube.com\/embed\/qJuCOMHkmfY?feature=oembed&#038;enablejsapi=1&#038;origin=https:\/\/marketplace.epassi.fi\" frameborder=\"0\" allow=\"accelerometer; autoplay; clipboard-write; encrypted-media; gyroscope; picture-in-picture; web-share\" referrerpolicy=\"strict-origin-when-cross-origin\" allowfullscreen><\/iframe><\/div>\n","protected":false},"excerpt":{"rendered":"<p><strong>Ty\u00f6paidan ominaisuudet:<\/strong><\/p>\n<ul>\n<li>Ryhtipaita ohjaa ja muistuttaa hyv\u00e4st\u00e4 hartiarenkaan ryhdist\u00e4<\/li>\n<li>Koot XS &#8211; XXL<\/li>\n<li>V\u00e4rit musta ja (valkoinen tilauksesta)<\/li>\n<li>Naisille ja miehille omat mallit<\/li>\n<li>Konepest\u00e4v\u00e4 40 astetta<\/li>\n<li>Voit k\u00e4ytt\u00e4\u00e4 esim. aluspaitana ty\u00f6p\u00e4iv\u00e4n ajan<\/li>\n<li>Laadukas tekninen fyysiseen ty\u00f6h\u00f6n soveltuva t-paita<\/li>\n<li>Regular fit, ei kireit\u00e4 vy\u00f6t\u00e4r\u00f6it\u00e4 tai hihansuita<\/li>\n<li>Saatavana teknisen\u00e4 tai puuvillaisena versiona<\/li>\n<\/ul>\n","protected":false},"featured_media":394,"comment_status":"open","ping_status":"closed","template":"","meta":{"_acf_changed":false,"_kad_post_transparent":"default","_kad_post_title":"","_kad_post_layout":"default","_kad_post_sidebar_id":"","_kad_post_content_style":"default","_kad_post_vertical_padding":"default","_kad_post_feature":"","_kad_post_feature_position":"","_kad_post_header":false,"_kad_post_footer":false,"_kad_post_classname":""},"product_brand":[],"product_cat":[22,33],"product_tag":[],"class_list":{"0":"post-273","1":"product","2":"type-product","3":"status-publish","4":"has-post-thumbnail","6":"product_cat-ergosafe","7":"product_cat-tyokengat-ja-vaatteet","9":"first","10":"instock","11":"taxable","12":"shipping-taxable","13":"purchasable","14":"product-type-variable","15":"entry","16":"content-bg","17":"loop-entry"},"acf":[],"_links":{"self":[{"href":"https:\/\/marketplace.epassi.fi\/ergonomiakauppa\/wp-json\/wp\/v2\/product\/273","targetHints":{"allow":["GET"]}}],"collection":[{"href":"https:\/\/marketplace.epassi.fi\/ergonomiakauppa\/wp-json\/wp\/v2\/product"}],"about":[{"href":"https:\/\/marketplace.epassi.fi\/ergonomiakauppa\/wp-json\/wp\/v2\/types\/product"}],"replies":[{"embeddable":true,"href":"https:\/\/marketplace.epassi.fi\/ergonomiakauppa\/wp-json\/wp\/v2\/comments?post=273"}],"wp:featuredmedia":[{"embeddable":true,"href":"https:\/\/marketplace.epassi.fi\/ergonomiakauppa\/wp-json\/wp\/v2\/media\/394"}],"wp:attachment":[{"href":"https:\/\/marketplace.epassi.fi\/ergonomiakauppa\/wp-json\/wp\/v2\/media?parent=273"}],"wp:term":[{"taxonomy":"product_brand","embeddable":true,"href":"https:\/\/marketplace.epassi.fi\/ergonomiakauppa\/wp-json\/wp\/v2\/product_brand?post=273"},{"taxonomy":"product_cat","embeddable":true,"href":"https:\/\/marketplace.epassi.fi\/ergonomiakauppa\/wp-json\/wp\/v2\/product_cat?post=273"},{"taxonomy":"product_tag","embeddable":true,"href":"https:\/\/marketplace.epassi.fi\/ergonomiakauppa\/wp-json\/wp\/v2\/product_tag?post=273"}],"curies":[{"name":"wp","href":"https:\/\/api.w.org\/{rel}","templated":true}]}}