{"id":289,"date":"2021-10-20T17:08:34","date_gmt":"2021-10-20T14:08:34","guid":{"rendered":"https:\/\/marketplace.epassi.fi\/ergonomiakauppa\/?post_type=product&#038;p=289"},"modified":"2024-12-10T14:17:32","modified_gmt":"2024-12-10T12:17:32","slug":"tokio-led-bright-tyopoytavalaisin","status":"publish","type":"product","link":"https:\/\/marketplace.epassi.fi\/ergonomiakauppa\/kauppa\/ergosafe\/ergosafe-muut\/tokio-led-bright-tyopoytavalaisin\/","title":{"rendered":"Kirkasvalo Valovoima p\u00f6yt\u00e4valaisin"},"content":{"rendered":"<p>Energiatehokas LED-valo on mahdollista suunnata haluamallaan tavalla: varressa on kaksi nivelt\u00e4 ja my\u00f6s kupua voi k\u00e4\u00e4nt\u00e4\u00e4.\u00a0Valaisimen runkoon integroitu usb-latausportti mahdollistaa esimerkiksi puhelimen latauksen vaivatta.<\/p>\n<h4 class=\"SectionHeader__Heading Heading u-h1\">MIK\u00c4 ON KIRKASVALO?<\/h4>\n<div class=\"SectionHeader__Description\">\n<p>Kirkasvalon k\u00e4ytt\u00f6 on turvallinen keino tehostaa omaa vireystilaa ja energiatasoja. Kirkasvaloa on tutkittu jo yli 30 vuotta, ja tulokset ovat yksiselitteisi\u00e4. Kirkasvalo voi lievitt\u00e4\u00e4 tehokkaasti p\u00e4iv\u00e4aikaista v\u00e4symyst\u00e4 ja kaamosrasitusta, joista useat k\u00e4rsiv\u00e4t etenkin pimein\u00e4 vuodenaikoina.<\/p>\n<h4 class=\"SectionHeader__Heading Heading u-h1\">PIMEIN\u00c4 VUODENAIKOINA V\u00c4SYTT\u00c4\u00c4: KAAMOSV\u00c4SYMYS JA SEN SYYT<\/h4>\n<div class=\"SectionHeader__Description Rte\">\n<p>Pimein\u00e4 vuodenaikoina moni pohjoisessa asuva k\u00e4rsii kaamosrasituksesta, jonka suurimpana laukaisijana on kirkkaan valon puute. Luonnollista auringonvaloa on tarjolla vain v\u00e4h\u00e4n aikaa p\u00e4ivisin ja sekin tulee usein vietetty\u00e4 sis\u00e4ll\u00e4, esimerkiksi t\u00f6iden merkeiss\u00e4.<\/p>\n<p>&#8211; Kaamosrasitus, tai toisin sanoin kaamosv\u00e4symys, on varsinaista kaamosmasennusta huomattavasti yleisemp\u00e4\u00e4. Siit\u00e4 k\u00e4rsii noin 27 % suomalaisista.<\/p>\n<p>&#8211; Ainoastaan 10 % suomalaisista kokee, ettei vuodenaikojen vaihtelulla ole mink\u00e4\u00e4nlaista vaikutusta heid\u00e4n vireystilaansa.<\/p>\n<p>Kaamosrasituksen tyypillisi\u00e4 vaikutuksia ovat toimintatarmon puute, v\u00e4symys p\u00e4iv\u00e4saikaan, sosiaalinen vet\u00e4ytyminen, \u00e4rsyyntyminen, surumielisyys, hiilihydraatti- tai sokeripitoisen ruoan himo, her\u00e4\u00e4misvaikeudet, liikaunisuus, voimattomuus sek\u00e4 painon nousu. Apua on mahdollista saada liikunnasta, terveellisest\u00e4 ruokavaliosta sek\u00e4 s\u00e4\u00e4nn\u00f6llisest\u00e4 kirkasvalon k\u00e4yt\u00f6st\u00e4.<\/p>\n<p>Tekniset tiedot<\/p>\n<div class=\"content faq-item__body rte\">\n<p><span class=\"metafield-multi_line_text_field\">K\u00e4ytt\u00f6et\u00e4isyys: 38 cm 2500 lx \/ 17 cm 10 000 lx<br \/>\nMitat: k. 80 mm, l. 300 mm, s. 40 mm<br \/>\nMateriaali: metalli, akryyli sek\u00e4 hihna kasviparkittua nahkaa, mattalakattu saarni<br \/>\nV\u00e4ri: valkoinen \/ tumman harmaa<br \/>\nKokonaisteho: 12 W LED<br \/>\nLampputyyppi: LED<br \/>\nIP luokitus: IP 20<br \/>\nValon l\u00e4hde sis: Kyll\u00e4<br \/>\nPaino: 1 kg<br \/>\nLiit\u00e4nt\u00e4laite: elektroninen<br \/>\nHimmennys: kyll\u00e4 (DIM to WARM)<br \/>\nKytkimen tiedot: potentiometri, himmennett\u00e4v\u00e4, v\u00e4likytkin<br \/>\nJohdon tiedot: 2.5 m, valkoinen johto<\/span><\/p>\n<\/div>\n<\/div>\n<\/div>\n","protected":false},"excerpt":{"rendered":"<div class=\"product-form__text\">\n<div class=\"metafield-rich_text_field\">\n<p>Innolux Valovoima on helposti ty\u00f6p\u00f6yd\u00e4lle sijoitettava kotimainen kirkasvalo. Se edustaa Harri Koskisen k\u00e4denj\u00e4lke\u00e4 parhaimmillaan. Innolux Valovoima on helposti suunnattavissa ja himmentimens\u00e4 ansiosta sit\u00e4 voi k\u00e4ytt\u00e4\u00e4 joko normaalina ty\u00f6valona tai kirkasvalona<\/p>\n<p>&nbsp;<\/p>\n<\/div>\n<\/div>\n<div class=\"product-form__option-selector\" data-selector-type=\"color\">\n<div class=\"product-form__option-info\"><span class=\"product-form__option-name\">V\u00e4ri:<\/span><span id=\"option-template--20538217333038__main--8580147872046-1-value\" class=\"product-form__option-value\">Valkoinen<\/span><\/div>\n<\/div>\n","protected":false},"featured_media":678,"comment_status":"open","ping_status":"closed","template":"","meta":{"_acf_changed":false,"_kad_post_transparent":"default","_kad_post_title":"","_kad_post_layout":"default","_kad_post_sidebar_id":"","_kad_post_content_style":"default","_kad_post_vertical_padding":"default","_kad_post_feature":"","_kad_post_feature_position":"","_kad_post_header":false,"_kad_post_footer":false,"_kad_post_classname":""},"product_brand":[],"product_cat":[22,35,34],"product_tag":[],"class_list":{"0":"post-289","1":"product","2":"type-product","3":"status-publish","4":"has-post-thumbnail","6":"product_cat-ergosafe","7":"product_cat-ergosafe-muut","8":"product_cat-etatyopisteet","10":"first","11":"instock","12":"virtual","13":"taxable","14":"purchasable","15":"product-type-simple","16":"entry","17":"content-bg","18":"loop-entry"},"acf":[],"_links":{"self":[{"href":"https:\/\/marketplace.epassi.fi\/ergonomiakauppa\/wp-json\/wp\/v2\/product\/289","targetHints":{"allow":["GET"]}}],"collection":[{"href":"https:\/\/marketplace.epassi.fi\/ergonomiakauppa\/wp-json\/wp\/v2\/product"}],"about":[{"href":"https:\/\/marketplace.epassi.fi\/ergonomiakauppa\/wp-json\/wp\/v2\/types\/product"}],"replies":[{"embeddable":true,"href":"https:\/\/marketplace.epassi.fi\/ergonomiakauppa\/wp-json\/wp\/v2\/comments?post=289"}],"wp:featuredmedia":[{"embeddable":true,"href":"https:\/\/marketplace.epassi.fi\/ergonomiakauppa\/wp-json\/wp\/v2\/media\/678"}],"wp:attachment":[{"href":"https:\/\/marketplace.epassi.fi\/ergonomiakauppa\/wp-json\/wp\/v2\/media?parent=289"}],"wp:term":[{"taxonomy":"product_brand","embeddable":true,"href":"https:\/\/marketplace.epassi.fi\/ergonomiakauppa\/wp-json\/wp\/v2\/product_brand?post=289"},{"taxonomy":"product_cat","embeddable":true,"href":"https:\/\/marketplace.epassi.fi\/ergonomiakauppa\/wp-json\/wp\/v2\/product_cat?post=289"},{"taxonomy":"product_tag","embeddable":true,"href":"https:\/\/marketplace.epassi.fi\/ergonomiakauppa\/wp-json\/wp\/v2\/product_tag?post=289"}],"curies":[{"name":"wp","href":"https:\/\/api.w.org\/{rel}","templated":true}]}}