{"id":290,"date":"2021-10-20T17:09:46","date_gmt":"2021-10-20T14:09:46","guid":{"rendered":"https:\/\/marketplace.epassi.fi\/ergonomiakauppa\/?post_type=product&#038;p=290"},"modified":"2025-12-08T22:31:53","modified_gmt":"2025-12-08T20:31:53","slug":"seisontamatto-gelup-pro","status":"publish","type":"product","link":"https:\/\/marketplace.epassi.fi\/ergonomiakauppa\/kauppa\/ergosafe\/ergosafe-muut\/seisontamatto-gelup-pro\/","title":{"rendered":"Seisontamatot"},"content":{"rendered":"<h3 data-start=\"0\" data-end=\"72\"><strong data-start=\"4\" data-end=\"70\">Seisontamatot ty\u00f6pisteelle \u2013 Mukavuutta ja tukea koko p\u00e4iv\u00e4ksi<\/strong><\/h3>\n<p data-start=\"74\" data-end=\"316\">V\u00e4henn\u00e4 jalkojen v\u00e4symist\u00e4 ja paranna ty\u00f6skentelymukavuutta tehokkailla <strong data-start=\"134\" data-end=\"154\">seisontamatoilla<\/strong>! Ergonomisesti muotoillut matot aktivoivat kehoa, v\u00e4hent\u00e4v\u00e4t painetta niveliss\u00e4 ja edist\u00e4v\u00e4t parempaa verenkiertoa, jotta jaksat seist\u00e4 pidemp\u00e4\u00e4n ilman rasitusta.<\/p>\n<div class=\"more_content\">\n<p data-start=\"318\" data-end=\"481\">\u2705 <strong data-start=\"320\" data-end=\"360\">V\u00e4hent\u00e4\u00e4 jalkojen ja sel\u00e4n rasitusta<\/strong><br data-start=\"360\" data-end=\"363\" \/>\u2705 <strong data-start=\"365\" data-end=\"413\">Kehoa aktivoiva vaikutus joka parantaa ty\u00f6skentelyasentoa<\/strong><br data-start=\"413\" data-end=\"416\" \/>\u2705 <strong data-start=\"418\" data-end=\"479\">Sopii t\u00e4ydellisesti seisomaty\u00f6pisteille ja kotitoimistoon<\/strong><\/p>\n<p data-start=\"483\" data-end=\"582\" data-is-last-node=\"\">Tee ty\u00f6p\u00e4iv\u00e4st\u00e4 mukavampi \u2013 valitse <strong data-start=\"519\" data-end=\"536\">seisontamatto<\/strong>, joka tukee hyvinvointiasi joka hetki!<\/p>\n<\/div>\n","protected":false},"excerpt":{"rendered":"<p>Seisontamatot ty\u00f6pisteelle \u2013 Mukavuutta ja tukea koko p\u00e4iv\u00e4ksi V\u00e4henn\u00e4 jalkojen v\u00e4symist\u00e4 ja paranna ty\u00f6skentelymukavuutta tehokkailla seisontamatoilla! Ergonomisesti muotoillut matot aktivoivat kehoa, v\u00e4hent\u00e4v\u00e4t painetta niveliss\u00e4 ja edist\u00e4v\u00e4t parempaa verenkiertoa, jotta jaksat seist\u00e4 pidemp\u00e4\u00e4n ilman rasitusta. \u2705 V\u00e4hent\u00e4\u00e4 jalkojen ja sel\u00e4n rasitusta\u2705 Kehoa aktivoiva vaikutus joka parantaa ty\u00f6skentelyasentoa\u2705 Sopii t\u00e4ydellisesti seisomaty\u00f6pisteille ja kotitoimistoon Tee ty\u00f6p\u00e4iv\u00e4st\u00e4 mukavampi \u2013&#8230;<\/p>\n","protected":false},"featured_media":744,"comment_status":"open","ping_status":"closed","template":"","meta":{"_acf_changed":false,"_kad_post_transparent":"default","_kad_post_title":"","_kad_post_layout":"default","_kad_post_sidebar_id":"","_kad_post_content_style":"default","_kad_post_vertical_padding":"default","_kad_post_feature":"","_kad_post_feature_position":"","_kad_post_header":false,"_kad_post_footer":false,"_kad_post_classname":""},"product_brand":[],"product_cat":[22,35,34],"product_tag":[],"class_list":{"0":"post-290","1":"product","2":"type-product","3":"status-publish","4":"has-post-thumbnail","6":"product_cat-ergosafe","7":"product_cat-ergosafe-muut","8":"product_cat-etatyopisteet","10":"first","11":"instock","12":"taxable","13":"shipping-taxable","14":"purchasable","15":"product-type-variable","16":"entry","17":"content-bg","18":"loop-entry"},"acf":[],"_links":{"self":[{"href":"https:\/\/marketplace.epassi.fi\/ergonomiakauppa\/wp-json\/wp\/v2\/product\/290","targetHints":{"allow":["GET"]}}],"collection":[{"href":"https:\/\/marketplace.epassi.fi\/ergonomiakauppa\/wp-json\/wp\/v2\/product"}],"about":[{"href":"https:\/\/marketplace.epassi.fi\/ergonomiakauppa\/wp-json\/wp\/v2\/types\/product"}],"replies":[{"embeddable":true,"href":"https:\/\/marketplace.epassi.fi\/ergonomiakauppa\/wp-json\/wp\/v2\/comments?post=290"}],"wp:featuredmedia":[{"embeddable":true,"href":"https:\/\/marketplace.epassi.fi\/ergonomiakauppa\/wp-json\/wp\/v2\/media\/744"}],"wp:attachment":[{"href":"https:\/\/marketplace.epassi.fi\/ergonomiakauppa\/wp-json\/wp\/v2\/media?parent=290"}],"wp:term":[{"taxonomy":"product_brand","embeddable":true,"href":"https:\/\/marketplace.epassi.fi\/ergonomiakauppa\/wp-json\/wp\/v2\/product_brand?post=290"},{"taxonomy":"product_cat","embeddable":true,"href":"https:\/\/marketplace.epassi.fi\/ergonomiakauppa\/wp-json\/wp\/v2\/product_cat?post=290"},{"taxonomy":"product_tag","embeddable":true,"href":"https:\/\/marketplace.epassi.fi\/ergonomiakauppa\/wp-json\/wp\/v2\/product_tag?post=290"}],"curies":[{"name":"wp","href":"https:\/\/api.w.org\/{rel}","templated":true}]}}